{"id":3775,"date":"2025-09-24T08:54:58","date_gmt":"2025-09-24T06:54:58","guid":{"rendered":"https:\/\/phytoiva.eu\/?post_type=product&#038;p=3775"},"modified":"2025-09-26T16:53:48","modified_gmt":"2025-09-26T14:53:48","slug":"curcuma-ashwagandha-soutien-de-lhumeur","status":"publish","type":"product","link":"https:\/\/phytoiva.eu\/fr\/produit\/curcuma-ashwagandha-soutien-de-lhumeur\/","title":{"rendered":"Curcuma &amp; Ashwagandha | Soutien de l'humeur"},"content":{"rendered":"<p data-start=\"228\" data-end=\"535\">Apportez de l'\u00e9quilibre \u00e0 votre mode de vie avec Phytoiva. <strong data-start=\"276\" data-end=\"320\"><span style=\"color: #0a3b27;\"><a style=\"color: #0a3b27;\" href=\"https:\/\/phytoiva.eu\/fr\/lepice-doree-10-avantages-etonnants-de-la-curcumine-de-curcuma-que-vous-devez-connaitre\/\"><u>Curcuma<\/u><\/a> <\/span>&amp; <span style=\"color: #0a3b27;\"><a style=\"color: #0a3b27;\" href=\"https:\/\/phytoiva.eu\/fr\/capsules-dashwagandha-pour-un-maximum-davantages\/\">Ashwagandha<\/a><\/span> Pack de soutien \u00e0 l'humeur<\/strong> - une association naturelle de deux plantes renomm\u00e9es, con\u00e7ues pour favoriser le calme, la concentration et le bien-\u00eatre g\u00e9n\u00e9ral. Qu'il s'agisse d'une journ\u00e9e charg\u00e9e ou d'un mode de vie actif, ce pack est con\u00e7u pour vous aider \u00e0 garder les pieds sur terre et \u00e0 faire preuve de r\u00e9silience.<\/p>\n<h5 data-start=\"537\" data-end=\"564\"><span style=\"color: #0a3b27;\"><strong data-start=\"541\" data-end=\"562\">Capsules de curcuma<\/strong><\/span><\/h5>\n<ul data-start=\"565\" data-end=\"777\">\n<li data-start=\"565\" data-end=\"604\">\n<p data-start=\"567\" data-end=\"604\">500 mg d'extrait de curcuma par g\u00e9lule<\/p>\n<\/li>\n<li data-start=\"605\" data-end=\"667\">\n<p data-start=\"607\" data-end=\"667\">Traditionnellement appr\u00e9ci\u00e9 pour ses propri\u00e9t\u00e9s de soutien naturel<\/p>\n<\/li>\n<li data-start=\"668\" data-end=\"700\">\n<p data-start=\"670\" data-end=\"700\">60 g\u00e9lules v\u00e9g\u00e9taliennes par bouteille<\/p>\n<\/li>\n<li data-start=\"701\" data-end=\"736\">\n<p data-start=\"703\" data-end=\"736\">Sans OGM et sans additifs<\/p>\n<\/li>\n<li data-start=\"737\" data-end=\"777\">\n<p data-start=\"739\" data-end=\"777\">Produit dans des installations certifi\u00e9es GMP<\/p>\n<\/li>\n<\/ul>\n<h5 data-start=\"854\" data-end=\"884\"><span style=\"color: #0a3b27;\"><strong data-start=\"858\" data-end=\"882\">Capsules d'Ashwagandha<\/strong><\/span><\/h5>\n<ul data-start=\"885\" data-end=\"1106\">\n<li data-start=\"885\" data-end=\"927\">\n<p data-start=\"887\" data-end=\"927\">500 mg d'extrait d'ashwagandha par g\u00e9lule<\/p>\n<\/li>\n<li data-start=\"928\" data-end=\"1001\">\n<p data-start=\"930\" data-end=\"1001\">Plante adaptog\u00e8ne traditionnellement utilis\u00e9e pour favoriser l'\u00e9quilibre et la relaxation<\/p>\n<\/li>\n<li data-start=\"1002\" data-end=\"1034\">\n<p data-start=\"1004\" data-end=\"1034\">60 g\u00e9lules v\u00e9g\u00e9taliennes par bouteille<\/p>\n<\/li>\n<li data-start=\"1035\" data-end=\"1073\">\n<p data-start=\"1037\" data-end=\"1073\">100% \u00e0 base de plantes et sans additifs<\/p>\n<\/li>\n<li data-start=\"1074\" data-end=\"1106\">\n<p data-start=\"1076\" data-end=\"1106\">Fabriqu\u00e9 dans des installations certifi\u00e9es<\/p>\n<\/li>\n<\/ul>\n<h5 data-start=\"1191\" data-end=\"1234\"><span style=\"color: #0a3b27;\"><strong data-start=\"1195\" data-end=\"1232\">Pourquoi choisir le Mood Support Pack ?<\/strong><\/span><\/h5>\n<ul data-start=\"1235\" data-end=\"1445\">\n<li data-start=\"1235\" data-end=\"1303\">\n<p data-start=\"1237\" data-end=\"1303\">Combine deux produits essentiels \u00e0 base de plantes pour <strong data-start=\"1277\" data-end=\"1301\">\u00e9quilibre et r\u00e9silience<\/strong><\/p>\n<\/li>\n<li data-start=\"1304\" data-end=\"1370\">\n<p data-start=\"1306\" data-end=\"1370\">Aide \u00e0 soutenir <strong data-start=\"1320\" data-end=\"1358\">le calme, la concentration et la gestion du stress<\/strong> naturellement<\/p>\n<\/li>\n<li data-start=\"1371\" data-end=\"1407\">\n<p data-start=\"1373\" data-end=\"1407\">Vegan, propre et test\u00e9 en termes de qualit\u00e9<\/p>\n<\/li>\n<li data-start=\"1408\" data-end=\"1445\">\n<p data-start=\"1410\" data-end=\"1445\">Id\u00e9al pour les routines quotidiennes de bien-\u00eatre<\/p>\n<\/li>\n<\/ul>\n<h5 data-start=\"1447\" data-end=\"1467\"><span style=\"color: #0a3b27;\"><strong data-start=\"1451\" data-end=\"1465\">Comment l'utiliser<\/strong><\/span><\/h5>\n<ul data-start=\"1468\" data-end=\"1662\">\n<li data-start=\"1468\" data-end=\"1532\">\n<p data-start=\"1470\" data-end=\"1532\">Prendre <strong data-start=\"1475\" data-end=\"1503\">1 g\u00e9lule de curcuma par jour<\/strong> avec un grand verre d'eau<\/p>\n<\/li>\n<li data-start=\"1533\" data-end=\"1600\">\n<p data-start=\"1535\" data-end=\"1600\">Prendre <strong data-start=\"1540\" data-end=\"1571\">1 capsule d'Ashwagandha par jour<\/strong> avec un grand verre d'eau<\/p>\n<\/li>\n<li data-start=\"1601\" data-end=\"1662\">\n<p data-start=\"1603\" data-end=\"1662\">Pour des r\u00e9sultats constants, utilisez-le dans le cadre de votre routine quotidienne.<\/p>\n<\/li>\n<\/ul>\n<p>Avec Phytoiva <strong data-start=\"1688\" data-end=\"1732\">Paquet de soutien de l'humeur au curcuma et \u00e0 l'ashwagandha<\/strong>Gr\u00e2ce \u00e0 l'association de la vitamine C et de la vitamine E, vous b\u00e9n\u00e9ficiez d'un soutien naturel \u00e0 base de plantes pour maintenir l'\u00e9quilibre et le bien-\u00eatre au quotidien.<\/p>\n\n    <div class=\"xs_social_share_widget xs_share_url after_content \t\tmain_content  wslu-style-1 wslu-share-box-shaped wslu-fill-colored wslu-none wslu-share-horizontal wslu-theme-font-no wslu-main_content\">\n\n\t\t\n        <ul>\n\t\t\t        <\/ul>\n    <\/div>","protected":false},"excerpt":{"rendered":"<p><strong data-start=\"276\" data-end=\"320\">Paquet de soutien de l'humeur au curcuma et \u00e0 l'ashwagandha<\/strong> - une association naturelle de deux plantes renomm\u00e9es, con\u00e7ues pour favoriser le calme, la concentration et le bien-\u00eatre g\u00e9n\u00e9ral. Qu'il s'agisse d'une journ\u00e9e charg\u00e9e ou d'un mode de vie actif, ce pack est con\u00e7u pour vous aider \u00e0 garder les pieds sur terre et \u00e0 faire preuve de r\u00e9silience.<\/p>\n<ul>\n<li data-start=\"1948\" data-end=\"2000\">\n<p data-start=\"1950\" data-end=\"2000\">500 mg de curcuma et 500 mg d'ashwagandha par g\u00e9lule<\/p>\n<\/li>\n<li data-start=\"2001\" data-end=\"2041\">\n<p data-start=\"2003\" data-end=\"2041\">Favorise le calme, la concentration et l'\u00e9quilibre quotidien<\/p>\n<\/li>\n<li data-start=\"2042\" data-end=\"2079\">\n<p data-start=\"2044\" data-end=\"2079\">60 g\u00e9lules v\u00e9g\u00e9taliennes par flacon<\/p>\n<\/li>\n<li data-start=\"2080\" data-end=\"2123\">\n<p data-start=\"2082\" data-end=\"2123\">100% \u00e0 base de plantes, propre et sans additifs<\/p>\n<\/li>\n<\/ul>","protected":false},"featured_media":3777,"comment_status":"open","ping_status":"closed","template":"","meta":{"_acf_changed":false,"postBodyCss":"","postBodyMargin":[],"postBodyPadding":[],"postBodyBackground":{"backgroundType":"classic","gradient":""}},"product_brand":[29],"product_cat":[24],"product_tag":[30,28,31],"class_list":{"0":"post-3775","1":"product","2":"type-product","3":"status-publish","4":"has-post-thumbnail","6":"product_brand-phytoiva","7":"product_cat-natural-energy","8":"product_tag-bestsellers","9":"product_tag-gummies","10":"product_tag-stress","12":"first","13":"instock","14":"sale","15":"taxable","16":"shipping-taxable","17":"purchasable","18":"product-type-simple"},"acf":[],"yoast_head":"<!-- This site is optimized with the Yoast SEO Premium plugin v25.4 (Yoast SEO v27.3) - https:\/\/yoast.com\/product\/yoast-seo-premium-wordpress\/ -->\n<title>Turmeric &amp; Ashwagandha | Mood Support | Phytoiva<\/title>\n<meta name=\"description\" content=\"With Phytoiva\u2019s Turmeric &amp; Ashwagandha Mood Support Pack, you get natural, plant-based support for maintaining balance and well-being every day.\" \/>\n<meta name=\"robots\" content=\"index, follow, max-snippet:-1, max-image-preview:large, max-video-preview:-1\" \/>\n<link rel=\"canonical\" href=\"https:\/\/phytoiva.eu\/fr\/produit\/curcuma-ashwagandha-soutien-de-lhumeur\/\" \/>\n<meta property=\"og:locale\" content=\"fr_FR\" \/>\n<meta property=\"og:type\" content=\"article\" \/>\n<meta property=\"og:title\" content=\"Turmeric &amp; Ashwagandha | Mood Support\" \/>\n<meta property=\"og:description\" content=\"With Phytoiva\u2019s Turmeric &amp; Ashwagandha Mood Support Pack, you get natural, plant-based support for maintaining balance and well-being every day.\" \/>\n<meta property=\"og:url\" content=\"https:\/\/phytoiva.eu\/fr\/produit\/curcuma-ashwagandha-soutien-de-lhumeur\/\" \/>\n<meta property=\"og:site_name\" content=\"Phytoiva\" \/>\n<meta property=\"article:modified_time\" content=\"2025-09-26T14:53:48+00:00\" \/>\n<meta property=\"og:image\" content=\"https:\/\/phytoiva.eu\/wp-content\/uploads\/2025\/09\/Turmeric-Ashwagandha.png\" \/>\n\t<meta property=\"og:image:width\" content=\"1000\" \/>\n\t<meta property=\"og:image:height\" content=\"1000\" \/>\n\t<meta property=\"og:image:type\" content=\"image\/png\" \/>\n<meta name=\"twitter:card\" content=\"summary_large_image\" \/>\n<meta name=\"twitter:label1\" content=\"Est. reading time\" \/>\n\t<meta name=\"twitter:data1\" content=\"2 minutes\" \/>\n<script type=\"application\/ld+json\" class=\"yoast-schema-graph\">{\"@context\":\"https:\\\/\\\/schema.org\",\"@graph\":[{\"@type\":\"WebPage\",\"@id\":\"https:\\\/\\\/phytoiva.eu\\\/product\\\/turmeric-ashwagandha-mood-support\\\/\",\"url\":\"https:\\\/\\\/phytoiva.eu\\\/product\\\/turmeric-ashwagandha-mood-support\\\/\",\"name\":\"Turmeric & Ashwagandha | Mood Support | Phytoiva\",\"isPartOf\":{\"@id\":\"https:\\\/\\\/phytoiva.eu\\\/#website\"},\"primaryImageOfPage\":{\"@id\":\"https:\\\/\\\/phytoiva.eu\\\/product\\\/turmeric-ashwagandha-mood-support\\\/#primaryimage\"},\"image\":{\"@id\":\"https:\\\/\\\/phytoiva.eu\\\/product\\\/turmeric-ashwagandha-mood-support\\\/#primaryimage\"},\"thumbnailUrl\":\"https:\\\/\\\/phytoiva.eu\\\/wp-content\\\/uploads\\\/2025\\\/09\\\/Turmeric-Ashwagandha.png\",\"datePublished\":\"2025-09-24T06:54:58+00:00\",\"dateModified\":\"2025-09-26T14:53:48+00:00\",\"description\":\"With Phytoiva\u2019s Turmeric & Ashwagandha Mood Support Pack, you get natural, plant-based support for maintaining balance and well-being every day.\",\"breadcrumb\":{\"@id\":\"https:\\\/\\\/phytoiva.eu\\\/product\\\/turmeric-ashwagandha-mood-support\\\/#breadcrumb\"},\"inLanguage\":\"fr-FR\",\"potentialAction\":[{\"@type\":\"ReadAction\",\"target\":[\"https:\\\/\\\/phytoiva.eu\\\/product\\\/turmeric-ashwagandha-mood-support\\\/\"]}]},{\"@type\":\"ImageObject\",\"inLanguage\":\"fr-FR\",\"@id\":\"https:\\\/\\\/phytoiva.eu\\\/product\\\/turmeric-ashwagandha-mood-support\\\/#primaryimage\",\"url\":\"https:\\\/\\\/phytoiva.eu\\\/wp-content\\\/uploads\\\/2025\\\/09\\\/Turmeric-Ashwagandha.png\",\"contentUrl\":\"https:\\\/\\\/phytoiva.eu\\\/wp-content\\\/uploads\\\/2025\\\/09\\\/Turmeric-Ashwagandha.png\",\"width\":1000,\"height\":1000,\"caption\":\"Turmeric & Ashwagandha\"},{\"@type\":\"BreadcrumbList\",\"@id\":\"https:\\\/\\\/phytoiva.eu\\\/product\\\/turmeric-ashwagandha-mood-support\\\/#breadcrumb\",\"itemListElement\":[{\"@type\":\"ListItem\",\"position\":1,\"name\":\"Home\",\"item\":\"https:\\\/\\\/phytoiva.eu\\\/\"},{\"@type\":\"ListItem\",\"position\":2,\"name\":\"Shop\",\"item\":\"https:\\\/\\\/phytoiva.eu\\\/shop\\\/\"},{\"@type\":\"ListItem\",\"position\":3,\"name\":\"Turmeric &#038; Ashwagandha | Mood Support\"}]},{\"@type\":\"WebSite\",\"@id\":\"https:\\\/\\\/phytoiva.eu\\\/#website\",\"url\":\"https:\\\/\\\/phytoiva.eu\\\/\",\"name\":\"phytoiva\",\"description\":\"Plant Based | Vegan | Natural\",\"publisher\":{\"@id\":\"https:\\\/\\\/phytoiva.eu\\\/#organization\"},\"potentialAction\":[{\"@type\":\"SearchAction\",\"target\":{\"@type\":\"EntryPoint\",\"urlTemplate\":\"https:\\\/\\\/phytoiva.eu\\\/?s={search_term_string}\"},\"query-input\":{\"@type\":\"PropertyValueSpecification\",\"valueRequired\":true,\"valueName\":\"search_term_string\"}}],\"inLanguage\":\"fr-FR\"},{\"@type\":\"Organization\",\"@id\":\"https:\\\/\\\/phytoiva.eu\\\/#organization\",\"name\":\"phytoiva\",\"alternateName\":\"Vegan, Natural Wellness\",\"url\":\"https:\\\/\\\/phytoiva.eu\\\/\",\"logo\":{\"@type\":\"ImageObject\",\"inLanguage\":\"fr-FR\",\"@id\":\"https:\\\/\\\/phytoiva.eu\\\/#\\\/schema\\\/logo\\\/image\\\/\",\"url\":\"https:\\\/\\\/phytoiva.eu\\\/wp-content\\\/uploads\\\/2025\\\/06\\\/cropped-Phytoiva-Icon.jpg\",\"contentUrl\":\"https:\\\/\\\/phytoiva.eu\\\/wp-content\\\/uploads\\\/2025\\\/06\\\/cropped-Phytoiva-Icon.jpg\",\"width\":512,\"height\":512,\"caption\":\"phytoiva\"},\"image\":{\"@id\":\"https:\\\/\\\/phytoiva.eu\\\/#\\\/schema\\\/logo\\\/image\\\/\"},\"description\":\"Enjoyable taste, high bioavailablilty, effective, vegan & natural, this is how our supplements help you changing your life.\"}]}<\/script>\n<!-- \/ Yoast SEO Premium plugin. -->","yoast_head_json":{"title":"Curcuma et Ashwagandha | Soutien de l'humeur | Phytoiva","description":"Avec le pack de soutien de l'humeur Curcuma &amp; Ashwagandha de Phytoiva, vous b\u00e9n\u00e9ficiez d'un soutien naturel \u00e0 base de plantes pour maintenir l'\u00e9quilibre et le bien-\u00eatre au quotidien.","robots":{"index":"index","follow":"follow","max-snippet":"max-snippet:-1","max-image-preview":"max-image-preview:large","max-video-preview":"max-video-preview:-1"},"canonical":"https:\/\/phytoiva.eu\/fr\/produit\/curcuma-ashwagandha-soutien-de-lhumeur\/","og_locale":"fr_FR","og_type":"article","og_title":"Turmeric & Ashwagandha | Mood Support","og_description":"With Phytoiva\u2019s Turmeric & Ashwagandha Mood Support Pack, you get natural, plant-based support for maintaining balance and well-being every day.","og_url":"https:\/\/phytoiva.eu\/fr\/produit\/curcuma-ashwagandha-soutien-de-lhumeur\/","og_site_name":"Phytoiva","article_modified_time":"2025-09-26T14:53:48+00:00","og_image":[{"width":1000,"height":1000,"url":"https:\/\/phytoiva.eu\/wp-content\/uploads\/2025\/09\/Turmeric-Ashwagandha.png","type":"image\/png"}],"twitter_card":"summary_large_image","twitter_misc":{"Est. reading time":"2 minutes"},"schema":{"@context":"https:\/\/schema.org","@graph":[{"@type":"WebPage","@id":"https:\/\/phytoiva.eu\/product\/turmeric-ashwagandha-mood-support\/","url":"https:\/\/phytoiva.eu\/product\/turmeric-ashwagandha-mood-support\/","name":"Curcuma et Ashwagandha | Soutien de l'humeur | Phytoiva","isPartOf":{"@id":"https:\/\/phytoiva.eu\/#website"},"primaryImageOfPage":{"@id":"https:\/\/phytoiva.eu\/product\/turmeric-ashwagandha-mood-support\/#primaryimage"},"image":{"@id":"https:\/\/phytoiva.eu\/product\/turmeric-ashwagandha-mood-support\/#primaryimage"},"thumbnailUrl":"https:\/\/phytoiva.eu\/wp-content\/uploads\/2025\/09\/Turmeric-Ashwagandha.png","datePublished":"2025-09-24T06:54:58+00:00","dateModified":"2025-09-26T14:53:48+00:00","description":"Avec le pack de soutien de l'humeur Curcuma &amp; Ashwagandha de Phytoiva, vous b\u00e9n\u00e9ficiez d'un soutien naturel \u00e0 base de plantes pour maintenir l'\u00e9quilibre et le bien-\u00eatre au quotidien.","breadcrumb":{"@id":"https:\/\/phytoiva.eu\/product\/turmeric-ashwagandha-mood-support\/#breadcrumb"},"inLanguage":"fr-FR","potentialAction":[{"@type":"ReadAction","target":["https:\/\/phytoiva.eu\/product\/turmeric-ashwagandha-mood-support\/"]}]},{"@type":"ImageObject","inLanguage":"fr-FR","@id":"https:\/\/phytoiva.eu\/product\/turmeric-ashwagandha-mood-support\/#primaryimage","url":"https:\/\/phytoiva.eu\/wp-content\/uploads\/2025\/09\/Turmeric-Ashwagandha.png","contentUrl":"https:\/\/phytoiva.eu\/wp-content\/uploads\/2025\/09\/Turmeric-Ashwagandha.png","width":1000,"height":1000,"caption":"Turmeric & Ashwagandha"},{"@type":"BreadcrumbList","@id":"https:\/\/phytoiva.eu\/product\/turmeric-ashwagandha-mood-support\/#breadcrumb","itemListElement":[{"@type":"ListItem","position":1,"name":"Home","item":"https:\/\/phytoiva.eu\/"},{"@type":"ListItem","position":2,"name":"Shop","item":"https:\/\/phytoiva.eu\/shop\/"},{"@type":"ListItem","position":3,"name":"Turmeric &#038; Ashwagandha | Mood Support"}]},{"@type":"WebSite","@id":"https:\/\/phytoiva.eu\/#website","url":"https:\/\/phytoiva.eu\/","name":"phytoiva","description":"v\u00e9g\u00e9tal | v\u00e9g\u00e9talien | naturel","publisher":{"@id":"https:\/\/phytoiva.eu\/#organization"},"potentialAction":[{"@type":"SearchAction","target":{"@type":"EntryPoint","urlTemplate":"https:\/\/phytoiva.eu\/?s={search_term_string}"},"query-input":{"@type":"PropertyValueSpecification","valueRequired":true,"valueName":"search_term_string"}}],"inLanguage":"fr-FR"},{"@type":"Organization","@id":"https:\/\/phytoiva.eu\/#organization","name":"phytoiva","alternateName":"Vegan, Natural Wellness","url":"https:\/\/phytoiva.eu\/","logo":{"@type":"ImageObject","inLanguage":"fr-FR","@id":"https:\/\/phytoiva.eu\/#\/schema\/logo\/image\/","url":"https:\/\/phytoiva.eu\/wp-content\/uploads\/2025\/06\/cropped-Phytoiva-Icon.jpg","contentUrl":"https:\/\/phytoiva.eu\/wp-content\/uploads\/2025\/06\/cropped-Phytoiva-Icon.jpg","width":512,"height":512,"caption":"phytoiva"},"image":{"@id":"https:\/\/phytoiva.eu\/#\/schema\/logo\/image\/"},"description":"Go\u00fbt agr\u00e9able, haute biodisponibilit\u00e9, efficace, v\u00e9g\u00e9talien et naturel, voil\u00e0 comment nos suppl\u00e9ments vous aident \u00e0 changer votre vie."}]}},"_links":{"self":[{"href":"https:\/\/phytoiva.eu\/fr\/wp-json\/wp\/v2\/product\/3775","targetHints":{"allow":["GET"]}}],"collection":[{"href":"https:\/\/phytoiva.eu\/fr\/wp-json\/wp\/v2\/product"}],"about":[{"href":"https:\/\/phytoiva.eu\/fr\/wp-json\/wp\/v2\/types\/product"}],"replies":[{"embeddable":true,"href":"https:\/\/phytoiva.eu\/fr\/wp-json\/wp\/v2\/comments?post=3775"}],"version-history":[{"count":3,"href":"https:\/\/phytoiva.eu\/fr\/wp-json\/wp\/v2\/product\/3775\/revisions"}],"predecessor-version":[{"id":3810,"href":"https:\/\/phytoiva.eu\/fr\/wp-json\/wp\/v2\/product\/3775\/revisions\/3810"}],"wp:featuredmedia":[{"embeddable":true,"href":"https:\/\/phytoiva.eu\/fr\/wp-json\/wp\/v2\/media\/3777"}],"wp:attachment":[{"href":"https:\/\/phytoiva.eu\/fr\/wp-json\/wp\/v2\/media?parent=3775"}],"wp:term":[{"taxonomy":"product_brand","embeddable":true,"href":"https:\/\/phytoiva.eu\/fr\/wp-json\/wp\/v2\/product_brand?post=3775"},{"taxonomy":"product_cat","embeddable":true,"href":"https:\/\/phytoiva.eu\/fr\/wp-json\/wp\/v2\/product_cat?post=3775"},{"taxonomy":"product_tag","embeddable":true,"href":"https:\/\/phytoiva.eu\/fr\/wp-json\/wp\/v2\/product_tag?post=3775"}],"curies":[{"name":"wp","href":"https:\/\/api.w.org\/{rel}","templated":true}]}}