{"id":3766,"date":"2025-09-24T07:44:34","date_gmt":"2025-09-24T05:44:34","guid":{"rendered":"https:\/\/phytoiva.eu\/?post_type=product&#038;p=3766"},"modified":"2025-09-26T16:54:08","modified_gmt":"2025-09-26T14:54:08","slug":"maca-shilajit-performance-recuperation","status":"publish","type":"product","link":"https:\/\/phytoiva.eu\/fr\/produit\/maca-shilajit-performance-recuperation\/","title":{"rendered":"Maca &amp; Shilajit | Performance &amp; R\u00e9cup\u00e9ration"},"content":{"rendered":"<h3 data-start=\"248\" data-end=\"297\"><span style=\"color: #0a3b27;\"><strong data-start=\"251\" data-end=\"295\">Maca &amp; Shilajit (Performance &amp; R\u00e9cup\u00e9ration)<\/strong><\/span><\/h3>\n<p data-start=\"299\" data-end=\"585\">Lib\u00e9rez le pouvoir de la nature avec Phytoiva. <strong data-start=\"342\" data-end=\"389\">Pack Performance et R\u00e9cup\u00e9ration Maca &amp; Shilajit<\/strong>Une combinaison de premi\u00e8re qualit\u00e9 con\u00e7ue pour soutenir l'endurance, l'\u00e9quilibre et la vitalit\u00e9 g\u00e9n\u00e9rale. Con\u00e7u pour les modes de vie actifs, ce duo \u00e0 base de plantes apporte un soutien propre et naturel \u00e0 votre corps et \u00e0 votre esprit.<\/p>\n<h5 data-start=\"587\" data-end=\"610\"><span style=\"color: #0a3b27;\">Le pouvoir de la Maca<\/span><\/h5>\n<p data-start=\"611\" data-end=\"984\"><span style=\"color: #0a3b27;\"><a style=\"color: #0a3b27;\" href=\"https:\/\/phytoiva.eu\/fr\/la-maca-devoile-lancien-secret-de-la-nature-pour-la-vitalite-lenergie-et-le-bien-etre\/\"><u>Racine de maca<\/u><\/a><\/span>La Maca, \u00e9galement connue sous le nom de ginseng p\u00e9ruvien, est traditionnellement utilis\u00e9e depuis des si\u00e8cles pour aider \u00e0 maintenir l'endurance et la vitalit\u00e9. Chaque g\u00e9lule contient de l'extrait de Maca BIO de haute qualit\u00e9, standardis\u00e9 pour la coh\u00e9rence et la puret\u00e9. Avec 30 000 mg par bouteille (500 mg par g\u00e9lule), la Maca de Phytoiva est un moyen pratique d'ajouter cette plante ancestrale \u00e0 votre routine quotidienne.<\/p>\n<ul data-start=\"986\" data-end=\"1322\">\n<li data-start=\"986\" data-end=\"1045\">\n<p data-start=\"988\" data-end=\"1045\">30 000 mg de racine de Maca BIO par bouteille (500 mg par g\u00e9lule)<\/p>\n<\/li>\n<li data-start=\"1046\" data-end=\"1085\">\n<p data-start=\"1048\" data-end=\"1085\">Favorise l'\u00e9nergie et l'\u00e9quilibre naturels<\/p>\n<\/li>\n<li data-start=\"1086\" data-end=\"1118\">\n<p data-start=\"1088\" data-end=\"1118\">60 g\u00e9lules v\u00e9g\u00e9taliennes par bouteille<\/p>\n<\/li>\n<li data-start=\"1119\" data-end=\"1176\">\n<p data-start=\"1121\" data-end=\"1176\">Sans OGM et sans ar\u00f4mes artificiels ni produits chimiques<\/p>\n<\/li>\n<li data-start=\"1177\" data-end=\"1217\">\n<p data-start=\"1179\" data-end=\"1217\">Produit dans des installations conformes aux BPF<\/p>\n<\/li>\n<li data-start=\"1218\" data-end=\"1322\">\n<p data-start=\"1220\" data-end=\"1322\"><strong data-start=\"1220\" data-end=\"1236\">Ingr\u00e9dients :<\/strong> Extrait de racine de maca\/cresson p\u00e9ruvien (Lepidium meyenii) 10:1, g\u00e9lule v\u00e9g\u00e9talienne (HPMC)<\/p>\n<\/li>\n<\/ul>\n<h5 data-start=\"1324\" data-end=\"1354\"><span style=\"color: #0a3b27;\">La force du Shilajit<\/span><\/h5>\n<p data-start=\"1355\" data-end=\"1698\"><span style=\"color: #0a3b27;\"><a style=\"color: #0a3b27;\" href=\"https:\/\/phytoiva.eu\/fr\/le-guide-ultime-des-gelules-de-shilajit-pour-une-meilleure-sante-et-un-meilleur-bien-etre\/\"><u>Shilajit<\/u><\/a> <\/span>Le Shilajit est une r\u00e9sine naturelle riche en min\u00e9raux, ch\u00e9rie par la tradition ayurv\u00e9dique pour ses propri\u00e9t\u00e9s \u00e9nergisantes et rajeunissantes. Les g\u00e9lules de Phytoiva contiennent 500 mg d'extrait de Shilajit purifi\u00e9 par portion, con\u00e7u pour la qualit\u00e9 et l'authenticit\u00e9. Cet ancien superaliment est soigneusement trait\u00e9 dans des installations certifi\u00e9es HACCP pour garantir sa puret\u00e9 et sa s\u00e9curit\u00e9.<\/p>\n<ul data-start=\"1700\" data-end=\"1979\">\n<li data-start=\"1700\" data-end=\"1748\">\n<p data-start=\"1702\" data-end=\"1748\">500 mg d'extrait purifi\u00e9 de Shilajit par g\u00e9lule<\/p>\n<\/li>\n<li data-start=\"1749\" data-end=\"1805\">\n<p data-start=\"1751\" data-end=\"1805\">Traditionnellement appr\u00e9ci\u00e9e pour ses vertus \u00e9nerg\u00e9tiques et son soutien \u00e0 la r\u00e9cup\u00e9ration<\/p>\n<\/li>\n<li data-start=\"1806\" data-end=\"1838\">\n<p data-start=\"1808\" data-end=\"1838\">60 g\u00e9lules v\u00e9g\u00e9taliennes par bouteille<\/p>\n<\/li>\n<li data-start=\"1839\" data-end=\"1872\">\n<p data-start=\"1841\" data-end=\"1872\">A base de plantes et sans additifs<\/p>\n<\/li>\n<li data-start=\"1873\" data-end=\"1911\">\n<p data-start=\"1875\" data-end=\"1911\">Fabriqu\u00e9 dans des installations certifi\u00e9es HACCP<\/p>\n<\/li>\n<li data-start=\"1912\" data-end=\"1979\">\n<p data-start=\"1914\" data-end=\"1979\"><strong data-start=\"1914\" data-end=\"1930\">Ingr\u00e9dients :<\/strong> Extrait de Shilajit (Mumio), g\u00e9lule v\u00e9g\u00e9talienne (HPMC)<\/p>\n<\/li>\n<\/ul>\n<h5 data-start=\"1981\" data-end=\"2030\"><span style=\"color: #0a3b27;\">Pourquoi choisir le Performance &amp; Recovery Pack ?<\/span><\/h5>\n<ul data-start=\"2031\" data-end=\"2371\">\n<li data-start=\"2031\" data-end=\"2116\">\n<p data-start=\"2033\" data-end=\"2116\">Combine les bienfaits naturels de <strong data-start=\"2066\" data-end=\"2074\">Maca<\/strong> et <strong data-start=\"2079\" data-end=\"2091\">Shilajit<\/strong> dans un emballage pratique<\/p>\n<\/li>\n<li data-start=\"2117\" data-end=\"2185\">\n<p data-start=\"2119\" data-end=\"2185\">Con\u00e7ue pour soutenir <strong data-start=\"2139\" data-end=\"2183\">la performance quotidienne, l'endurance et la r\u00e9cup\u00e9ration<\/strong><\/p>\n<\/li>\n<li data-start=\"2186\" data-end=\"2254\">\n<p data-start=\"2188\" data-end=\"2254\">Un choix propre, \u00e0 base de plantes, pour maintenir l'\u00e9quilibre et la vitalit\u00e9<\/p>\n<\/li>\n<li data-start=\"2255\" data-end=\"2324\">\n<p data-start=\"2257\" data-end=\"2324\">Exempt d'additifs artificiels, de caf\u00e9ine et de produits chimiques synth\u00e9tiques<\/p>\n<\/li>\n<li data-start=\"2325\" data-end=\"2371\">\n<p data-start=\"2327\" data-end=\"2371\">Qualit\u00e9, puret\u00e9 et s\u00e9curit\u00e9 test\u00e9es en laboratoire<\/p>\n<\/li>\n<\/ul>\n<h5 data-start=\"2373\" data-end=\"2389\"><span style=\"color: #0a3b27;\">Comment l'utiliser<\/span><\/h5>\n<ul data-start=\"2390\" data-end=\"2642\">\n<li data-start=\"2390\" data-end=\"2450\">\n<p data-start=\"2392\" data-end=\"2450\">Prendre <strong data-start=\"2397\" data-end=\"2421\">1 capsule de Maca par jour<\/strong> avec un grand verre d'eau<\/p>\n<\/li>\n<li data-start=\"2451\" data-end=\"2515\">\n<p data-start=\"2453\" data-end=\"2515\">Prendre <strong data-start=\"2458\" data-end=\"2486\">1 capsule de Shilajit par jour<\/strong> avec un grand verre d'eau<\/p>\n<\/li>\n<li data-start=\"2516\" data-end=\"2642\">\n<p data-start=\"2518\" data-end=\"2642\">Les enveloppes des g\u00e9lules sont fabriqu\u00e9es \u00e0 partir de <strong data-start=\"2547\" data-end=\"2601\">cellulose d'origine v\u00e9g\u00e9tale provenant de conif\u00e8res fran\u00e7ais<\/strong>et sont exempts de carragh\u00e9nane et de PEG<\/p>\n<\/li>\n<\/ul>\n\n    <div class=\"xs_social_share_widget xs_share_url after_content \t\tmain_content  wslu-style-1 wslu-share-box-shaped wslu-fill-colored wslu-none wslu-share-horizontal wslu-theme-font-no wslu-main_content\">\n\n\t\t\n        <ul>\n\t\t\t        <\/ul>\n    <\/div>","protected":false},"excerpt":{"rendered":"<p>D\u00e9couvrez le site de Phytoiva <strong data-start=\"303\" data-end=\"350\">Pack Performance et R\u00e9cup\u00e9ration Maca &amp; Shilajit<\/strong> - un duo naturel con\u00e7u pour soutenir l'endurance, l'\u00e9nergie et l'\u00e9quilibre quotidien. Avec le pouvoir adaptog\u00e8ne du <strong data-start=\"453\" data-end=\"466\">Racine de maca<\/strong> et la force ancienne de <strong data-start=\"495\" data-end=\"507\">Shilajit<\/strong>Ce pack propre et \u00e0 base de plantes est parfait pour les modes de vie actifs et le bien-\u00eatre au quotidien.<\/p>\n<h5><span style=\"color: #0a3b27;\">Capsules de Maca<\/span><\/h5>\n<ul>\n<li aria-level=\"1\">30 000 mg de racine de maca BIO par bouteille (500 mg par capsule)<\/li>\n<\/ul>\n<ul>\n<li aria-level=\"1\">Favorise l'\u00e9nergie et l'\u00e9quilibre naturels<\/li>\n<\/ul>\n<ul>\n<li aria-level=\"1\">60 g\u00e9lules v\u00e9g\u00e9taliennes par bouteille<\/li>\n<\/ul>\n<ul>\n<li aria-level=\"1\">Sans OGM, sans ar\u00f4mes artificiels ni produits chimiques<\/li>\n<\/ul>\n<ul>\n<li aria-level=\"1\">Produit dans des conditions conformes aux BPF<\/li>\n<\/ul>\n<h5><span style=\"color: #0a3b27;\">Capsules de Shilajit<\/span><\/h5>\n<ul>\n<li data-start=\"982\" data-end=\"1029\">\n<p data-start=\"984\" data-end=\"1029\">500mg d'extrait purifi\u00e9 de Shilajit par g\u00e9lule<\/p>\n<\/li>\n<li data-start=\"1030\" data-end=\"1086\">\n<p data-start=\"1032\" data-end=\"1086\">Traditionnellement appr\u00e9ci\u00e9e pour ses vertus \u00e9nerg\u00e9tiques et son soutien \u00e0 la r\u00e9cup\u00e9ration<\/p>\n<\/li>\n<li data-start=\"1087\" data-end=\"1119\">\n<p data-start=\"1089\" data-end=\"1119\">60 g\u00e9lules v\u00e9g\u00e9taliennes par bouteille<\/p>\n<\/li>\n<li data-start=\"1120\" data-end=\"1153\">\n<p data-start=\"1122\" data-end=\"1153\">Sans additif et \u00e0 base de plantes<\/p>\n<\/li>\n<li data-start=\"1154\" data-end=\"1192\">\n<p data-start=\"1156\" data-end=\"1192\">Fabriqu\u00e9 dans des installations certifi\u00e9es HACCP<\/p>\n<\/li>\n<\/ul>","protected":false},"featured_media":3767,"comment_status":"open","ping_status":"closed","template":"","meta":{"_acf_changed":false,"postBodyCss":"","postBodyMargin":[],"postBodyPadding":[],"postBodyBackground":{"backgroundType":"classic","gradient":""}},"product_brand":[29],"product_cat":[24],"product_tag":[30,28,31],"class_list":{"0":"post-3766","1":"product","2":"type-product","3":"status-publish","4":"has-post-thumbnail","6":"product_brand-phytoiva","7":"product_cat-natural-energy","8":"product_tag-bestsellers","9":"product_tag-gummies","10":"product_tag-stress","12":"first","13":"instock","14":"sale","15":"taxable","16":"shipping-taxable","17":"purchasable","18":"product-type-simple"},"acf":[],"yoast_head":"<!-- This site is optimized with the Yoast SEO Premium plugin v25.4 (Yoast SEO v27.3) - https:\/\/yoast.com\/product\/yoast-seo-premium-wordpress\/ -->\n<title>Maca &amp; Shilajit | Performance &amp; Recovery | Phytoiva<\/title>\n<meta name=\"description\" content=\"Support your energy, stamina, and daily recovery with Phytoiva\u2019s Maca &amp; Spirulina Pack \u2013 a natural combination designed to promote vitality\" \/>\n<meta name=\"robots\" content=\"index, follow, max-snippet:-1, max-image-preview:large, max-video-preview:-1\" \/>\n<link rel=\"canonical\" href=\"https:\/\/phytoiva.eu\/fr\/produit\/maca-shilajit-performance-recuperation\/\" \/>\n<meta property=\"og:locale\" content=\"fr_FR\" \/>\n<meta property=\"og:type\" content=\"article\" \/>\n<meta property=\"og:title\" content=\"Maca &amp; Shilajit | Performance &amp; Recovery\" \/>\n<meta property=\"og:description\" content=\"Support your energy, stamina, and daily recovery with Phytoiva\u2019s Maca &amp; Spirulina Pack \u2013 a natural combination designed to promote vitality\" \/>\n<meta property=\"og:url\" content=\"https:\/\/phytoiva.eu\/fr\/produit\/maca-shilajit-performance-recuperation\/\" \/>\n<meta property=\"og:site_name\" content=\"Phytoiva\" \/>\n<meta property=\"article:modified_time\" content=\"2025-09-26T14:54:08+00:00\" \/>\n<meta property=\"og:image\" content=\"https:\/\/phytoiva.eu\/wp-content\/uploads\/2025\/09\/Maca-and-Shilajit.png\" \/>\n\t<meta property=\"og:image:width\" content=\"1000\" \/>\n\t<meta property=\"og:image:height\" content=\"1000\" \/>\n\t<meta property=\"og:image:type\" content=\"image\/png\" \/>\n<meta name=\"twitter:card\" content=\"summary_large_image\" \/>\n<meta name=\"twitter:label1\" content=\"Est. reading time\" \/>\n\t<meta name=\"twitter:data1\" content=\"2 minutes\" \/>\n<script type=\"application\/ld+json\" class=\"yoast-schema-graph\">{\"@context\":\"https:\\\/\\\/schema.org\",\"@graph\":[{\"@type\":\"WebPage\",\"@id\":\"https:\\\/\\\/phytoiva.eu\\\/product\\\/maca-shilajit-performance-recovery\\\/\",\"url\":\"https:\\\/\\\/phytoiva.eu\\\/product\\\/maca-shilajit-performance-recovery\\\/\",\"name\":\"Maca & Shilajit | Performance & Recovery | Phytoiva\",\"isPartOf\":{\"@id\":\"https:\\\/\\\/phytoiva.eu\\\/#website\"},\"primaryImageOfPage\":{\"@id\":\"https:\\\/\\\/phytoiva.eu\\\/product\\\/maca-shilajit-performance-recovery\\\/#primaryimage\"},\"image\":{\"@id\":\"https:\\\/\\\/phytoiva.eu\\\/product\\\/maca-shilajit-performance-recovery\\\/#primaryimage\"},\"thumbnailUrl\":\"https:\\\/\\\/phytoiva.eu\\\/wp-content\\\/uploads\\\/2025\\\/09\\\/Maca-and-Shilajit.png\",\"datePublished\":\"2025-09-24T05:44:34+00:00\",\"dateModified\":\"2025-09-26T14:54:08+00:00\",\"description\":\"Support your energy, stamina, and daily recovery with Phytoiva\u2019s Maca & Spirulina Pack \u2013 a natural combination designed to promote vitality\",\"breadcrumb\":{\"@id\":\"https:\\\/\\\/phytoiva.eu\\\/product\\\/maca-shilajit-performance-recovery\\\/#breadcrumb\"},\"inLanguage\":\"fr-FR\",\"potentialAction\":[{\"@type\":\"ReadAction\",\"target\":[\"https:\\\/\\\/phytoiva.eu\\\/product\\\/maca-shilajit-performance-recovery\\\/\"]}]},{\"@type\":\"ImageObject\",\"inLanguage\":\"fr-FR\",\"@id\":\"https:\\\/\\\/phytoiva.eu\\\/product\\\/maca-shilajit-performance-recovery\\\/#primaryimage\",\"url\":\"https:\\\/\\\/phytoiva.eu\\\/wp-content\\\/uploads\\\/2025\\\/09\\\/Maca-and-Shilajit.png\",\"contentUrl\":\"https:\\\/\\\/phytoiva.eu\\\/wp-content\\\/uploads\\\/2025\\\/09\\\/Maca-and-Shilajit.png\",\"width\":1000,\"height\":1000,\"caption\":\"Maca and Shilajit\"},{\"@type\":\"BreadcrumbList\",\"@id\":\"https:\\\/\\\/phytoiva.eu\\\/product\\\/maca-shilajit-performance-recovery\\\/#breadcrumb\",\"itemListElement\":[{\"@type\":\"ListItem\",\"position\":1,\"name\":\"Home\",\"item\":\"https:\\\/\\\/phytoiva.eu\\\/\"},{\"@type\":\"ListItem\",\"position\":2,\"name\":\"Shop\",\"item\":\"https:\\\/\\\/phytoiva.eu\\\/shop\\\/\"},{\"@type\":\"ListItem\",\"position\":3,\"name\":\"Maca &#038; Shilajit | Performance &#038; Recovery\"}]},{\"@type\":\"WebSite\",\"@id\":\"https:\\\/\\\/phytoiva.eu\\\/#website\",\"url\":\"https:\\\/\\\/phytoiva.eu\\\/\",\"name\":\"phytoiva\",\"description\":\"Plant Based | Vegan | Natural\",\"publisher\":{\"@id\":\"https:\\\/\\\/phytoiva.eu\\\/#organization\"},\"potentialAction\":[{\"@type\":\"SearchAction\",\"target\":{\"@type\":\"EntryPoint\",\"urlTemplate\":\"https:\\\/\\\/phytoiva.eu\\\/?s={search_term_string}\"},\"query-input\":{\"@type\":\"PropertyValueSpecification\",\"valueRequired\":true,\"valueName\":\"search_term_string\"}}],\"inLanguage\":\"fr-FR\"},{\"@type\":\"Organization\",\"@id\":\"https:\\\/\\\/phytoiva.eu\\\/#organization\",\"name\":\"phytoiva\",\"alternateName\":\"Vegan, Natural Wellness\",\"url\":\"https:\\\/\\\/phytoiva.eu\\\/\",\"logo\":{\"@type\":\"ImageObject\",\"inLanguage\":\"fr-FR\",\"@id\":\"https:\\\/\\\/phytoiva.eu\\\/#\\\/schema\\\/logo\\\/image\\\/\",\"url\":\"https:\\\/\\\/phytoiva.eu\\\/wp-content\\\/uploads\\\/2025\\\/06\\\/cropped-Phytoiva-Icon.jpg\",\"contentUrl\":\"https:\\\/\\\/phytoiva.eu\\\/wp-content\\\/uploads\\\/2025\\\/06\\\/cropped-Phytoiva-Icon.jpg\",\"width\":512,\"height\":512,\"caption\":\"phytoiva\"},\"image\":{\"@id\":\"https:\\\/\\\/phytoiva.eu\\\/#\\\/schema\\\/logo\\\/image\\\/\"},\"description\":\"Enjoyable taste, high bioavailablilty, effective, vegan & natural, this is how our supplements help you changing your life.\"}]}<\/script>\n<!-- \/ Yoast SEO Premium plugin. -->","yoast_head_json":{"title":"Maca &amp; Shilajit | Performance &amp; R\u00e9cup\u00e9ration | Phytoiva","description":"Soutenez votre \u00e9nergie, votre endurance et votre r\u00e9cup\u00e9ration quotidienne avec le pack Maca &amp; Spiruline de Phytoiva - une combinaison naturelle con\u00e7ue pour promouvoir la vitalit\u00e9.","robots":{"index":"index","follow":"follow","max-snippet":"max-snippet:-1","max-image-preview":"max-image-preview:large","max-video-preview":"max-video-preview:-1"},"canonical":"https:\/\/phytoiva.eu\/fr\/produit\/maca-shilajit-performance-recuperation\/","og_locale":"fr_FR","og_type":"article","og_title":"Maca & Shilajit | Performance & Recovery","og_description":"Support your energy, stamina, and daily recovery with Phytoiva\u2019s Maca & Spirulina Pack \u2013 a natural combination designed to promote vitality","og_url":"https:\/\/phytoiva.eu\/fr\/produit\/maca-shilajit-performance-recuperation\/","og_site_name":"Phytoiva","article_modified_time":"2025-09-26T14:54:08+00:00","og_image":[{"width":1000,"height":1000,"url":"https:\/\/phytoiva.eu\/wp-content\/uploads\/2025\/09\/Maca-and-Shilajit.png","type":"image\/png"}],"twitter_card":"summary_large_image","twitter_misc":{"Est. reading time":"2 minutes"},"schema":{"@context":"https:\/\/schema.org","@graph":[{"@type":"WebPage","@id":"https:\/\/phytoiva.eu\/product\/maca-shilajit-performance-recovery\/","url":"https:\/\/phytoiva.eu\/product\/maca-shilajit-performance-recovery\/","name":"Maca &amp; Shilajit | Performance &amp; R\u00e9cup\u00e9ration | Phytoiva","isPartOf":{"@id":"https:\/\/phytoiva.eu\/#website"},"primaryImageOfPage":{"@id":"https:\/\/phytoiva.eu\/product\/maca-shilajit-performance-recovery\/#primaryimage"},"image":{"@id":"https:\/\/phytoiva.eu\/product\/maca-shilajit-performance-recovery\/#primaryimage"},"thumbnailUrl":"https:\/\/phytoiva.eu\/wp-content\/uploads\/2025\/09\/Maca-and-Shilajit.png","datePublished":"2025-09-24T05:44:34+00:00","dateModified":"2025-09-26T14:54:08+00:00","description":"Soutenez votre \u00e9nergie, votre endurance et votre r\u00e9cup\u00e9ration quotidienne avec le pack Maca &amp; Spiruline de Phytoiva - une combinaison naturelle con\u00e7ue pour promouvoir la vitalit\u00e9.","breadcrumb":{"@id":"https:\/\/phytoiva.eu\/product\/maca-shilajit-performance-recovery\/#breadcrumb"},"inLanguage":"fr-FR","potentialAction":[{"@type":"ReadAction","target":["https:\/\/phytoiva.eu\/product\/maca-shilajit-performance-recovery\/"]}]},{"@type":"ImageObject","inLanguage":"fr-FR","@id":"https:\/\/phytoiva.eu\/product\/maca-shilajit-performance-recovery\/#primaryimage","url":"https:\/\/phytoiva.eu\/wp-content\/uploads\/2025\/09\/Maca-and-Shilajit.png","contentUrl":"https:\/\/phytoiva.eu\/wp-content\/uploads\/2025\/09\/Maca-and-Shilajit.png","width":1000,"height":1000,"caption":"Maca and Shilajit"},{"@type":"BreadcrumbList","@id":"https:\/\/phytoiva.eu\/product\/maca-shilajit-performance-recovery\/#breadcrumb","itemListElement":[{"@type":"ListItem","position":1,"name":"Home","item":"https:\/\/phytoiva.eu\/"},{"@type":"ListItem","position":2,"name":"Shop","item":"https:\/\/phytoiva.eu\/shop\/"},{"@type":"ListItem","position":3,"name":"Maca &#038; Shilajit | Performance &#038; Recovery"}]},{"@type":"WebSite","@id":"https:\/\/phytoiva.eu\/#website","url":"https:\/\/phytoiva.eu\/","name":"phytoiva","description":"v\u00e9g\u00e9tal | v\u00e9g\u00e9talien | naturel","publisher":{"@id":"https:\/\/phytoiva.eu\/#organization"},"potentialAction":[{"@type":"SearchAction","target":{"@type":"EntryPoint","urlTemplate":"https:\/\/phytoiva.eu\/?s={search_term_string}"},"query-input":{"@type":"PropertyValueSpecification","valueRequired":true,"valueName":"search_term_string"}}],"inLanguage":"fr-FR"},{"@type":"Organization","@id":"https:\/\/phytoiva.eu\/#organization","name":"phytoiva","alternateName":"Vegan, Natural Wellness","url":"https:\/\/phytoiva.eu\/","logo":{"@type":"ImageObject","inLanguage":"fr-FR","@id":"https:\/\/phytoiva.eu\/#\/schema\/logo\/image\/","url":"https:\/\/phytoiva.eu\/wp-content\/uploads\/2025\/06\/cropped-Phytoiva-Icon.jpg","contentUrl":"https:\/\/phytoiva.eu\/wp-content\/uploads\/2025\/06\/cropped-Phytoiva-Icon.jpg","width":512,"height":512,"caption":"phytoiva"},"image":{"@id":"https:\/\/phytoiva.eu\/#\/schema\/logo\/image\/"},"description":"Go\u00fbt agr\u00e9able, haute biodisponibilit\u00e9, efficace, v\u00e9g\u00e9talien et naturel, voil\u00e0 comment nos suppl\u00e9ments vous aident \u00e0 changer votre vie."}]}},"_links":{"self":[{"href":"https:\/\/phytoiva.eu\/fr\/wp-json\/wp\/v2\/product\/3766","targetHints":{"allow":["GET"]}}],"collection":[{"href":"https:\/\/phytoiva.eu\/fr\/wp-json\/wp\/v2\/product"}],"about":[{"href":"https:\/\/phytoiva.eu\/fr\/wp-json\/wp\/v2\/types\/product"}],"replies":[{"embeddable":true,"href":"https:\/\/phytoiva.eu\/fr\/wp-json\/wp\/v2\/comments?post=3766"}],"version-history":[{"count":7,"href":"https:\/\/phytoiva.eu\/fr\/wp-json\/wp\/v2\/product\/3766\/revisions"}],"predecessor-version":[{"id":3806,"href":"https:\/\/phytoiva.eu\/fr\/wp-json\/wp\/v2\/product\/3766\/revisions\/3806"}],"wp:featuredmedia":[{"embeddable":true,"href":"https:\/\/phytoiva.eu\/fr\/wp-json\/wp\/v2\/media\/3767"}],"wp:attachment":[{"href":"https:\/\/phytoiva.eu\/fr\/wp-json\/wp\/v2\/media?parent=3766"}],"wp:term":[{"taxonomy":"product_brand","embeddable":true,"href":"https:\/\/phytoiva.eu\/fr\/wp-json\/wp\/v2\/product_brand?post=3766"},{"taxonomy":"product_cat","embeddable":true,"href":"https:\/\/phytoiva.eu\/fr\/wp-json\/wp\/v2\/product_cat?post=3766"},{"taxonomy":"product_tag","embeddable":true,"href":"https:\/\/phytoiva.eu\/fr\/wp-json\/wp\/v2\/product_tag?post=3766"}],"curies":[{"name":"wp","href":"https:\/\/api.w.org\/{rel}","templated":true}]}}