{"id":3745,"date":"2025-09-23T14:37:07","date_gmt":"2025-09-23T12:37:07","guid":{"rendered":"https:\/\/phytoiva.eu\/?post_type=product&#038;p=3745"},"modified":"2025-09-26T16:54:25","modified_gmt":"2025-09-26T14:54:25","slug":"maca-spirulina-recovery-pack","status":"publish","type":"product","link":"https:\/\/phytoiva.eu\/fr\/produit\/maca-spirulina-recovery-pack\/","title":{"rendered":"Maca &amp; Spirulina | Recovery Pack"},"content":{"rendered":"<p>Soutenez votre \u00e9nergie, votre endurance et votre r\u00e9cup\u00e9ration quotidienne avec Phytoiva. <span style=\"color: #0a3b27;\"><a style=\"color: #0a3b27;\" href=\"https:\/\/phytoiva.eu\/fr\/la-maca-devoile-lancien-secret-de-la-nature-pour-la-vitalite-lenergie-et-le-bien-etre\/\"><u>Maca<\/u><\/a> <\/span>&amp;<span style=\"color: #0a3b27;\"><a style=\"color: #0a3b27;\" href=\"https:\/\/phytoiva.eu\/fr\/quest-ce-que-la-spiruline-et-pourquoi-en-avez-vous-besoin-dans-votre-alimentation\/\"> <u>Spiruline<\/u><\/a><\/span> Pack - une combinaison naturelle con\u00e7ue pour favoriser la vitalit\u00e9 et le bien-\u00eatre g\u00e9n\u00e9ral.<\/p>\n<h5><span style=\"color: #0a3b27;\">Capsules de Maca<\/span><\/h5>\n<ul>\n<li aria-level=\"1\">30 000 mg de racine de maca BIO par bouteille (500 mg par capsule)<\/li>\n<\/ul>\n<ul>\n<li aria-level=\"1\">Favorise l'\u00e9nergie et l'\u00e9quilibre naturels<\/li>\n<\/ul>\n<ul>\n<li aria-level=\"1\">60 g\u00e9lules v\u00e9g\u00e9taliennes par bouteille<\/li>\n<\/ul>\n<ul>\n<li aria-level=\"1\">Sans OGM, sans ar\u00f4mes artificiels ni produits chimiques<\/li>\n<\/ul>\n<ul>\n<li aria-level=\"1\">Produit dans des conditions conformes aux BPF<\/li>\n<\/ul>\n<h5><span style=\"color: #0a3b27;\">Capsules de spiruline<\/span><\/h5>\n<ul>\n<li aria-level=\"1\">500mg de spiruline biologique par g\u00e9lule<\/li>\n<\/ul>\n<ul>\n<li aria-level=\"1\">Superaliment riche en nutriments qui aide \u00e0 maintenir le bien-\u00eatre au quotidien<\/li>\n<\/ul>\n<ul>\n<li aria-level=\"1\">60 g\u00e9lules v\u00e9g\u00e9taliennes par bouteille<\/li>\n<\/ul>\n<ul>\n<li aria-level=\"1\">Pas de caf\u00e9ine, pas d'additifs synth\u00e9tiques<\/li>\n<\/ul>\n<ul>\n<li aria-level=\"1\">Test\u00e9 en laboratoire pour en v\u00e9rifier la puret\u00e9 et le caract\u00e8re biologique 100%<\/li>\n<\/ul>\n\n    <div class=\"xs_social_share_widget xs_share_url after_content \t\tmain_content  wslu-style-1 wslu-share-box-shaped wslu-fill-colored wslu-none wslu-share-horizontal wslu-theme-font-no wslu-main_content\">\n\n\t\t\n        <ul>\n\t\t\t        <\/ul>\n    <\/div>","protected":false},"excerpt":{"rendered":"<p>Soutenez votre \u00e9nergie, votre endurance et votre r\u00e9cup\u00e9ration quotidienne avec Phytoiva. <span style=\"color: #0a3b27;\"><a style=\"color: #0a3b27;\" href=\"https:\/\/phytoiva.eu\/fr\/la-maca-devoile-lancien-secret-de-la-nature-pour-la-vitalite-lenergie-et-le-bien-etre\/\"><u>Maca<\/u><\/a><\/span> &amp; <span style=\"color: #0a3b27;\"><a style=\"color: #0a3b27;\" href=\"https:\/\/phytoiva.eu\/fr\/quest-ce-que-la-spiruline-et-pourquoi-en-avez-vous-besoin-dans-votre-alimentation\/\"><u>Spiruline<\/u><\/a><\/span> Pack - une combinaison naturelle con\u00e7ue pour favoriser la vitalit\u00e9 et le bien-\u00eatre g\u00e9n\u00e9ral.<\/p>\n<h5><span style=\"color: #0a3b27;\">Capsules de Maca<\/span><\/h5>\n<ul>\n<li aria-level=\"1\">30 000 mg de racine de maca BIO par bouteille (500 mg par capsule)<\/li>\n<\/ul>\n<ul>\n<li aria-level=\"1\">Favorise l'\u00e9nergie et l'\u00e9quilibre naturels<\/li>\n<\/ul>\n<ul>\n<li aria-level=\"1\">60 g\u00e9lules v\u00e9g\u00e9taliennes par bouteille<\/li>\n<\/ul>\n<ul>\n<li aria-level=\"1\">Sans OGM, sans ar\u00f4mes artificiels ni produits chimiques<\/li>\n<\/ul>\n<ul>\n<li aria-level=\"1\">Produit dans des conditions conformes aux BPF<\/li>\n<\/ul>\n<h5><span style=\"color: #0a3b27;\">Capsules de spiruline<\/span><\/h5>\n<ul>\n<li aria-level=\"1\">500mg de spiruline biologique par g\u00e9lule<\/li>\n<\/ul>\n<ul>\n<li aria-level=\"1\">Superaliment riche en nutriments qui aide \u00e0 maintenir le bien-\u00eatre au quotidien<\/li>\n<\/ul>\n<ul>\n<li aria-level=\"1\">60 g\u00e9lules v\u00e9g\u00e9taliennes par bouteille<\/li>\n<\/ul>\n<ul>\n<li aria-level=\"1\">Pas de caf\u00e9ine, pas d'additifs synth\u00e9tiques<\/li>\n<\/ul>\n<ul>\n<li aria-level=\"1\">Test\u00e9 en laboratoire pour en v\u00e9rifier la puret\u00e9 et le caract\u00e8re biologique 100%<\/li>\n<\/ul>","protected":false},"featured_media":3746,"comment_status":"open","ping_status":"closed","template":"","meta":{"_acf_changed":false,"postBodyCss":"","postBodyMargin":[],"postBodyPadding":[],"postBodyBackground":{"backgroundType":"classic","gradient":""}},"product_brand":[29],"product_cat":[24],"product_tag":[30,28,31],"class_list":{"0":"post-3745","1":"product","2":"type-product","3":"status-publish","4":"has-post-thumbnail","6":"product_brand-phytoiva","7":"product_cat-natural-energy","8":"product_tag-bestsellers","9":"product_tag-gummies","10":"product_tag-stress","12":"first","13":"instock","14":"sale","15":"taxable","16":"shipping-taxable","17":"purchasable","18":"product-type-simple"},"acf":[],"yoast_head":"<!-- This site is optimized with the Yoast SEO Premium plugin v25.4 (Yoast SEO v27.3) - https:\/\/yoast.com\/product\/yoast-seo-premium-wordpress\/ -->\n<title>Maca &amp; Spirulina | Recovery Pack | Phytoiva<\/title>\n<meta name=\"description\" content=\"Support your energy, stamina, and daily recovery with Phytoiva\u2019s Maca &amp; Spirulina Pack \u2013 a natural combination designed to promote vitality\" \/>\n<meta name=\"robots\" content=\"index, follow, max-snippet:-1, max-image-preview:large, max-video-preview:-1\" \/>\n<link rel=\"canonical\" href=\"https:\/\/phytoiva.eu\/fr\/produit\/maca-spirulina-recovery-pack\/\" \/>\n<meta property=\"og:locale\" content=\"fr_FR\" \/>\n<meta property=\"og:type\" content=\"article\" \/>\n<meta property=\"og:title\" content=\"Maca &amp; Spirulina | Recovery Pack\" \/>\n<meta property=\"og:description\" content=\"Support your energy, stamina, and daily recovery with Phytoiva\u2019s Maca &amp; Spirulina Pack \u2013 a natural combination designed to promote vitality\" \/>\n<meta property=\"og:url\" content=\"https:\/\/phytoiva.eu\/fr\/produit\/maca-spirulina-recovery-pack\/\" \/>\n<meta property=\"og:site_name\" content=\"Phytoiva\" \/>\n<meta property=\"article:modified_time\" content=\"2025-09-26T14:54:25+00:00\" \/>\n<meta property=\"og:image\" content=\"https:\/\/phytoiva.eu\/wp-content\/uploads\/2025\/09\/Maca-And-Spirulina.png\" \/>\n\t<meta property=\"og:image:width\" content=\"1000\" \/>\n\t<meta property=\"og:image:height\" content=\"1000\" \/>\n\t<meta property=\"og:image:type\" content=\"image\/png\" \/>\n<meta name=\"twitter:card\" content=\"summary_large_image\" \/>\n<meta name=\"twitter:label1\" content=\"Est. reading time\" \/>\n\t<meta name=\"twitter:data1\" content=\"1 minute\" \/>\n<script type=\"application\/ld+json\" class=\"yoast-schema-graph\">{\"@context\":\"https:\\\/\\\/schema.org\",\"@graph\":[{\"@type\":\"WebPage\",\"@id\":\"https:\\\/\\\/phytoiva.eu\\\/product\\\/maca-spirulina-recovery-pack\\\/\",\"url\":\"https:\\\/\\\/phytoiva.eu\\\/product\\\/maca-spirulina-recovery-pack\\\/\",\"name\":\"Maca & Spirulina | Recovery Pack | Phytoiva\",\"isPartOf\":{\"@id\":\"https:\\\/\\\/phytoiva.eu\\\/#website\"},\"primaryImageOfPage\":{\"@id\":\"https:\\\/\\\/phytoiva.eu\\\/product\\\/maca-spirulina-recovery-pack\\\/#primaryimage\"},\"image\":{\"@id\":\"https:\\\/\\\/phytoiva.eu\\\/product\\\/maca-spirulina-recovery-pack\\\/#primaryimage\"},\"thumbnailUrl\":\"https:\\\/\\\/phytoiva.eu\\\/wp-content\\\/uploads\\\/2025\\\/09\\\/Maca-And-Spirulina.png\",\"datePublished\":\"2025-09-23T12:37:07+00:00\",\"dateModified\":\"2025-09-26T14:54:25+00:00\",\"description\":\"Support your energy, stamina, and daily recovery with Phytoiva\u2019s Maca & Spirulina Pack \u2013 a natural combination designed to promote vitality\",\"breadcrumb\":{\"@id\":\"https:\\\/\\\/phytoiva.eu\\\/product\\\/maca-spirulina-recovery-pack\\\/#breadcrumb\"},\"inLanguage\":\"fr-FR\",\"potentialAction\":[{\"@type\":\"ReadAction\",\"target\":[\"https:\\\/\\\/phytoiva.eu\\\/product\\\/maca-spirulina-recovery-pack\\\/\"]}]},{\"@type\":\"ImageObject\",\"inLanguage\":\"fr-FR\",\"@id\":\"https:\\\/\\\/phytoiva.eu\\\/product\\\/maca-spirulina-recovery-pack\\\/#primaryimage\",\"url\":\"https:\\\/\\\/phytoiva.eu\\\/wp-content\\\/uploads\\\/2025\\\/09\\\/Maca-And-Spirulina.png\",\"contentUrl\":\"https:\\\/\\\/phytoiva.eu\\\/wp-content\\\/uploads\\\/2025\\\/09\\\/Maca-And-Spirulina.png\",\"width\":1000,\"height\":1000,\"caption\":\"Maca & Spirulina (Recovery Pack)\"},{\"@type\":\"BreadcrumbList\",\"@id\":\"https:\\\/\\\/phytoiva.eu\\\/product\\\/maca-spirulina-recovery-pack\\\/#breadcrumb\",\"itemListElement\":[{\"@type\":\"ListItem\",\"position\":1,\"name\":\"Home\",\"item\":\"https:\\\/\\\/phytoiva.eu\\\/\"},{\"@type\":\"ListItem\",\"position\":2,\"name\":\"Shop\",\"item\":\"https:\\\/\\\/phytoiva.eu\\\/shop\\\/\"},{\"@type\":\"ListItem\",\"position\":3,\"name\":\"Maca &#038; Spirulina | Recovery Pack\"}]},{\"@type\":\"WebSite\",\"@id\":\"https:\\\/\\\/phytoiva.eu\\\/#website\",\"url\":\"https:\\\/\\\/phytoiva.eu\\\/\",\"name\":\"phytoiva\",\"description\":\"Plant Based | Vegan | Natural\",\"publisher\":{\"@id\":\"https:\\\/\\\/phytoiva.eu\\\/#organization\"},\"potentialAction\":[{\"@type\":\"SearchAction\",\"target\":{\"@type\":\"EntryPoint\",\"urlTemplate\":\"https:\\\/\\\/phytoiva.eu\\\/?s={search_term_string}\"},\"query-input\":{\"@type\":\"PropertyValueSpecification\",\"valueRequired\":true,\"valueName\":\"search_term_string\"}}],\"inLanguage\":\"fr-FR\"},{\"@type\":\"Organization\",\"@id\":\"https:\\\/\\\/phytoiva.eu\\\/#organization\",\"name\":\"phytoiva\",\"alternateName\":\"Vegan, Natural Wellness\",\"url\":\"https:\\\/\\\/phytoiva.eu\\\/\",\"logo\":{\"@type\":\"ImageObject\",\"inLanguage\":\"fr-FR\",\"@id\":\"https:\\\/\\\/phytoiva.eu\\\/#\\\/schema\\\/logo\\\/image\\\/\",\"url\":\"https:\\\/\\\/phytoiva.eu\\\/wp-content\\\/uploads\\\/2025\\\/06\\\/cropped-Phytoiva-Icon.jpg\",\"contentUrl\":\"https:\\\/\\\/phytoiva.eu\\\/wp-content\\\/uploads\\\/2025\\\/06\\\/cropped-Phytoiva-Icon.jpg\",\"width\":512,\"height\":512,\"caption\":\"phytoiva\"},\"image\":{\"@id\":\"https:\\\/\\\/phytoiva.eu\\\/#\\\/schema\\\/logo\\\/image\\\/\"},\"description\":\"Enjoyable taste, high bioavailablilty, effective, vegan & natural, this is how our supplements help you changing your life.\"}]}<\/script>\n<!-- \/ Yoast SEO Premium plugin. -->","yoast_head_json":{"title":"Maca et Spiruline | Recovery Pack | Phytoiva","description":"Soutenez votre \u00e9nergie, votre endurance et votre r\u00e9cup\u00e9ration quotidienne avec le pack Maca &amp; Spiruline de Phytoiva - une combinaison naturelle con\u00e7ue pour promouvoir la vitalit\u00e9.","robots":{"index":"index","follow":"follow","max-snippet":"max-snippet:-1","max-image-preview":"max-image-preview:large","max-video-preview":"max-video-preview:-1"},"canonical":"https:\/\/phytoiva.eu\/fr\/produit\/maca-spirulina-recovery-pack\/","og_locale":"fr_FR","og_type":"article","og_title":"Maca & Spirulina | Recovery Pack","og_description":"Support your energy, stamina, and daily recovery with Phytoiva\u2019s Maca & Spirulina Pack \u2013 a natural combination designed to promote vitality","og_url":"https:\/\/phytoiva.eu\/fr\/produit\/maca-spirulina-recovery-pack\/","og_site_name":"Phytoiva","article_modified_time":"2025-09-26T14:54:25+00:00","og_image":[{"width":1000,"height":1000,"url":"https:\/\/phytoiva.eu\/wp-content\/uploads\/2025\/09\/Maca-And-Spirulina.png","type":"image\/png"}],"twitter_card":"summary_large_image","twitter_misc":{"Est. reading time":"1 minute"},"schema":{"@context":"https:\/\/schema.org","@graph":[{"@type":"WebPage","@id":"https:\/\/phytoiva.eu\/product\/maca-spirulina-recovery-pack\/","url":"https:\/\/phytoiva.eu\/product\/maca-spirulina-recovery-pack\/","name":"Maca et Spiruline | Recovery Pack | Phytoiva","isPartOf":{"@id":"https:\/\/phytoiva.eu\/#website"},"primaryImageOfPage":{"@id":"https:\/\/phytoiva.eu\/product\/maca-spirulina-recovery-pack\/#primaryimage"},"image":{"@id":"https:\/\/phytoiva.eu\/product\/maca-spirulina-recovery-pack\/#primaryimage"},"thumbnailUrl":"https:\/\/phytoiva.eu\/wp-content\/uploads\/2025\/09\/Maca-And-Spirulina.png","datePublished":"2025-09-23T12:37:07+00:00","dateModified":"2025-09-26T14:54:25+00:00","description":"Soutenez votre \u00e9nergie, votre endurance et votre r\u00e9cup\u00e9ration quotidienne avec le pack Maca &amp; Spiruline de Phytoiva - une combinaison naturelle con\u00e7ue pour promouvoir la vitalit\u00e9.","breadcrumb":{"@id":"https:\/\/phytoiva.eu\/product\/maca-spirulina-recovery-pack\/#breadcrumb"},"inLanguage":"fr-FR","potentialAction":[{"@type":"ReadAction","target":["https:\/\/phytoiva.eu\/product\/maca-spirulina-recovery-pack\/"]}]},{"@type":"ImageObject","inLanguage":"fr-FR","@id":"https:\/\/phytoiva.eu\/product\/maca-spirulina-recovery-pack\/#primaryimage","url":"https:\/\/phytoiva.eu\/wp-content\/uploads\/2025\/09\/Maca-And-Spirulina.png","contentUrl":"https:\/\/phytoiva.eu\/wp-content\/uploads\/2025\/09\/Maca-And-Spirulina.png","width":1000,"height":1000,"caption":"Maca & Spirulina (Recovery Pack)"},{"@type":"BreadcrumbList","@id":"https:\/\/phytoiva.eu\/product\/maca-spirulina-recovery-pack\/#breadcrumb","itemListElement":[{"@type":"ListItem","position":1,"name":"Home","item":"https:\/\/phytoiva.eu\/"},{"@type":"ListItem","position":2,"name":"Shop","item":"https:\/\/phytoiva.eu\/shop\/"},{"@type":"ListItem","position":3,"name":"Maca &#038; Spirulina | Recovery Pack"}]},{"@type":"WebSite","@id":"https:\/\/phytoiva.eu\/#website","url":"https:\/\/phytoiva.eu\/","name":"phytoiva","description":"v\u00e9g\u00e9tal | v\u00e9g\u00e9talien | naturel","publisher":{"@id":"https:\/\/phytoiva.eu\/#organization"},"potentialAction":[{"@type":"SearchAction","target":{"@type":"EntryPoint","urlTemplate":"https:\/\/phytoiva.eu\/?s={search_term_string}"},"query-input":{"@type":"PropertyValueSpecification","valueRequired":true,"valueName":"search_term_string"}}],"inLanguage":"fr-FR"},{"@type":"Organization","@id":"https:\/\/phytoiva.eu\/#organization","name":"phytoiva","alternateName":"Vegan, Natural Wellness","url":"https:\/\/phytoiva.eu\/","logo":{"@type":"ImageObject","inLanguage":"fr-FR","@id":"https:\/\/phytoiva.eu\/#\/schema\/logo\/image\/","url":"https:\/\/phytoiva.eu\/wp-content\/uploads\/2025\/06\/cropped-Phytoiva-Icon.jpg","contentUrl":"https:\/\/phytoiva.eu\/wp-content\/uploads\/2025\/06\/cropped-Phytoiva-Icon.jpg","width":512,"height":512,"caption":"phytoiva"},"image":{"@id":"https:\/\/phytoiva.eu\/#\/schema\/logo\/image\/"},"description":"Go\u00fbt agr\u00e9able, haute biodisponibilit\u00e9, efficace, v\u00e9g\u00e9talien et naturel, voil\u00e0 comment nos suppl\u00e9ments vous aident \u00e0 changer votre vie."}]}},"_links":{"self":[{"href":"https:\/\/phytoiva.eu\/fr\/wp-json\/wp\/v2\/product\/3745","targetHints":{"allow":["GET"]}}],"collection":[{"href":"https:\/\/phytoiva.eu\/fr\/wp-json\/wp\/v2\/product"}],"about":[{"href":"https:\/\/phytoiva.eu\/fr\/wp-json\/wp\/v2\/types\/product"}],"replies":[{"embeddable":true,"href":"https:\/\/phytoiva.eu\/fr\/wp-json\/wp\/v2\/comments?post=3745"}],"version-history":[{"count":9,"href":"https:\/\/phytoiva.eu\/fr\/wp-json\/wp\/v2\/product\/3745\/revisions"}],"predecessor-version":[{"id":3803,"href":"https:\/\/phytoiva.eu\/fr\/wp-json\/wp\/v2\/product\/3745\/revisions\/3803"}],"wp:featuredmedia":[{"embeddable":true,"href":"https:\/\/phytoiva.eu\/fr\/wp-json\/wp\/v2\/media\/3746"}],"wp:attachment":[{"href":"https:\/\/phytoiva.eu\/fr\/wp-json\/wp\/v2\/media?parent=3745"}],"wp:term":[{"taxonomy":"product_brand","embeddable":true,"href":"https:\/\/phytoiva.eu\/fr\/wp-json\/wp\/v2\/product_brand?post=3745"},{"taxonomy":"product_cat","embeddable":true,"href":"https:\/\/phytoiva.eu\/fr\/wp-json\/wp\/v2\/product_cat?post=3745"},{"taxonomy":"product_tag","embeddable":true,"href":"https:\/\/phytoiva.eu\/fr\/wp-json\/wp\/v2\/product_tag?post=3745"}],"curies":[{"name":"wp","href":"https:\/\/api.w.org\/{rel}","templated":true}]}}