{"id":3066,"date":"2025-06-30T05:44:40","date_gmt":"2025-06-30T05:44:40","guid":{"rendered":"https:\/\/phytoiva.eu\/?post_type=product&#038;p=3066"},"modified":"2025-09-24T08:54:46","modified_gmt":"2025-09-24T06:54:46","slug":"sleep-shilajit-active-lifestyle-bundle","status":"publish","type":"product","link":"https:\/\/phytoiva.eu\/fr\/produit\/sleep-shilajit-active-lifestyle-bundle\/","title":{"rendered":"Gummies de soutien au sommeil +Shilajit Bundle"},"content":{"rendered":"<p data-start=\"803\" data-end=\"847\"><strong data-start=\"803\" data-end=\"847\">Offre group\u00e9e sommeil + Shilajit Active Lifestyle<\/strong><\/p>\n<p data-start=\"867\" data-end=\"978\">D\u00e9couvrez un ensemble de produits de bien-\u00eatre \u00e0 base de plantes qui combine deux \u00e9l\u00e9ments essentiels compl\u00e9mentaires pour les routines de jour et de nuit.<\/p>\n<ul data-start=\"980\" data-end=\"1404\">\n<li data-start=\"980\" data-end=\"1185\">\n<p data-start=\"982\" data-end=\"1185\"><strong data-start=\"982\" data-end=\"1037\">G\u00e9lules de Shilajit (500 mg chacune, 30 000 mg par bouteille)<\/strong><br data-start=\"1037\" data-end=\"1040\" \/>Fabriqu\u00e9 \u00e0 partir d'un extrait purifi\u00e9 de Shilajit (Asphaltum punjabianum), normalis\u00e9 \u00e0 20% d'acide fulvique. Chaque g\u00e9lule est enferm\u00e9e dans une enveloppe HPMC v\u00e9g\u00e9talienne.<\/p>\n<\/li>\n<li data-start=\"1187\" data-end=\"1404\">\n<p data-start=\"1189\" data-end=\"1404\"><strong data-start=\"1189\" data-end=\"1233\">Gummies aux plantes - v\u00e9g\u00e9taliens et sans sucre<\/strong><br data-start=\"1233\" data-end=\"1236\" \/>Fabriqu\u00e9s avec un m\u00e9lange de L-Th\u00e9anine, de M\u00e9lisse, de Pavot de Californie et de Vitamine B6. Ces gommes sont formul\u00e9es sans sucre, sans ingr\u00e9dients d'origine animale et sans gluten.<\/p>\n<\/li>\n<\/ul>\n<h3 data-start=\"1406\" data-end=\"1435\">Pourquoi choisir cette offre group\u00e9e ?<\/h3>\n<ul data-start=\"1436\" data-end=\"1584\">\n<li data-start=\"1436\" data-end=\"1506\">\n<p data-start=\"1438\" data-end=\"1506\">Format deux-en-un : g\u00e9lules pour le jour, gommes pour la nuit<\/p>\n<\/li>\n<li data-start=\"1507\" data-end=\"1550\">\n<p data-start=\"1509\" data-end=\"1550\">100% Vegan, sans sucre et sans gluten<\/p>\n<\/li>\n<li data-start=\"1551\" data-end=\"1584\">\n<p data-start=\"1553\" data-end=\"1584\">Pack pratique pour la routine quotidienne<\/p>\n<\/li>\n<\/ul>\n<p data-start=\"1586\" data-end=\"1730\">Avec la <strong data-start=\"1595\" data-end=\"1639\">Offre group\u00e9e sommeil + Shilajit Active Lifestyle<\/strong>Vous disposerez ainsi d'un moyen simple d'inclure les g\u00e9lules et les gommes dans votre programme de bien-\u00eatre.<\/p>\n\n    <div class=\"xs_social_share_widget xs_share_url after_content \t\tmain_content  wslu-style-1 wslu-share-box-shaped wslu-fill-colored wslu-none wslu-share-horizontal wslu-theme-font-no wslu-main_content\">\n\n\t\t\n        <ul>\n\t\t\t        <\/ul>\n    <\/div>","protected":false},"excerpt":{"rendered":"<p data-start=\"340\" data-end=\"387\">Un ensemble de produits \u00e0 base de plantes combinant des g\u00e9lules de Shilajit purifi\u00e9 et des gommes v\u00e9g\u00e9taliennes sans sucre \u00e0 base de L-th\u00e9anine, de m\u00e9lisse, de pavot de Californie et de vitamine B6. Format pratique pour le jour et la nuit, 100% est v\u00e9g\u00e9talien, sans gluten et clean-label.<\/p>","protected":false},"featured_media":3068,"comment_status":"open","ping_status":"closed","template":"","meta":{"_acf_changed":false,"postBodyCss":"","postBodyMargin":[],"postBodyPadding":[],"postBodyBackground":{"backgroundType":"classic","gradient":""}},"product_brand":[29],"product_cat":[22],"product_tag":[30,28,31],"class_list":{"0":"post-3066","1":"product","2":"type-product","3":"status-publish","4":"has-post-thumbnail","6":"product_brand-phytoiva","7":"product_cat-sleep-support","8":"product_tag-bestsellers","9":"product_tag-gummies","10":"product_tag-stress","12":"first","13":"instock","14":"sale","15":"taxable","16":"shipping-taxable","17":"purchasable","18":"product-type-simple"},"acf":[],"yoast_head":"<!-- This site is optimized with the Yoast SEO Premium plugin v25.4 (Yoast SEO v27.3) - https:\/\/yoast.com\/product\/yoast-seo-premium-wordpress\/ -->\n<title>Sleep Support Gummies +Shilajit Bundle | Phytoiva<\/title>\n<meta name=\"description\" content=\"A plant-based wellness bundle that combines two complementary essentials for day and night routines.\" \/>\n<meta name=\"robots\" content=\"index, follow, max-snippet:-1, max-image-preview:large, max-video-preview:-1\" \/>\n<link rel=\"canonical\" href=\"https:\/\/phytoiva.eu\/fr\/produit\/sleep-shilajit-active-lifestyle-bundle\/\" \/>\n<meta property=\"og:locale\" content=\"fr_FR\" \/>\n<meta property=\"og:type\" content=\"article\" \/>\n<meta property=\"og:title\" content=\"Sleep Support Gummies +Shilajit Bundle\" \/>\n<meta property=\"og:description\" content=\"A plant-based wellness bundle that combines two complementary essentials for day and night routines.\" \/>\n<meta property=\"og:url\" content=\"https:\/\/phytoiva.eu\/fr\/produit\/sleep-shilajit-active-lifestyle-bundle\/\" \/>\n<meta property=\"og:site_name\" content=\"Phytoiva\" \/>\n<meta property=\"article:modified_time\" content=\"2025-09-24T06:54:46+00:00\" \/>\n<meta property=\"og:image\" content=\"https:\/\/phytoiva.eu\/wp-content\/uploads\/2025\/09\/Pack-Of-two-sleep-Shilijit.jpg\" \/>\n\t<meta property=\"og:image:width\" content=\"1000\" \/>\n\t<meta property=\"og:image:height\" content=\"1000\" \/>\n\t<meta property=\"og:image:type\" content=\"image\/jpeg\" \/>\n<meta name=\"twitter:card\" content=\"summary_large_image\" \/>\n<meta name=\"twitter:label1\" content=\"Est. reading time\" \/>\n\t<meta name=\"twitter:data1\" content=\"1 minute\" \/>\n<script type=\"application\/ld+json\" class=\"yoast-schema-graph\">{\"@context\":\"https:\\\/\\\/schema.org\",\"@graph\":[{\"@type\":\"WebPage\",\"@id\":\"https:\\\/\\\/phytoiva.eu\\\/product\\\/sleep-shilajit-active-lifestyle-bundle\\\/\",\"url\":\"https:\\\/\\\/phytoiva.eu\\\/product\\\/sleep-shilajit-active-lifestyle-bundle\\\/\",\"name\":\"Sleep Support Gummies +Shilajit Bundle | Phytoiva\",\"isPartOf\":{\"@id\":\"https:\\\/\\\/phytoiva.eu\\\/#website\"},\"primaryImageOfPage\":{\"@id\":\"https:\\\/\\\/phytoiva.eu\\\/product\\\/sleep-shilajit-active-lifestyle-bundle\\\/#primaryimage\"},\"image\":{\"@id\":\"https:\\\/\\\/phytoiva.eu\\\/product\\\/sleep-shilajit-active-lifestyle-bundle\\\/#primaryimage\"},\"thumbnailUrl\":\"https:\\\/\\\/phytoiva.eu\\\/wp-content\\\/uploads\\\/2025\\\/09\\\/Pack-Of-two-sleep-Shilijit.jpg\",\"datePublished\":\"2025-06-30T05:44:40+00:00\",\"dateModified\":\"2025-09-24T06:54:46+00:00\",\"description\":\"A plant-based wellness bundle that combines two complementary essentials for day and night routines.\",\"breadcrumb\":{\"@id\":\"https:\\\/\\\/phytoiva.eu\\\/product\\\/sleep-shilajit-active-lifestyle-bundle\\\/#breadcrumb\"},\"inLanguage\":\"fr-FR\",\"potentialAction\":[{\"@type\":\"ReadAction\",\"target\":[\"https:\\\/\\\/phytoiva.eu\\\/product\\\/sleep-shilajit-active-lifestyle-bundle\\\/\"]}]},{\"@type\":\"ImageObject\",\"inLanguage\":\"fr-FR\",\"@id\":\"https:\\\/\\\/phytoiva.eu\\\/product\\\/sleep-shilajit-active-lifestyle-bundle\\\/#primaryimage\",\"url\":\"https:\\\/\\\/phytoiva.eu\\\/wp-content\\\/uploads\\\/2025\\\/09\\\/Pack-Of-two-sleep-Shilijit.jpg\",\"contentUrl\":\"https:\\\/\\\/phytoiva.eu\\\/wp-content\\\/uploads\\\/2025\\\/09\\\/Pack-Of-two-sleep-Shilijit.jpg\",\"width\":1000,\"height\":1000,\"caption\":\"Sleep Support Gummies\"},{\"@type\":\"BreadcrumbList\",\"@id\":\"https:\\\/\\\/phytoiva.eu\\\/product\\\/sleep-shilajit-active-lifestyle-bundle\\\/#breadcrumb\",\"itemListElement\":[{\"@type\":\"ListItem\",\"position\":1,\"name\":\"Home\",\"item\":\"https:\\\/\\\/phytoiva.eu\\\/\"},{\"@type\":\"ListItem\",\"position\":2,\"name\":\"Shop\",\"item\":\"https:\\\/\\\/phytoiva.eu\\\/shop\\\/\"},{\"@type\":\"ListItem\",\"position\":3,\"name\":\"Sleep Support Gummies +Shilajit Bundle\"}]},{\"@type\":\"WebSite\",\"@id\":\"https:\\\/\\\/phytoiva.eu\\\/#website\",\"url\":\"https:\\\/\\\/phytoiva.eu\\\/\",\"name\":\"phytoiva\",\"description\":\"Plant Based | Vegan | Natural\",\"publisher\":{\"@id\":\"https:\\\/\\\/phytoiva.eu\\\/#organization\"},\"potentialAction\":[{\"@type\":\"SearchAction\",\"target\":{\"@type\":\"EntryPoint\",\"urlTemplate\":\"https:\\\/\\\/phytoiva.eu\\\/?s={search_term_string}\"},\"query-input\":{\"@type\":\"PropertyValueSpecification\",\"valueRequired\":true,\"valueName\":\"search_term_string\"}}],\"inLanguage\":\"fr-FR\"},{\"@type\":\"Organization\",\"@id\":\"https:\\\/\\\/phytoiva.eu\\\/#organization\",\"name\":\"phytoiva\",\"alternateName\":\"Vegan, Natural Wellness\",\"url\":\"https:\\\/\\\/phytoiva.eu\\\/\",\"logo\":{\"@type\":\"ImageObject\",\"inLanguage\":\"fr-FR\",\"@id\":\"https:\\\/\\\/phytoiva.eu\\\/#\\\/schema\\\/logo\\\/image\\\/\",\"url\":\"https:\\\/\\\/phytoiva.eu\\\/wp-content\\\/uploads\\\/2025\\\/06\\\/cropped-Phytoiva-Icon.jpg\",\"contentUrl\":\"https:\\\/\\\/phytoiva.eu\\\/wp-content\\\/uploads\\\/2025\\\/06\\\/cropped-Phytoiva-Icon.jpg\",\"width\":512,\"height\":512,\"caption\":\"phytoiva\"},\"image\":{\"@id\":\"https:\\\/\\\/phytoiva.eu\\\/#\\\/schema\\\/logo\\\/image\\\/\"},\"description\":\"Enjoyable taste, high bioavailablilty, effective, vegan & natural, this is how our supplements help you changing your life.\"}]}<\/script>\n<!-- \/ Yoast SEO Premium plugin. -->","yoast_head_json":{"title":"Gummies pour le soutien du sommeil +Shilajit Bundle | Phytoiva","description":"Un ensemble de produits de bien-\u00eatre \u00e0 base de plantes qui combine deux \u00e9l\u00e9ments essentiels compl\u00e9mentaires pour les routines de jour et de nuit.","robots":{"index":"index","follow":"follow","max-snippet":"max-snippet:-1","max-image-preview":"max-image-preview:large","max-video-preview":"max-video-preview:-1"},"canonical":"https:\/\/phytoiva.eu\/fr\/produit\/sleep-shilajit-active-lifestyle-bundle\/","og_locale":"fr_FR","og_type":"article","og_title":"Sleep Support Gummies +Shilajit Bundle","og_description":"A plant-based wellness bundle that combines two complementary essentials for day and night routines.","og_url":"https:\/\/phytoiva.eu\/fr\/produit\/sleep-shilajit-active-lifestyle-bundle\/","og_site_name":"Phytoiva","article_modified_time":"2025-09-24T06:54:46+00:00","og_image":[{"width":1000,"height":1000,"url":"https:\/\/phytoiva.eu\/wp-content\/uploads\/2025\/09\/Pack-Of-two-sleep-Shilijit.jpg","type":"image\/jpeg"}],"twitter_card":"summary_large_image","twitter_misc":{"Est. reading time":"1 minute"},"schema":{"@context":"https:\/\/schema.org","@graph":[{"@type":"WebPage","@id":"https:\/\/phytoiva.eu\/product\/sleep-shilajit-active-lifestyle-bundle\/","url":"https:\/\/phytoiva.eu\/product\/sleep-shilajit-active-lifestyle-bundle\/","name":"Gummies pour le soutien du sommeil +Shilajit Bundle | Phytoiva","isPartOf":{"@id":"https:\/\/phytoiva.eu\/#website"},"primaryImageOfPage":{"@id":"https:\/\/phytoiva.eu\/product\/sleep-shilajit-active-lifestyle-bundle\/#primaryimage"},"image":{"@id":"https:\/\/phytoiva.eu\/product\/sleep-shilajit-active-lifestyle-bundle\/#primaryimage"},"thumbnailUrl":"https:\/\/phytoiva.eu\/wp-content\/uploads\/2025\/09\/Pack-Of-two-sleep-Shilijit.jpg","datePublished":"2025-06-30T05:44:40+00:00","dateModified":"2025-09-24T06:54:46+00:00","description":"Un ensemble de produits de bien-\u00eatre \u00e0 base de plantes qui combine deux \u00e9l\u00e9ments essentiels compl\u00e9mentaires pour les routines de jour et de nuit.","breadcrumb":{"@id":"https:\/\/phytoiva.eu\/product\/sleep-shilajit-active-lifestyle-bundle\/#breadcrumb"},"inLanguage":"fr-FR","potentialAction":[{"@type":"ReadAction","target":["https:\/\/phytoiva.eu\/product\/sleep-shilajit-active-lifestyle-bundle\/"]}]},{"@type":"ImageObject","inLanguage":"fr-FR","@id":"https:\/\/phytoiva.eu\/product\/sleep-shilajit-active-lifestyle-bundle\/#primaryimage","url":"https:\/\/phytoiva.eu\/wp-content\/uploads\/2025\/09\/Pack-Of-two-sleep-Shilijit.jpg","contentUrl":"https:\/\/phytoiva.eu\/wp-content\/uploads\/2025\/09\/Pack-Of-two-sleep-Shilijit.jpg","width":1000,"height":1000,"caption":"Sleep Support Gummies"},{"@type":"BreadcrumbList","@id":"https:\/\/phytoiva.eu\/product\/sleep-shilajit-active-lifestyle-bundle\/#breadcrumb","itemListElement":[{"@type":"ListItem","position":1,"name":"Home","item":"https:\/\/phytoiva.eu\/"},{"@type":"ListItem","position":2,"name":"Shop","item":"https:\/\/phytoiva.eu\/shop\/"},{"@type":"ListItem","position":3,"name":"Sleep Support Gummies +Shilajit Bundle"}]},{"@type":"WebSite","@id":"https:\/\/phytoiva.eu\/#website","url":"https:\/\/phytoiva.eu\/","name":"phytoiva","description":"v\u00e9g\u00e9tal | v\u00e9g\u00e9talien | naturel","publisher":{"@id":"https:\/\/phytoiva.eu\/#organization"},"potentialAction":[{"@type":"SearchAction","target":{"@type":"EntryPoint","urlTemplate":"https:\/\/phytoiva.eu\/?s={search_term_string}"},"query-input":{"@type":"PropertyValueSpecification","valueRequired":true,"valueName":"search_term_string"}}],"inLanguage":"fr-FR"},{"@type":"Organization","@id":"https:\/\/phytoiva.eu\/#organization","name":"phytoiva","alternateName":"Vegan, Natural Wellness","url":"https:\/\/phytoiva.eu\/","logo":{"@type":"ImageObject","inLanguage":"fr-FR","@id":"https:\/\/phytoiva.eu\/#\/schema\/logo\/image\/","url":"https:\/\/phytoiva.eu\/wp-content\/uploads\/2025\/06\/cropped-Phytoiva-Icon.jpg","contentUrl":"https:\/\/phytoiva.eu\/wp-content\/uploads\/2025\/06\/cropped-Phytoiva-Icon.jpg","width":512,"height":512,"caption":"phytoiva"},"image":{"@id":"https:\/\/phytoiva.eu\/#\/schema\/logo\/image\/"},"description":"Go\u00fbt agr\u00e9able, haute biodisponibilit\u00e9, efficace, v\u00e9g\u00e9talien et naturel, voil\u00e0 comment nos suppl\u00e9ments vous aident \u00e0 changer votre vie."}]}},"_links":{"self":[{"href":"https:\/\/phytoiva.eu\/fr\/wp-json\/wp\/v2\/product\/3066","targetHints":{"allow":["GET"]}}],"collection":[{"href":"https:\/\/phytoiva.eu\/fr\/wp-json\/wp\/v2\/product"}],"about":[{"href":"https:\/\/phytoiva.eu\/fr\/wp-json\/wp\/v2\/types\/product"}],"replies":[{"embeddable":true,"href":"https:\/\/phytoiva.eu\/fr\/wp-json\/wp\/v2\/comments?post=3066"}],"version-history":[{"count":7,"href":"https:\/\/phytoiva.eu\/fr\/wp-json\/wp\/v2\/product\/3066\/revisions"}],"predecessor-version":[{"id":3603,"href":"https:\/\/phytoiva.eu\/fr\/wp-json\/wp\/v2\/product\/3066\/revisions\/3603"}],"wp:featuredmedia":[{"embeddable":true,"href":"https:\/\/phytoiva.eu\/fr\/wp-json\/wp\/v2\/media\/3068"}],"wp:attachment":[{"href":"https:\/\/phytoiva.eu\/fr\/wp-json\/wp\/v2\/media?parent=3066"}],"wp:term":[{"taxonomy":"product_brand","embeddable":true,"href":"https:\/\/phytoiva.eu\/fr\/wp-json\/wp\/v2\/product_brand?post=3066"},{"taxonomy":"product_cat","embeddable":true,"href":"https:\/\/phytoiva.eu\/fr\/wp-json\/wp\/v2\/product_cat?post=3066"},{"taxonomy":"product_tag","embeddable":true,"href":"https:\/\/phytoiva.eu\/fr\/wp-json\/wp\/v2\/product_tag?post=3066"}],"curies":[{"name":"wp","href":"https:\/\/api.w.org\/{rel}","templated":true}]}}