{"id":3054,"date":"2025-06-29T05:09:00","date_gmt":"2025-06-29T05:09:00","guid":{"rendered":"https:\/\/phytoiva.eu\/?post_type=product&#038;p=3054"},"modified":"2025-09-07T17:09:33","modified_gmt":"2025-09-07T17:09:33","slug":"stress-support-sleep-support-pack-zen-bundle","status":"publish","type":"product","link":"https:\/\/phytoiva.eu\/fr\/produit\/stress-support-sleep-support-pack-zen-bundle\/","title":{"rendered":"Stress Support + Sleep Support Pack | Zen Bundle"},"content":{"rendered":"<p data-start=\"1225\" data-end=\"1417\">Le Pack Bien-\u00eatre Stress &amp; Sommeil - Ensemble Zen est con\u00e7u pour s'int\u00e9grer naturellement \u00e0 votre mode de vie, offrant deux gommes compl\u00e9mentaires \u00e0 base de plantes pour un bien-\u00eatre global :<\/p>\n<ul data-start=\"1419\" data-end=\"1691\">\n<li data-start=\"1419\" data-end=\"1549\">\n<p data-start=\"1421\" data-end=\"1549\"><strong data-start=\"1421\" data-end=\"1447\">Gommes anti-stress<\/strong> - Formul\u00e9 avec de l'extrait de safran et de la vitamine B6 pour aider \u00e0 maintenir l'\u00e9quilibre et soutenir le bien-\u00eatre quotidien.<\/p>\n<\/li>\n<li data-start=\"1550\" data-end=\"1691\">\n<p data-start=\"1552\" data-end=\"1691\"><strong data-start=\"1552\" data-end=\"1577\">Gummies pour le soutien du sommeil<\/strong> - \u00e0 base de L-Th\u00e9anine, de M\u00e9lisse et de Vitamine B6 pour favoriser la relaxation du soir et une routine nocturne apaisante.<\/p>\n<\/li>\n<\/ul>\n<p data-start=\"1693\" data-end=\"1725\"><strong data-start=\"1693\" data-end=\"1723\">Pourquoi choisir l'offre group\u00e9e Zen ?<\/strong><\/p>\n<ul data-start=\"1726\" data-end=\"1919\">\n<li data-start=\"1726\" data-end=\"1771\">\n<p data-start=\"1728\" data-end=\"1771\">Favorise l'\u00e9quilibre et la concentration pendant la journ\u00e9e<\/p>\n<\/li>\n<li data-start=\"1772\" data-end=\"1821\">\n<p data-start=\"1774\" data-end=\"1821\">Favorise le calme et la d\u00e9tente en soir\u00e9e<\/p>\n<\/li>\n<li data-start=\"1822\" data-end=\"1867\">\n<p data-start=\"1824\" data-end=\"1867\">Compl\u00e8te votre routine de bien-\u00eatre naturel<\/p>\n<\/li>\n<li data-start=\"1868\" data-end=\"1919\">\n<p data-start=\"1870\" data-end=\"1919\">Vegan, sans sucre, sans gluten et \u00e0 base de plantes<\/p>\n<\/li>\n<\/ul>\n\n    <div class=\"xs_social_share_widget xs_share_url after_content \t\tmain_content  wslu-style-1 wslu-share-box-shaped wslu-fill-colored wslu-none wslu-share-horizontal wslu-theme-font-no wslu-main_content\">\n\n\t\t\n        <ul>\n\t\t\t        <\/ul>\n    <\/div>","protected":false},"excerpt":{"rendered":"<p data-start=\"750\" data-end=\"916\">D\u00e9couvrez l'harmonie avec notre Stress + Sleep Pack - Zen Bundle, une solution de bien-\u00eatre 2-en-1 con\u00e7ue pour favoriser l'\u00e9quilibre tout au long de la journ\u00e9e et la relaxation le soir.<\/p>\n<p data-start=\"918\" data-end=\"941\">Cette offre comprend<\/p>\n<ul data-start=\"942\" data-end=\"1219\">\n<li data-start=\"942\" data-end=\"1071\">\n<p data-start=\"944\" data-end=\"1071\"><strong data-start=\"944\" data-end=\"996\">Gommes anti-stress avec safran et vitamine B6<\/strong> - \u00e9labor\u00e9e pour aider \u00e0 maintenir une humeur positive et \u00e0 favoriser le bien-\u00eatre au quotidien.<\/p>\n<\/li>\n<li data-start=\"1072\" data-end=\"1219\">\n<p data-start=\"1074\" data-end=\"1219\"><strong data-start=\"1074\" data-end=\"1140\">Gummies pour le soutien du sommeil avec L-Th\u00e9anine, M\u00e9lisse et Vitamine B6<\/strong> - formul\u00e9e pour favoriser la d\u00e9tente du soir et une routine nocturne apaisante.<\/p>\n<\/li>\n<\/ul>\n<p data-start=\"1221\" data-end=\"1332\">Ces deux produits sont v\u00e9g\u00e9taliens, sans sucre et \u00e0 base de plantes, ce qui en fait un compl\u00e9ment propre et simple \u00e0 votre mode de vie quotidien.<\/p>\n<p data-start=\"1334\" data-end=\"1366\"><strong data-start=\"1334\" data-end=\"1364\">Avantages de l'offre group\u00e9e Zen<\/strong><\/p>\n<ul data-start=\"1367\" data-end=\"1788\">\n<li data-start=\"1367\" data-end=\"1565\">\n<p data-start=\"1369\" data-end=\"1565\"><strong data-start=\"1369\" data-end=\"1413\">Daytime Balance (gommes anti-stress)<\/strong><br data-start=\"1413\" data-end=\"1416\" \/>- Enrichi en extrait de safran et en vitamine B6<br data-start=\"1462\" data-end=\"1465\" \/>- Aide \u00e0 maintenir un \u00e9tat d'esprit calme et \u00e9quilibr\u00e9<br data-start=\"1517\" data-end=\"1520\" \/>- Compl\u00e8te votre routine quotidienne de bien-\u00eatre<\/p>\n<\/li>\n<li data-start=\"1567\" data-end=\"1788\">\n<p data-start=\"1569\" data-end=\"1788\"><strong data-start=\"1569\" data-end=\"1615\">Relaxation du soir (Gummies de soutien au sommeil)<\/strong><br data-start=\"1615\" data-end=\"1618\" \/>- Avec L-Th\u00e9anine, M\u00e9lisse et Pavot de Californie<br data-start=\"1668\" data-end=\"1671\" \/>- Favorise la relaxation dans le cadre de la routine nocturne<br data-start=\"1730\" data-end=\"1733\" \/>- Favorise le bien-\u00eatre g\u00e9n\u00e9ral et l'\u00e9quilibre du mode de vie<\/p>\n<\/li>\n<\/ul>","protected":false},"featured_media":3055,"comment_status":"open","ping_status":"closed","template":"","meta":{"_acf_changed":false,"postBodyCss":"","postBodyMargin":[],"postBodyPadding":[],"postBodyBackground":{"backgroundType":"classic","gradient":""}},"product_brand":[29],"product_cat":[22],"product_tag":[30,28,31],"class_list":{"0":"post-3054","1":"product","2":"type-product","3":"status-publish","4":"has-post-thumbnail","6":"product_brand-phytoiva","7":"product_cat-sleep-support","8":"product_tag-bestsellers","9":"product_tag-gummies","10":"product_tag-stress","12":"first","13":"instock","14":"sale","15":"taxable","16":"shipping-taxable","17":"purchasable","18":"product-type-simple"},"acf":[],"yoast_head":"<!-- This site is optimized with the Yoast SEO Premium plugin v25.4 (Yoast SEO v27.3) - https:\/\/yoast.com\/product\/yoast-seo-premium-wordpress\/ -->\n<title>Stress Support + Sleep Support Pack | Zen Bundle | Phytoiva<\/title>\n<meta name=\"robots\" content=\"index, follow, max-snippet:-1, max-image-preview:large, max-video-preview:-1\" \/>\n<link rel=\"canonical\" href=\"https:\/\/phytoiva.eu\/fr\/produit\/stress-support-sleep-support-pack-zen-bundle\/\" \/>\n<meta property=\"og:locale\" content=\"fr_FR\" \/>\n<meta property=\"og:type\" content=\"article\" \/>\n<meta property=\"og:title\" content=\"Stress Support + Sleep Support Pack | Zen Bundle\" \/>\n<meta property=\"og:description\" content=\"Discover harmony with our Stress + Sleep Pack \u2013 Zen Bundle, a 2-in-1 wellness solution designed to support balance throughout the day and relaxation in the evening. This bundle includes:     Stress Support Gummies with Saffron &amp; Vitamin B6 \u2013 crafted to help maintain a positive mood and support daily well-being.    Sleep Support Gummies with L-Theanine, Lemon Balm &amp; Vitamin B6 \u2013 formulated to encourage evening relaxation and a soothing nightly routine.   Both are vegan, sugar-free, and plant-based, making them a clean and simple addition to your daily lifestyle. Benefits of the Zen Bundle     Daytime Balance (Stress Support Gummies)\u2022 Enriched with saffron extract &amp; Vitamin B6\u2022 Helps maintain a calm and balanced state of mind\u2022 Complements your daily wellness routine    Evening Relaxation (Sleep Support Gummies)\u2022 With L-Theanine, Lemon Balm &amp; California Poppy\u2022 Encourages relaxation as part of your nighttime routine\u2022 Supports overall well-being and lifestyle balance\" \/>\n<meta property=\"og:url\" content=\"https:\/\/phytoiva.eu\/fr\/produit\/stress-support-sleep-support-pack-zen-bundle\/\" \/>\n<meta property=\"og:site_name\" content=\"Phytoiva\" \/>\n<meta property=\"article:modified_time\" content=\"2025-09-07T17:09:33+00:00\" \/>\n<meta property=\"og:image\" content=\"https:\/\/phytoiva.eu\/wp-content\/uploads\/2025\/09\/Pack-of-2-Stress-Sleep.jpg\" \/>\n\t<meta property=\"og:image:width\" content=\"1000\" \/>\n\t<meta property=\"og:image:height\" content=\"1000\" \/>\n\t<meta property=\"og:image:type\" content=\"image\/jpeg\" \/>\n<meta name=\"twitter:card\" content=\"summary_large_image\" \/>\n<meta name=\"twitter:label1\" content=\"Est. reading time\" \/>\n\t<meta name=\"twitter:data1\" content=\"1 minute\" \/>\n<script type=\"application\/ld+json\" class=\"yoast-schema-graph\">{\"@context\":\"https:\\\/\\\/schema.org\",\"@graph\":[{\"@type\":\"WebPage\",\"@id\":\"https:\\\/\\\/phytoiva.eu\\\/product\\\/stress-support-sleep-support-pack-zen-bundle\\\/\",\"url\":\"https:\\\/\\\/phytoiva.eu\\\/product\\\/stress-support-sleep-support-pack-zen-bundle\\\/\",\"name\":\"Stress Support + Sleep Support Pack | Zen Bundle | Phytoiva\",\"isPartOf\":{\"@id\":\"https:\\\/\\\/phytoiva.eu\\\/#website\"},\"primaryImageOfPage\":{\"@id\":\"https:\\\/\\\/phytoiva.eu\\\/product\\\/stress-support-sleep-support-pack-zen-bundle\\\/#primaryimage\"},\"image\":{\"@id\":\"https:\\\/\\\/phytoiva.eu\\\/product\\\/stress-support-sleep-support-pack-zen-bundle\\\/#primaryimage\"},\"thumbnailUrl\":\"https:\\\/\\\/phytoiva.eu\\\/wp-content\\\/uploads\\\/2025\\\/09\\\/Pack-of-2-Stress-Sleep.jpg\",\"datePublished\":\"2025-06-29T05:09:00+00:00\",\"dateModified\":\"2025-09-07T17:09:33+00:00\",\"breadcrumb\":{\"@id\":\"https:\\\/\\\/phytoiva.eu\\\/product\\\/stress-support-sleep-support-pack-zen-bundle\\\/#breadcrumb\"},\"inLanguage\":\"fr-FR\",\"potentialAction\":[{\"@type\":\"ReadAction\",\"target\":[\"https:\\\/\\\/phytoiva.eu\\\/product\\\/stress-support-sleep-support-pack-zen-bundle\\\/\"]}]},{\"@type\":\"ImageObject\",\"inLanguage\":\"fr-FR\",\"@id\":\"https:\\\/\\\/phytoiva.eu\\\/product\\\/stress-support-sleep-support-pack-zen-bundle\\\/#primaryimage\",\"url\":\"https:\\\/\\\/phytoiva.eu\\\/wp-content\\\/uploads\\\/2025\\\/09\\\/Pack-of-2-Stress-Sleep.jpg\",\"contentUrl\":\"https:\\\/\\\/phytoiva.eu\\\/wp-content\\\/uploads\\\/2025\\\/09\\\/Pack-of-2-Stress-Sleep.jpg\",\"width\":1000,\"height\":1000},{\"@type\":\"BreadcrumbList\",\"@id\":\"https:\\\/\\\/phytoiva.eu\\\/product\\\/stress-support-sleep-support-pack-zen-bundle\\\/#breadcrumb\",\"itemListElement\":[{\"@type\":\"ListItem\",\"position\":1,\"name\":\"Home\",\"item\":\"https:\\\/\\\/phytoiva.eu\\\/\"},{\"@type\":\"ListItem\",\"position\":2,\"name\":\"Shop\",\"item\":\"https:\\\/\\\/phytoiva.eu\\\/shop\\\/\"},{\"@type\":\"ListItem\",\"position\":3,\"name\":\"Stress Support + Sleep Support Pack | Zen Bundle\"}]},{\"@type\":\"WebSite\",\"@id\":\"https:\\\/\\\/phytoiva.eu\\\/#website\",\"url\":\"https:\\\/\\\/phytoiva.eu\\\/\",\"name\":\"phytoiva\",\"description\":\"Plant Based | Vegan | Natural\",\"publisher\":{\"@id\":\"https:\\\/\\\/phytoiva.eu\\\/#organization\"},\"potentialAction\":[{\"@type\":\"SearchAction\",\"target\":{\"@type\":\"EntryPoint\",\"urlTemplate\":\"https:\\\/\\\/phytoiva.eu\\\/?s={search_term_string}\"},\"query-input\":{\"@type\":\"PropertyValueSpecification\",\"valueRequired\":true,\"valueName\":\"search_term_string\"}}],\"inLanguage\":\"fr-FR\"},{\"@type\":\"Organization\",\"@id\":\"https:\\\/\\\/phytoiva.eu\\\/#organization\",\"name\":\"phytoiva\",\"alternateName\":\"Vegan, Natural Wellness\",\"url\":\"https:\\\/\\\/phytoiva.eu\\\/\",\"logo\":{\"@type\":\"ImageObject\",\"inLanguage\":\"fr-FR\",\"@id\":\"https:\\\/\\\/phytoiva.eu\\\/#\\\/schema\\\/logo\\\/image\\\/\",\"url\":\"https:\\\/\\\/phytoiva.eu\\\/wp-content\\\/uploads\\\/2025\\\/06\\\/cropped-Phytoiva-Icon.jpg\",\"contentUrl\":\"https:\\\/\\\/phytoiva.eu\\\/wp-content\\\/uploads\\\/2025\\\/06\\\/cropped-Phytoiva-Icon.jpg\",\"width\":512,\"height\":512,\"caption\":\"phytoiva\"},\"image\":{\"@id\":\"https:\\\/\\\/phytoiva.eu\\\/#\\\/schema\\\/logo\\\/image\\\/\"},\"description\":\"Enjoyable taste, high bioavailablilty, effective, vegan & natural, this is how our supplements help you changing your life.\"}]}<\/script>\n<!-- \/ Yoast SEO Premium plugin. -->","yoast_head_json":{"title":"Stress Support + Sleep Support Pack | Zen Bundle | Phytoiva","robots":{"index":"index","follow":"follow","max-snippet":"max-snippet:-1","max-image-preview":"max-image-preview:large","max-video-preview":"max-video-preview:-1"},"canonical":"https:\/\/phytoiva.eu\/fr\/produit\/stress-support-sleep-support-pack-zen-bundle\/","og_locale":"fr_FR","og_type":"article","og_title":"Stress Support + Sleep Support Pack | Zen Bundle","og_description":"Discover harmony with our Stress + Sleep Pack \u2013 Zen Bundle, a 2-in-1 wellness solution designed to support balance throughout the day and relaxation in the evening. This bundle includes:     Stress Support Gummies with Saffron &amp; Vitamin B6 \u2013 crafted to help maintain a positive mood and support daily well-being.    Sleep Support Gummies with L-Theanine, Lemon Balm &amp; Vitamin B6 \u2013 formulated to encourage evening relaxation and a soothing nightly routine.   Both are vegan, sugar-free, and plant-based, making them a clean and simple addition to your daily lifestyle. Benefits of the Zen Bundle     Daytime Balance (Stress Support Gummies)\u2022 Enriched with saffron extract &amp; Vitamin B6\u2022 Helps maintain a calm and balanced state of mind\u2022 Complements your daily wellness routine    Evening Relaxation (Sleep Support Gummies)\u2022 With L-Theanine, Lemon Balm &amp; California Poppy\u2022 Encourages relaxation as part of your nighttime routine\u2022 Supports overall well-being and lifestyle balance","og_url":"https:\/\/phytoiva.eu\/fr\/produit\/stress-support-sleep-support-pack-zen-bundle\/","og_site_name":"Phytoiva","article_modified_time":"2025-09-07T17:09:33+00:00","og_image":[{"width":1000,"height":1000,"url":"https:\/\/phytoiva.eu\/wp-content\/uploads\/2025\/09\/Pack-of-2-Stress-Sleep.jpg","type":"image\/jpeg"}],"twitter_card":"summary_large_image","twitter_misc":{"Est. reading time":"1 minute"},"schema":{"@context":"https:\/\/schema.org","@graph":[{"@type":"WebPage","@id":"https:\/\/phytoiva.eu\/product\/stress-support-sleep-support-pack-zen-bundle\/","url":"https:\/\/phytoiva.eu\/product\/stress-support-sleep-support-pack-zen-bundle\/","name":"Stress Support + Sleep Support Pack | Zen Bundle | Phytoiva","isPartOf":{"@id":"https:\/\/phytoiva.eu\/#website"},"primaryImageOfPage":{"@id":"https:\/\/phytoiva.eu\/product\/stress-support-sleep-support-pack-zen-bundle\/#primaryimage"},"image":{"@id":"https:\/\/phytoiva.eu\/product\/stress-support-sleep-support-pack-zen-bundle\/#primaryimage"},"thumbnailUrl":"https:\/\/phytoiva.eu\/wp-content\/uploads\/2025\/09\/Pack-of-2-Stress-Sleep.jpg","datePublished":"2025-06-29T05:09:00+00:00","dateModified":"2025-09-07T17:09:33+00:00","breadcrumb":{"@id":"https:\/\/phytoiva.eu\/product\/stress-support-sleep-support-pack-zen-bundle\/#breadcrumb"},"inLanguage":"fr-FR","potentialAction":[{"@type":"ReadAction","target":["https:\/\/phytoiva.eu\/product\/stress-support-sleep-support-pack-zen-bundle\/"]}]},{"@type":"ImageObject","inLanguage":"fr-FR","@id":"https:\/\/phytoiva.eu\/product\/stress-support-sleep-support-pack-zen-bundle\/#primaryimage","url":"https:\/\/phytoiva.eu\/wp-content\/uploads\/2025\/09\/Pack-of-2-Stress-Sleep.jpg","contentUrl":"https:\/\/phytoiva.eu\/wp-content\/uploads\/2025\/09\/Pack-of-2-Stress-Sleep.jpg","width":1000,"height":1000},{"@type":"BreadcrumbList","@id":"https:\/\/phytoiva.eu\/product\/stress-support-sleep-support-pack-zen-bundle\/#breadcrumb","itemListElement":[{"@type":"ListItem","position":1,"name":"Home","item":"https:\/\/phytoiva.eu\/"},{"@type":"ListItem","position":2,"name":"Shop","item":"https:\/\/phytoiva.eu\/shop\/"},{"@type":"ListItem","position":3,"name":"Stress Support + Sleep Support Pack | Zen Bundle"}]},{"@type":"WebSite","@id":"https:\/\/phytoiva.eu\/#website","url":"https:\/\/phytoiva.eu\/","name":"phytoiva","description":"v\u00e9g\u00e9tal | v\u00e9g\u00e9talien | naturel","publisher":{"@id":"https:\/\/phytoiva.eu\/#organization"},"potentialAction":[{"@type":"SearchAction","target":{"@type":"EntryPoint","urlTemplate":"https:\/\/phytoiva.eu\/?s={search_term_string}"},"query-input":{"@type":"PropertyValueSpecification","valueRequired":true,"valueName":"search_term_string"}}],"inLanguage":"fr-FR"},{"@type":"Organization","@id":"https:\/\/phytoiva.eu\/#organization","name":"phytoiva","alternateName":"Vegan, Natural Wellness","url":"https:\/\/phytoiva.eu\/","logo":{"@type":"ImageObject","inLanguage":"fr-FR","@id":"https:\/\/phytoiva.eu\/#\/schema\/logo\/image\/","url":"https:\/\/phytoiva.eu\/wp-content\/uploads\/2025\/06\/cropped-Phytoiva-Icon.jpg","contentUrl":"https:\/\/phytoiva.eu\/wp-content\/uploads\/2025\/06\/cropped-Phytoiva-Icon.jpg","width":512,"height":512,"caption":"phytoiva"},"image":{"@id":"https:\/\/phytoiva.eu\/#\/schema\/logo\/image\/"},"description":"Go\u00fbt agr\u00e9able, haute biodisponibilit\u00e9, efficace, v\u00e9g\u00e9talien et naturel, voil\u00e0 comment nos suppl\u00e9ments vous aident \u00e0 changer votre vie."}]}},"_links":{"self":[{"href":"https:\/\/phytoiva.eu\/fr\/wp-json\/wp\/v2\/product\/3054","targetHints":{"allow":["GET"]}}],"collection":[{"href":"https:\/\/phytoiva.eu\/fr\/wp-json\/wp\/v2\/product"}],"about":[{"href":"https:\/\/phytoiva.eu\/fr\/wp-json\/wp\/v2\/types\/product"}],"replies":[{"embeddable":true,"href":"https:\/\/phytoiva.eu\/fr\/wp-json\/wp\/v2\/comments?post=3054"}],"version-history":[{"count":14,"href":"https:\/\/phytoiva.eu\/fr\/wp-json\/wp\/v2\/product\/3054\/revisions"}],"predecessor-version":[{"id":3396,"href":"https:\/\/phytoiva.eu\/fr\/wp-json\/wp\/v2\/product\/3054\/revisions\/3396"}],"wp:featuredmedia":[{"embeddable":true,"href":"https:\/\/phytoiva.eu\/fr\/wp-json\/wp\/v2\/media\/3055"}],"wp:attachment":[{"href":"https:\/\/phytoiva.eu\/fr\/wp-json\/wp\/v2\/media?parent=3054"}],"wp:term":[{"taxonomy":"product_brand","embeddable":true,"href":"https:\/\/phytoiva.eu\/fr\/wp-json\/wp\/v2\/product_brand?post=3054"},{"taxonomy":"product_cat","embeddable":true,"href":"https:\/\/phytoiva.eu\/fr\/wp-json\/wp\/v2\/product_cat?post=3054"},{"taxonomy":"product_tag","embeddable":true,"href":"https:\/\/phytoiva.eu\/fr\/wp-json\/wp\/v2\/product_tag?post=3054"}],"curies":[{"name":"wp","href":"https:\/\/api.w.org\/{rel}","templated":true}]}}