{"id":1110,"date":"2025-06-20T06:18:18","date_gmt":"2025-06-20T06:18:18","guid":{"rendered":"https:\/\/phytoiva.eu\/?post_type=product&#038;p=1110"},"modified":"2025-09-22T20:25:19","modified_gmt":"2025-09-22T18:25:19","slug":"gommes-anti-stress-au-safran-vitamine-b6-vegan","status":"publish","type":"product","link":"https:\/\/phytoiva.eu\/fr\/produit\/gommes-anti-stress-au-safran-vitamine-b6-vegan\/","title":{"rendered":"Stress Support Gummies | Safran | vitamine B6 | Vegan"},"content":{"rendered":"<p style=\"margin-top: 0in;text-align: justify;background: white\">Nos gommes Safran B6 contiennent 7,5 mg d'extrait de safran pur par gomme. <span style=\"color: #244c3b\"><a style=\"color: #244c3b\" href=\"https:\/\/phytoiva.eu\/en\/saffron-and-stress-a-natural-solution-for-emotional-balance-and-mental-well-being\" target=\"_blank\" rel=\"noopener\"><u>La recherche scientifique et les essais cliniques recommandent l'utilisation de 28 mg de Safran par jour.<\/u><\/a><\/span>. Les gommes sont recommand\u00e9es pour les p\u00e9riodes de stress accru, de fatigue ou de tension \u00e9motionnelle qui peuvent \u00eatre difficiles \u00e0 g\u00e9rer. Ils peuvent \u00e9galement \u00eatre utilis\u00e9s pour les enfants qui souffrent d'un manque de concentration et d'une grande activit\u00e9. <span style=\"color: #244c3b\"><a style=\"color: #244c3b\" href=\"https:\/\/phytoiva.eu\/en\/saffron-and-stress-a-natural-solution-for-emotional-balance-and-mental-well-being\/\" target=\"_blank\" rel=\"noopener\"><u>Combinaison du Safran et de la vitamine B6<\/u><\/a><\/span>Ils favorisent l'\u00e9quilibre mental, aident \u00e0 r\u00e9duire la nervosit\u00e9 et contribuent \u00e0 une humeur plus stable, apportant un soulagement dans les moments de tension \u00e9motionnelle ou de stress quotidien.<\/p>\n<h4 style=\"margin-top: 0in;text-align: justify;background: white\"><span style=\"color: #244c3b\"><b><span lang=\"EN-GB\" style=\"font-family: 'Segoe UI', sans-serif\">Avantages et b\u00e9n\u00e9fices<\/span><\/b><\/span><\/h4>\n<ul>\n<li>Soutien naturel au stress<\/li>\n<li>Sans sucre<\/li>\n<li>V\u00e9g\u00e9talien<\/li>\n<li>Formule \u00e0 base de plantes<\/li>\n<li>Go\u00fbt naturel, ar\u00f4me de kiwi<\/li>\n<li>Calme et clart\u00e9 au quotidien<\/li>\n<\/ul>\n<p style=\"background: white\">Se sentir bien. Rester \u00e9quilibr\u00e9.<\/p>\n<p data-start=\"1165\" data-end=\"1232\"><style>#sp-ea-1751 .spcollapsing { height: 0; overflow: hidden; transition-property: height;transition-duration: 300ms;}#sp-ea-1751.sp-easy-accordion>.sp-ea-single {margin-bottom: 10px; border: 1px solid #e2e2e2; }#sp-ea-1751.sp-easy-accordion>.sp-ea-single>.ea-header a {color: #444;}#sp-ea-1751.sp-easy-accordion>.sp-ea-single>.sp-collapse>.ea-body {background: #fff; color: #444;}#sp-ea-1751.sp-easy-accordion>.sp-ea-single {background: #eee;}#sp-ea-1751.sp-easy-accordion>.sp-ea-single>.ea-header a .ea-expand-icon { float: left; color: #444;font-size: 16px;}<\/style><div id=\"sp_easy_accordion-1753087296\"><div id=\"sp-ea-1751\" class=\"sp-ea-one sp-easy-accordion\" data-ea-active=\"ea-click\" data-ea-mode=\"vertical\" data-preloader=\"\" data-scroll-active-item=\"\" data-offset-to-scroll=\"0\"><div class=\"ea-card ea-expand sp-ea-single\"><h3 class=\"ea-header\"><a class=\"collapsed\" id=\"ea-header-17510\" role=\"button\" data-sptoggle=\"spcollapse\" data-sptarget=\"#collapse17510\" aria-controls=\"collapse17510\" href=\"#\" aria-expanded=\"true\" tabindex=\"0\"><i aria-hidden=\"true\" role=\"presentation\" class=\"ea-expand-icon eap-icon-ea-expand-minus\"><\/i> Comment Phytoiva Stress Support Gummies fonctionne-t-il ?<\/a><\/h3><div class=\"sp-collapse spcollapse collapsed show\" id=\"collapse17510\" data-parent=\"#sp-ea-1751\" role=\"region\" aria-labelledby=\"ea-header-17510\"> <div class=\"ea-body\"><p>Les gommes Phytoiva Stress Support Gummies sont sp\u00e9cialement formul\u00e9es avec des ingr\u00e9dients tels que le safran et la vitamine B6 pour r\u00e9duire le stress et am\u00e9liorer votre humeur.<\/p><\/div><\/div><\/div><div class=\"ea-card sp-ea-single\"><h3 class=\"ea-header\"><a class=\"collapsed\" id=\"ea-header-17511\" role=\"button\" data-sptoggle=\"spcollapse\" data-sptarget=\"#collapse17511\" aria-controls=\"collapse17511\" href=\"#\" aria-expanded=\"false\" tabindex=\"0\"><i aria-hidden=\"true\" role=\"presentation\" class=\"ea-expand-icon eap-icon-ea-expand-plus\"><\/i> \u00c0 qui s'adressent ces gommes ?<\/a><\/h3><div class=\"sp-collapse spcollapse\" id=\"collapse17511\" data-parent=\"#sp-ea-1751\" role=\"region\" aria-labelledby=\"ea-header-17511\"> <div class=\"ea-body\"><p>Ces gommes sont destin\u00e9es \u00e0 tous ceux qui souffrent de stress et de tension au quotidien et qui recherchent un compl\u00e9ment naturel pour y rem\u00e9dier.<\/p><\/div><\/div><\/div><div class=\"ea-card sp-ea-single\"><h3 class=\"ea-header\"><a class=\"collapsed\" id=\"ea-header-17512\" role=\"button\" data-sptoggle=\"spcollapse\" data-sptarget=\"#collapse17512\" aria-controls=\"collapse17512\" href=\"#\" aria-expanded=\"false\" tabindex=\"0\"><i aria-hidden=\"true\" role=\"presentation\" class=\"ea-expand-icon eap-icon-ea-expand-plus\"><\/i> Comment prenez-vous les gommes de soutien au stress Phytoiva ?<\/a><\/h3><div class=\"sp-collapse spcollapse\" id=\"collapse17512\" data-parent=\"#sp-ea-1751\" role=\"region\" aria-labelledby=\"ea-header-17512\"> <div class=\"ea-body\"><p>Prendre 2 \u00e0 4 gommes par jour, de pr\u00e9f\u00e9rence au cours d'un repas. Bien m\u00e2cher les gommes avant de les avaler pour une meilleure absorption des ingr\u00e9dients.<\/p><\/div><\/div><\/div><div class=\"ea-card sp-ea-single\"><h3 class=\"ea-header\"><a class=\"collapsed\" id=\"ea-header-17513\" role=\"button\" data-sptoggle=\"spcollapse\" data-sptarget=\"#collapse17513\" aria-controls=\"collapse17513\" href=\"#\" aria-expanded=\"false\" tabindex=\"0\"><i aria-hidden=\"true\" role=\"presentation\" class=\"ea-expand-icon eap-icon-ea-expand-plus\"><\/i> Les gommes Phytoiva Stress Support sont-elles v\u00e9g\u00e9taliennes et sans sucre ?<\/a><\/h3><div class=\"sp-collapse spcollapse\" id=\"collapse17513\" data-parent=\"#sp-ea-1751\" role=\"region\" aria-labelledby=\"ea-header-17513\"> <div class=\"ea-body\"><p>Oui, ces gommes sont enti\u00e8rement v\u00e9g\u00e9taliennes et sans sucre, de sorte que tout le monde peut les appr\u00e9cier quelles que soient ses pr\u00e9f\u00e9rences alimentaires.<\/p><\/div><\/div><\/div><div class=\"ea-card sp-ea-single\"><h3 class=\"ea-header\"><a class=\"collapsed\" id=\"ea-header-17514\" role=\"button\" data-sptoggle=\"spcollapse\" data-sptarget=\"#collapse17514\" aria-controls=\"collapse17514\" href=\"#\" aria-expanded=\"false\" tabindex=\"0\"><i aria-hidden=\"true\" role=\"presentation\" class=\"ea-expand-icon eap-icon-ea-expand-plus\"><\/i> Combien y a-t-il de gommes dans un paquet ?<\/a><\/h3><div class=\"sp-collapse spcollapse\" id=\"collapse17514\" data-parent=\"#sp-ea-1751\" role=\"region\" aria-labelledby=\"ea-header-17514\"> <div class=\"ea-body\"><p>Chaque emballage contient 60 gommes, ce qui est suffisant pour un mois d'utilisation quotidienne de ce suppl\u00e9ment.<\/p><\/div><\/div><\/div><\/div><\/div><\/p>\n\n    <div class=\"xs_social_share_widget xs_share_url after_content \t\tmain_content  wslu-style-1 wslu-share-box-shaped wslu-fill-colored wslu-none wslu-share-horizontal wslu-theme-font-no wslu-main_content\">\n\n\t\t\n        <ul>\n\t\t\t        <\/ul>\n    <\/div>","protected":false},"excerpt":{"rendered":"<p style=\"text-align: justify\">Nos gommes Safran B6 contiennent 7,5 mg d'extrait de safran pur par gomme. <span style=\"color: #244c3b\"><a style=\"color: #244c3b\" href=\"https:\/\/phytoiva.eu\/en\/saffron-and-stress-a-natural-solution-for-emotional-balance-and-mental-well-being\/\" target=\"_blank\" rel=\"noopener\"><u>La recherche scientifique et les essais cliniques recommandent l'utilisation de 28 mg de Safran par jour.<\/u><\/a><\/span> Les gommes sont recommand\u00e9es pour les p\u00e9riodes de stress accru, de fatigue ou de tension \u00e9motionnelle qui peuvent \u00eatre difficiles \u00e0 g\u00e9rer. Ils peuvent \u00e9galement \u00eatre utilis\u00e9s pour les enfants qui souffrent d'un manque de concentration et d'une grande activit\u00e9. <span style=\"color: #244c3b\"><a style=\"color: #244c3b\" href=\"https:\/\/phytoiva.eu\/en\/saffron-and-stress-a-natural-solution-for-emotional-balance-and-mental-well-being\/\" target=\"_blank\" rel=\"noopener\"><u>Combinaison du Safran et de la vitamine B6<\/u><\/a>,<\/span> favorisent l'\u00e9quilibre mental, aident \u00e0 r\u00e9duire la nervosit\u00e9 et contribuent \u00e0 une humeur plus stable, apportant un soulagement dans les moments de tension \u00e9motionnelle ou de stress quotidien.<\/p>\n<h5><span style=\"color: #244c3b\"><b><span lang=\"EN-GB\" style=\"font-family: 'Segoe UI', sans-serif\">Avantages et b\u00e9n\u00e9fices<\/span><\/b><\/span><\/h5>\n<ul>\n<li>Soutien naturel au stress<\/li>\n<li>Sans sucre<\/li>\n<li>V\u00e9g\u00e9talien<\/li>\n<li>Formule \u00e0 base de plantes<\/li>\n<li>Go\u00fbt naturel, ar\u00f4me de kiwi<\/li>\n<li>Calme et clart\u00e9 au quotidien<\/li>\n<\/ul>\n<p class=\"s-spacershort\">Se sentir bien. Rester \u00e9quilibr\u00e9.<\/p>","protected":false},"featured_media":3095,"comment_status":"open","ping_status":"closed","template":"","meta":{"_acf_changed":false,"postBodyCss":"","postBodyMargin":[],"postBodyPadding":[],"postBodyBackground":{"backgroundType":"classic","gradient":""}},"product_brand":[29],"product_cat":[23],"product_tag":[30,28,31],"class_list":{"0":"post-1110","1":"product","2":"type-product","3":"status-publish","4":"has-post-thumbnail","6":"product_brand-phytoiva","7":"product_cat-stress-support","8":"product_tag-bestsellers","9":"product_tag-gummies","10":"product_tag-stress","12":"first","13":"instock","14":"sale","15":"featured","16":"taxable","17":"shipping-taxable","18":"purchasable","19":"product-type-simple"},"acf":[],"yoast_head":"<!-- This site is optimized with the Yoast SEO Premium plugin v25.4 (Yoast SEO v27.3) - https:\/\/yoast.com\/product\/yoast-seo-premium-wordpress\/ -->\n<title>Stress Support Gummies | Saffron | vitamin B6 | Vegan | Phytoiva<\/title>\n<meta name=\"description\" content=\"Our gummies contain 7.5 mg of pure saffron extract per gummy. Scientific research and clinical trial recommended the use of 28 mg of Safran per day.\" \/>\n<meta name=\"robots\" content=\"index, follow, max-snippet:-1, max-image-preview:large, max-video-preview:-1\" \/>\n<link rel=\"canonical\" href=\"https:\/\/phytoiva.eu\/fr\/produit\/gommes-anti-stress-au-safran-vitamine-b6-vegan\/\" \/>\n<meta property=\"og:locale\" content=\"fr_FR\" \/>\n<meta property=\"og:type\" content=\"article\" \/>\n<meta property=\"og:title\" content=\"Stress Support Gummies | Saffron | vitamin B6 | Vegan\" \/>\n<meta property=\"og:description\" content=\"Our gummies contain 7.5 mg of pure saffron extract per gummy. Scientific research and clinical trial recommended the use of 28 mg of Safran per day.\" \/>\n<meta property=\"og:url\" content=\"https:\/\/phytoiva.eu\/fr\/produit\/gommes-anti-stress-au-safran-vitamine-b6-vegan\/\" \/>\n<meta property=\"og:site_name\" content=\"Phytoiva\" \/>\n<meta property=\"article:modified_time\" content=\"2025-09-22T18:25:19+00:00\" \/>\n<meta property=\"og:image\" content=\"https:\/\/phytoiva.eu\/wp-content\/uploads\/2025\/06\/Stress-Gummies-1000x1000-1.png\" \/>\n\t<meta property=\"og:image:width\" content=\"1000\" \/>\n\t<meta property=\"og:image:height\" content=\"1000\" \/>\n\t<meta property=\"og:image:type\" content=\"image\/png\" \/>\n<meta name=\"twitter:card\" content=\"summary_large_image\" \/>\n<meta name=\"twitter:label1\" content=\"Est. reading time\" \/>\n\t<meta name=\"twitter:data1\" content=\"1 minute\" \/>\n<script type=\"application\/ld+json\" class=\"yoast-schema-graph\">{\"@context\":\"https:\\\/\\\/schema.org\",\"@graph\":[{\"@type\":\"WebPage\",\"@id\":\"https:\\\/\\\/phytoiva.eu\\\/product\\\/stress-support-gummies-with-saffron-vitamin-b6-vegan\\\/\",\"url\":\"https:\\\/\\\/phytoiva.eu\\\/product\\\/stress-support-gummies-with-saffron-vitamin-b6-vegan\\\/\",\"name\":\"Stress Support Gummies | Saffron | vitamin B6 | Vegan | Phytoiva\",\"isPartOf\":{\"@id\":\"https:\\\/\\\/phytoiva.eu\\\/#website\"},\"primaryImageOfPage\":{\"@id\":\"https:\\\/\\\/phytoiva.eu\\\/product\\\/stress-support-gummies-with-saffron-vitamin-b6-vegan\\\/#primaryimage\"},\"image\":{\"@id\":\"https:\\\/\\\/phytoiva.eu\\\/product\\\/stress-support-gummies-with-saffron-vitamin-b6-vegan\\\/#primaryimage\"},\"thumbnailUrl\":\"https:\\\/\\\/phytoiva.eu\\\/wp-content\\\/uploads\\\/2025\\\/06\\\/Stress-Gummies-1000x1000-1.png\",\"datePublished\":\"2025-06-20T06:18:18+00:00\",\"dateModified\":\"2025-09-22T18:25:19+00:00\",\"description\":\"Our gummies contain 7.5 mg of pure saffron extract per gummy. Scientific research and clinical trial recommended the use of 28 mg of Safran per day.\",\"breadcrumb\":{\"@id\":\"https:\\\/\\\/phytoiva.eu\\\/product\\\/stress-support-gummies-with-saffron-vitamin-b6-vegan\\\/#breadcrumb\"},\"inLanguage\":\"fr-FR\",\"potentialAction\":[{\"@type\":\"ReadAction\",\"target\":[\"https:\\\/\\\/phytoiva.eu\\\/product\\\/stress-support-gummies-with-saffron-vitamin-b6-vegan\\\/\"]}]},{\"@type\":\"ImageObject\",\"inLanguage\":\"fr-FR\",\"@id\":\"https:\\\/\\\/phytoiva.eu\\\/product\\\/stress-support-gummies-with-saffron-vitamin-b6-vegan\\\/#primaryimage\",\"url\":\"https:\\\/\\\/phytoiva.eu\\\/wp-content\\\/uploads\\\/2025\\\/06\\\/Stress-Gummies-1000x1000-1.png\",\"contentUrl\":\"https:\\\/\\\/phytoiva.eu\\\/wp-content\\\/uploads\\\/2025\\\/06\\\/Stress-Gummies-1000x1000-1.png\",\"width\":1000,\"height\":1000,\"caption\":\"Stress Gummies\"},{\"@type\":\"BreadcrumbList\",\"@id\":\"https:\\\/\\\/phytoiva.eu\\\/product\\\/stress-support-gummies-with-saffron-vitamin-b6-vegan\\\/#breadcrumb\",\"itemListElement\":[{\"@type\":\"ListItem\",\"position\":1,\"name\":\"Home\",\"item\":\"https:\\\/\\\/phytoiva.eu\\\/\"},{\"@type\":\"ListItem\",\"position\":2,\"name\":\"Shop\",\"item\":\"https:\\\/\\\/phytoiva.eu\\\/shop\\\/\"},{\"@type\":\"ListItem\",\"position\":3,\"name\":\"Stress Support Gummies | Saffron | vitamin B6 | Vegan\"}]},{\"@type\":\"WebSite\",\"@id\":\"https:\\\/\\\/phytoiva.eu\\\/#website\",\"url\":\"https:\\\/\\\/phytoiva.eu\\\/\",\"name\":\"phytoiva\",\"description\":\"Plant Based | Vegan | Natural\",\"publisher\":{\"@id\":\"https:\\\/\\\/phytoiva.eu\\\/#organization\"},\"potentialAction\":[{\"@type\":\"SearchAction\",\"target\":{\"@type\":\"EntryPoint\",\"urlTemplate\":\"https:\\\/\\\/phytoiva.eu\\\/?s={search_term_string}\"},\"query-input\":{\"@type\":\"PropertyValueSpecification\",\"valueRequired\":true,\"valueName\":\"search_term_string\"}}],\"inLanguage\":\"fr-FR\"},{\"@type\":\"Organization\",\"@id\":\"https:\\\/\\\/phytoiva.eu\\\/#organization\",\"name\":\"phytoiva\",\"alternateName\":\"Vegan, Natural Wellness\",\"url\":\"https:\\\/\\\/phytoiva.eu\\\/\",\"logo\":{\"@type\":\"ImageObject\",\"inLanguage\":\"fr-FR\",\"@id\":\"https:\\\/\\\/phytoiva.eu\\\/#\\\/schema\\\/logo\\\/image\\\/\",\"url\":\"https:\\\/\\\/phytoiva.eu\\\/wp-content\\\/uploads\\\/2025\\\/06\\\/cropped-Phytoiva-Icon.jpg\",\"contentUrl\":\"https:\\\/\\\/phytoiva.eu\\\/wp-content\\\/uploads\\\/2025\\\/06\\\/cropped-Phytoiva-Icon.jpg\",\"width\":512,\"height\":512,\"caption\":\"phytoiva\"},\"image\":{\"@id\":\"https:\\\/\\\/phytoiva.eu\\\/#\\\/schema\\\/logo\\\/image\\\/\"},\"description\":\"Enjoyable taste, high bioavailablilty, effective, vegan & natural, this is how our supplements help you changing your life.\"}]}<\/script>\n<!-- \/ Yoast SEO Premium plugin. -->","yoast_head_json":{"title":"Stress Support Gummies | Safran | vitamine B6 | Vegan | Phytoiva","description":"Nos gommes contiennent 7,5 mg d'extrait de safran pur par gomme. La recherche scientifique et les essais cliniques recommandent l'utilisation de 28 mg de Safran par jour.","robots":{"index":"index","follow":"follow","max-snippet":"max-snippet:-1","max-image-preview":"max-image-preview:large","max-video-preview":"max-video-preview:-1"},"canonical":"https:\/\/phytoiva.eu\/fr\/produit\/gommes-anti-stress-au-safran-vitamine-b6-vegan\/","og_locale":"fr_FR","og_type":"article","og_title":"Stress Support Gummies | Saffron | vitamin B6 | Vegan","og_description":"Our gummies contain 7.5 mg of pure saffron extract per gummy. Scientific research and clinical trial recommended the use of 28 mg of Safran per day.","og_url":"https:\/\/phytoiva.eu\/fr\/produit\/gommes-anti-stress-au-safran-vitamine-b6-vegan\/","og_site_name":"Phytoiva","article_modified_time":"2025-09-22T18:25:19+00:00","og_image":[{"width":1000,"height":1000,"url":"https:\/\/phytoiva.eu\/wp-content\/uploads\/2025\/06\/Stress-Gummies-1000x1000-1.png","type":"image\/png"}],"twitter_card":"summary_large_image","twitter_misc":{"Est. reading time":"1 minute"},"schema":{"@context":"https:\/\/schema.org","@graph":[{"@type":"WebPage","@id":"https:\/\/phytoiva.eu\/product\/stress-support-gummies-with-saffron-vitamin-b6-vegan\/","url":"https:\/\/phytoiva.eu\/product\/stress-support-gummies-with-saffron-vitamin-b6-vegan\/","name":"Stress Support Gummies | Safran | vitamine B6 | Vegan | Phytoiva","isPartOf":{"@id":"https:\/\/phytoiva.eu\/#website"},"primaryImageOfPage":{"@id":"https:\/\/phytoiva.eu\/product\/stress-support-gummies-with-saffron-vitamin-b6-vegan\/#primaryimage"},"image":{"@id":"https:\/\/phytoiva.eu\/product\/stress-support-gummies-with-saffron-vitamin-b6-vegan\/#primaryimage"},"thumbnailUrl":"https:\/\/phytoiva.eu\/wp-content\/uploads\/2025\/06\/Stress-Gummies-1000x1000-1.png","datePublished":"2025-06-20T06:18:18+00:00","dateModified":"2025-09-22T18:25:19+00:00","description":"Nos gommes contiennent 7,5 mg d'extrait de safran pur par gomme. La recherche scientifique et les essais cliniques recommandent l'utilisation de 28 mg de Safran par jour.","breadcrumb":{"@id":"https:\/\/phytoiva.eu\/product\/stress-support-gummies-with-saffron-vitamin-b6-vegan\/#breadcrumb"},"inLanguage":"fr-FR","potentialAction":[{"@type":"ReadAction","target":["https:\/\/phytoiva.eu\/product\/stress-support-gummies-with-saffron-vitamin-b6-vegan\/"]}]},{"@type":"ImageObject","inLanguage":"fr-FR","@id":"https:\/\/phytoiva.eu\/product\/stress-support-gummies-with-saffron-vitamin-b6-vegan\/#primaryimage","url":"https:\/\/phytoiva.eu\/wp-content\/uploads\/2025\/06\/Stress-Gummies-1000x1000-1.png","contentUrl":"https:\/\/phytoiva.eu\/wp-content\/uploads\/2025\/06\/Stress-Gummies-1000x1000-1.png","width":1000,"height":1000,"caption":"Stress Gummies"},{"@type":"BreadcrumbList","@id":"https:\/\/phytoiva.eu\/product\/stress-support-gummies-with-saffron-vitamin-b6-vegan\/#breadcrumb","itemListElement":[{"@type":"ListItem","position":1,"name":"Home","item":"https:\/\/phytoiva.eu\/"},{"@type":"ListItem","position":2,"name":"Shop","item":"https:\/\/phytoiva.eu\/shop\/"},{"@type":"ListItem","position":3,"name":"Stress Support Gummies | Saffron | vitamin B6 | Vegan"}]},{"@type":"WebSite","@id":"https:\/\/phytoiva.eu\/#website","url":"https:\/\/phytoiva.eu\/","name":"phytoiva","description":"v\u00e9g\u00e9tal | v\u00e9g\u00e9talien | naturel","publisher":{"@id":"https:\/\/phytoiva.eu\/#organization"},"potentialAction":[{"@type":"SearchAction","target":{"@type":"EntryPoint","urlTemplate":"https:\/\/phytoiva.eu\/?s={search_term_string}"},"query-input":{"@type":"PropertyValueSpecification","valueRequired":true,"valueName":"search_term_string"}}],"inLanguage":"fr-FR"},{"@type":"Organization","@id":"https:\/\/phytoiva.eu\/#organization","name":"phytoiva","alternateName":"Vegan, Natural Wellness","url":"https:\/\/phytoiva.eu\/","logo":{"@type":"ImageObject","inLanguage":"fr-FR","@id":"https:\/\/phytoiva.eu\/#\/schema\/logo\/image\/","url":"https:\/\/phytoiva.eu\/wp-content\/uploads\/2025\/06\/cropped-Phytoiva-Icon.jpg","contentUrl":"https:\/\/phytoiva.eu\/wp-content\/uploads\/2025\/06\/cropped-Phytoiva-Icon.jpg","width":512,"height":512,"caption":"phytoiva"},"image":{"@id":"https:\/\/phytoiva.eu\/#\/schema\/logo\/image\/"},"description":"Go\u00fbt agr\u00e9able, haute biodisponibilit\u00e9, efficace, v\u00e9g\u00e9talien et naturel, voil\u00e0 comment nos suppl\u00e9ments vous aident \u00e0 changer votre vie."}]}},"_links":{"self":[{"href":"https:\/\/phytoiva.eu\/fr\/wp-json\/wp\/v2\/product\/1110","targetHints":{"allow":["GET"]}}],"collection":[{"href":"https:\/\/phytoiva.eu\/fr\/wp-json\/wp\/v2\/product"}],"about":[{"href":"https:\/\/phytoiva.eu\/fr\/wp-json\/wp\/v2\/types\/product"}],"replies":[{"embeddable":true,"href":"https:\/\/phytoiva.eu\/fr\/wp-json\/wp\/v2\/comments?post=1110"}],"version-history":[{"count":8,"href":"https:\/\/phytoiva.eu\/fr\/wp-json\/wp\/v2\/product\/1110\/revisions"}],"predecessor-version":[{"id":3676,"href":"https:\/\/phytoiva.eu\/fr\/wp-json\/wp\/v2\/product\/1110\/revisions\/3676"}],"wp:featuredmedia":[{"embeddable":true,"href":"https:\/\/phytoiva.eu\/fr\/wp-json\/wp\/v2\/media\/3095"}],"wp:attachment":[{"href":"https:\/\/phytoiva.eu\/fr\/wp-json\/wp\/v2\/media?parent=1110"}],"wp:term":[{"taxonomy":"product_brand","embeddable":true,"href":"https:\/\/phytoiva.eu\/fr\/wp-json\/wp\/v2\/product_brand?post=1110"},{"taxonomy":"product_cat","embeddable":true,"href":"https:\/\/phytoiva.eu\/fr\/wp-json\/wp\/v2\/product_cat?post=1110"},{"taxonomy":"product_tag","embeddable":true,"href":"https:\/\/phytoiva.eu\/fr\/wp-json\/wp\/v2\/product_tag?post=1110"}],"curies":[{"name":"wp","href":"https:\/\/api.w.org\/{rel}","templated":true}]}}