{"id":1097,"date":"2025-06-19T06:42:35","date_gmt":"2025-06-19T06:42:35","guid":{"rendered":"https:\/\/phytoiva.eu\/?post_type=product&#038;p=1097"},"modified":"2025-09-22T20:32:21","modified_gmt":"2025-09-22T18:32:21","slug":"sleep-support-gummies-sugar-free-vegan","status":"publish","type":"product","link":"https:\/\/phytoiva.eu\/fr\/produit\/sleep-support-gummies-sugar-free-vegan\/","title":{"rendered":"Gummies pour le soutien du sommeil | Sans sucre | V\u00e9g\u00e9talien"},"content":{"rendered":"<p><span style=\"color: #0a3b27\"><a style=\"color: #0a3b27\" href=\"https:\/\/phytoiva.eu\/en\/melatonin-safety-and-side-effects-what-you-need-to-know-before-choosing-a-sleep-aid\/\" target=\"_blank\" rel=\"noopener\"><u>Favorise naturellement un sommeil r\u00e9parateur gr\u00e2ce \u00e0 des gommes \u00e0 base de plantes<\/u><\/a><\/span> enrichi en vitamine B6 (contribue au fonctionnement normal du syst\u00e8me nerveux), en L-Th\u00e9anine (favorise la sensation de d\u00e9tente et de calme, notamment en cas de troubles de l'humeur), <span style=\"color: #0a3b27\"><a style=\"color: #0a3b27\" href=\"https:\/\/phytoiva.eu\/en\/eschscholzia-california-poppy-benefits-uses-and-scientific-insights\/\"><u>Eschscholzia<\/u><\/a><\/span> (aide \u00e0 am\u00e9liorer la qualit\u00e9 du sommeil et \u00e0 r\u00e9duire les r\u00e9veils nocturnes), et l'extrait de m\u00e9lisse (aide \u00e0 retrouver calme et s\u00e9r\u00e9nit\u00e9 et \u00e0 r\u00e9duire les troubles du sommeil).<\/p>\n<h4><span style=\"color: #244c3b\"><strong>Avantages et b\u00e9n\u00e9fices<\/strong><\/span><\/h4>\n<ul>\n<li><span style=\"color: #0a3b27\"><a style=\"color: #0a3b27\" href=\"https:\/\/phytoiva.eu\/en\/eschscholzia-california-poppy-benefits-uses-and-scientific-insights\/\" target=\"_blank\" rel=\"noopener\"><u>R\u00e9duit le temps d'endormissement<\/u><\/a><\/span><\/li>\n<li>Favorise la relaxation<\/li>\n<li>Am\u00e9liorer la qualit\u00e9 du sommeil<\/li>\n<li>100% \u00e0 base de plantes<\/li>\n<li>Sans sucre et v\u00e9g\u00e9talien<\/li>\n<li>Fabriqu\u00e9 dans une usine europ\u00e9enne certifi\u00e9e GMP<\/li>\n<\/ul>\n<p class=\"s-spacershort\" style=\"text-align: justify\">Nos gommes pour le sommeil sont aromatis\u00e9es \u00e0 la framboise. La formulation de nos gommes est \u00e9tay\u00e9e par des recherches scientifiques et des preuves cliniques. Chaque gomme contient 25 mg d'Eschscholzia et chaque bouteille contient 60 gommes. La dose recommand\u00e9e est de 2 gommes 30 \u00e0 45 minutes avant le coucher. Nos gommes pour le sommeil ne sont pas recommand\u00e9es aux femmes enceintes.<\/p>\n<style>#sp-ea-1757 .spcollapsing { height: 0; overflow: hidden; transition-property: height;transition-duration: 300ms;}#sp-ea-1757.sp-easy-accordion>.sp-ea-single {margin-bottom: 10px; border: 1px solid #e2e2e2; }#sp-ea-1757.sp-easy-accordion>.sp-ea-single>.ea-header a {color: #444;}#sp-ea-1757.sp-easy-accordion>.sp-ea-single>.sp-collapse>.ea-body {background: #fff; color: #444;}#sp-ea-1757.sp-easy-accordion>.sp-ea-single {background: #eee;}#sp-ea-1757.sp-easy-accordion>.sp-ea-single>.ea-header a .ea-expand-icon { float: left; color: #444;font-size: 16px;}<\/style><div id=\"sp_easy_accordion-1753099229\"><div id=\"sp-ea-1757\" class=\"sp-ea-one sp-easy-accordion\" data-ea-active=\"ea-click\" data-ea-mode=\"vertical\" data-preloader=\"\" data-scroll-active-item=\"\" data-offset-to-scroll=\"0\"><div class=\"ea-card sp-ea-single\"><h3 class=\"ea-header\"><a class=\"collapsed\" id=\"ea-header-17570\" role=\"button\" data-sptoggle=\"spcollapse\" data-sptarget=\"#collapse17570\" aria-controls=\"collapse17570\" href=\"#\" aria-expanded=\"false\" tabindex=\"0\"><i aria-hidden=\"true\" role=\"presentation\" class=\"ea-expand-icon eap-icon-ea-expand-plus\"><\/i> Qu'est-ce que les Sleep Gummies ?<\/a><\/h3><div class=\"sp-collapse spcollapse spcollapse\" id=\"collapse17570\" data-parent=\"#sp-ea-1757\" role=\"region\" aria-labelledby=\"ea-header-17570\"> <div class=\"ea-body\"><p class=\"OutlineParagraph\">Sleep gummies are a popular and convenient form of dietary supplement designed to promote relaxation and support healthy sleep patterns. Unlike traditional sleep aids, which often come in pill or liquid form, gummies offer a delicious and enjoyable way to consume sleep-promoting ingredients. They are particularly appealing to those who may have difficulty swallowing pills or who prefer a more palatable option. These chewy supplements not only taste great but also serve a functional purpose, helping individuals unwind and prepare for a restful night's sleep.<\/p><p class=\"OutlineParagraph\">La popularit\u00e9 croissante des gommes \u00e0 m\u00e2cher pour le sommeil peut \u00e9galement \u00eatre attribu\u00e9e \u00e0 la prise de conscience de l'importance du sommeil pour la sant\u00e9 et le bien-\u00eatre en g\u00e9n\u00e9ral. De plus en plus de personnes reconnaissent l'impact du sommeil sur leur sant\u00e9 physique et mentale et recherchent des solutions efficaces pour am\u00e9liorer la qualit\u00e9 de leur sommeil. Les gommes \u00e0 m\u00e2cher sans sucre, en particulier, attirent les consommateurs soucieux de leur sant\u00e9 qui veulent \u00e9viter l'exc\u00e8s de sucre tout en profitant des avantages d'une aide au sommeil. En offrant une option savoureuse et facile \u00e0 consommer, les sleep gummies sont devenus les favoris de ceux qui cherchent \u00e0 am\u00e9liorer leur repos nocturne.<\/p><\/div><\/div><\/div><div class=\"ea-card sp-ea-single\"><h3 class=\"ea-header\"><a class=\"collapsed\" id=\"ea-header-17571\" role=\"button\" data-sptoggle=\"spcollapse\" data-sptarget=\"#collapse17571\" aria-controls=\"collapse17571\" href=\"#\" aria-expanded=\"false\" tabindex=\"0\"><i aria-hidden=\"true\" role=\"presentation\" class=\"ea-expand-icon eap-icon-ea-expand-plus\"><\/i> Comment la vitamine B6, la L-th\u00e9anine, l'Eschscholzia et l'extrait de m\u00e9lisse favorisent-ils le sommeil ?<\/a><\/h3><div class=\"sp-collapse spcollapse spcollapse\" id=\"collapse17571\" data-parent=\"#sp-ea-1757\" role=\"region\" aria-labelledby=\"ea-header-17571\"> <div class=\"ea-body\"><ul><li>Vitamin B6 plays a crucial role in numerous bodily functions, including the synthesis of neurotransmitters that regulate mood and sleep. Adequate levels of Vitamin B6 can help promote the production of serotonin, a hormone that influences sleep patterns and overall well-being. By supporting the body's natural ability to maintain a balanced sleep-wake cycle, Vitamin B6 can help individuals fall asleep more easily and stay asleep longer. Moreover, this essential vitamin can contribute to reducing symptoms of anxiety and depression, which are often linked to sleep disturbances.<\/li><li>La L-th\u00e9anine, un acide amin\u00e9 que l'on trouve principalement dans le th\u00e9 vert, est reconnue pour ses propri\u00e9t\u00e9s relaxantes. Elle favorise la production d'ondes alpha dans le cerveau, qui sont associ\u00e9es \u00e0 un \u00e9tat de relaxation et de clart\u00e9 mentale. Cet effet calmant peut contribuer \u00e0 r\u00e9duire le stress et l'anxi\u00e9t\u00e9, ce qui facilite la d\u00e9tente avant le coucher. En incorporant la L-Th\u00e9anine dans les gommes \u00e0 m\u00e2cher pour le sommeil, les individus peuvent conna\u00eetre une transition plus sereine vers le sommeil, ce qui permet un repos plus profond et plus r\u00e9parateur.<\/li><li>Eschscholzia, commonly known as California poppy, is an herb traditionally used to promote relaxation and alleviate anxiety. Its sedative properties can help soothe the mind and body, making it an excellent addition to sleep gummies. Studies have shown that Eschscholzia may improve sleep quality and help individuals fall asleep faster. Similarly, Balm Extract, derived from lemon balm, is known for its calming effects. It can help reduce feelings of restlessness and promote a sense of tranquility, further enhancing the sleep-promoting qualities of the gummies. Together, these ingredients create a powerful formula that supports relaxation and promotes a restful night's sleep.<\/li><\/ul><\/div><\/div><\/div><div class=\"ea-card sp-ea-single\"><h3 class=\"ea-header\"><a class=\"collapsed\" id=\"ea-header-17572\" role=\"button\" data-sptoggle=\"spcollapse\" data-sptarget=\"#collapse17572\" aria-controls=\"collapse17572\" href=\"#\" aria-expanded=\"false\" tabindex=\"0\"><i aria-hidden=\"true\" role=\"presentation\" class=\"ea-expand-icon eap-icon-ea-expand-plus\"><\/i> Quels sont les ingr\u00e9dients actifs de nos gommes ?<\/a><\/h3><div class=\"sp-collapse spcollapse spcollapse\" id=\"collapse17572\" data-parent=\"#sp-ea-1757\" role=\"region\" aria-labelledby=\"ea-header-17572\"> <div class=\"ea-body\"><p>Nos gommes de sommeil sans sucre et sans m\u00e9latonine sont formul\u00e9es de mani\u00e8re experte avec un m\u00e9lange puissant d'ingr\u00e9dients naturels con\u00e7us pour promouvoir la relaxation et favoriser un sommeil r\u00e9parateur.<\/p><ul><li><strong>Vitamine B6 (0,7 mg) :<\/strong>\u00a0Essentielle \u00e0 la production de neurotransmetteurs, la vitamine B6 aide \u00e0 r\u00e9guler l'humeur et le sommeil en favorisant la synth\u00e8se de la s\u00e9rotonine.<\/li><li><strong>L-Th\u00e9anine (5mg) :<\/strong>\u00a0Acide amin\u00e9 naturel connu pour ses effets calmants, la L-th\u00e9anine contribue \u00e0 r\u00e9duire le stress et l'anxi\u00e9t\u00e9, facilitant ainsi la d\u00e9tente avant le coucher.<\/li><li><strong>Extrait d'Eschscholzia (25mg) :<\/strong>\u00a0Connue sous le nom de pavot de Californie, cette plante est traditionnellement utilis\u00e9e pour favoriser la relaxation et am\u00e9liorer la qualit\u00e9 du sommeil.<\/li><li><strong>Extrait de m\u00e9lisse (2 mg) :<\/strong>\u00a0Une plante apaisante qui aide \u00e0 r\u00e9duire l'agitation et favorise la tranquillit\u00e9, am\u00e9liorant ainsi le sommeil en g\u00e9n\u00e9ral.<\/li><\/ul><p class=\"OutlineParagraph\">En travaillant ensemble, ces ingr\u00e9dients cr\u00e9ent une formule douce mais efficace qui favorise la relaxation et un sommeil r\u00e9parateur, sans avoir besoin de m\u00e9latonine. Profitez d'un moyen naturel et sans accoutumance d'am\u00e9liorer la qualit\u00e9 de votre sommeil et de vous r\u00e9veiller en pleine forme !<\/p><\/div><\/div><\/div><div class=\"ea-card sp-ea-single\"><h3 class=\"ea-header\"><a class=\"collapsed\" id=\"ea-header-17573\" role=\"button\" data-sptoggle=\"spcollapse\" data-sptarget=\"#collapse17573\" aria-controls=\"collapse17573\" href=\"#\" aria-expanded=\"false\" tabindex=\"0\"><i aria-hidden=\"true\" role=\"presentation\" class=\"ea-expand-icon eap-icon-ea-expand-plus\"><\/i> Pourquoi choisir nos gommes de sommeil Phytoiva Good Night's Sleep ?<\/a><\/h3><div class=\"sp-collapse spcollapse spcollapse\" id=\"collapse17573\" data-parent=\"#sp-ea-1757\" role=\"region\" aria-labelledby=\"ea-header-17573\"> <div class=\"ea-body\"><ul><li><strong>Sans m\u00e9latonine<\/strong>- Sans m\u00e9latonine pour \u00e9viter les effets secondaires \u00e0 long terme ou les probl\u00e8mes de d\u00e9pendance.<\/li><li><strong>Sans OGM<\/strong>- Fabriqu\u00e9 \u00e0 partir d'ingr\u00e9dients de haute qualit\u00e9, soigneusement s\u00e9lectionn\u00e9s et exempts d'organismes g\u00e9n\u00e9tiquement modifi\u00e9s.<\/li><li><strong>Sans gluten<\/strong>- Convient aux personnes sensibles au gluten ou souffrant de la maladie c\u0153liaque.<\/li><li><strong>Sans sucre<\/strong>- Sucr\u00e9s naturellement sans sucres ajout\u00e9s, ce qui en fait une option plus saine pour le soutien \u00e0 l'heure du coucher.<\/li><li><strong>V\u00e9g\u00e9talien<\/strong>- Fabriqu\u00e9 \u00e0 partir d'ingr\u00e9dients d'origine v\u00e9g\u00e9tale pour r\u00e9pondre \u00e0 vos besoins di\u00e9t\u00e9tiques sans compromettre l'efficacit\u00e9.<\/li><li><strong>D\u00e9licieux et pratique<\/strong>- Facile \u00e0 m\u00e2cher et \u00e0 d\u00e9guster avant le coucher, il n'est plus n\u00e9cessaire d'avaler des pilules ou de faire face \u00e0 des go\u00fbts d\u00e9sagr\u00e9ables.<\/li><li><strong>Favorise un cycle de sommeil sain<\/strong>- Permet d'am\u00e9liorer la qualit\u00e9 du sommeil sans cr\u00e9er d'accoutumance et sans sombrer dans l'insomnie matinale.<\/li><li><strong>Favorise un sommeil profond<\/strong>- Favorise un sommeil r\u00e9parateur et ininterrompu, permettant \u00e0 l'organisme de se recharger compl\u00e8tement pendant la nuit.<\/li><\/ul><\/div><\/div><\/div><\/div><\/div>\n\n    <div class=\"xs_social_share_widget xs_share_url after_content \t\tmain_content  wslu-style-1 wslu-share-box-shaped wslu-fill-colored wslu-none wslu-share-horizontal wslu-theme-font-no wslu-main_content\">\n\n\t\t\n        <ul>\n\t\t\t        <\/ul>\n    <\/div>","protected":false},"excerpt":{"rendered":"<p style=\"text-align: justify\"><span style=\"color: #244c3b\"><a style=\"color: #244c3b\" href=\"https:\/\/phytoiva.eu\/en\/melatonin-safety-and-side-effects-what-you-need-to-know-before-choosing-a-sleep-aid\/\" target=\"_blank\" rel=\"noopener\"><u>Favorise naturellement un sommeil r\u00e9parateur gr\u00e2ce \u00e0 des gommes \u00e0 base de plantes<\/u><\/a><\/span> enrichi en vitamine B6 (contribue au fonctionnement normal du syst\u00e8me nerveux), en L-Th\u00e9anine (favorise la sensation de d\u00e9tente et de calme, notamment en cas de troubles de l'humeur), <span style=\"color: #0a3b27\"><a style=\"color: #0a3b27\" href=\"https:\/\/phytoiva.eu\/en\/eschscholzia-california-poppy-benefits-uses-and-scientific-insights\/\"><u>Eschscholzia<\/u><\/a><\/span> (aide \u00e0 am\u00e9liorer la qualit\u00e9 du sommeil et \u00e0 r\u00e9duire les r\u00e9veils nocturnes), et l'extrait de m\u00e9lisse (aide \u00e0 retrouver le calme et la s\u00e9r\u00e9nit\u00e9 et \u00e0 r\u00e9duire les troubles du sommeil). D'autre part, il a \u00e9t\u00e9 prouv\u00e9 que nos gommes r\u00e9duisent le temps n\u00e9cessaire pour s'endormir.<\/p>\n<h5><span style=\"color: #244c3b\"><strong>Avantages et b\u00e9n\u00e9fices<\/strong><\/span><\/h5>\n<ul>\n<li><span style=\"color: #0a3b27\"><a style=\"color: #0a3b27\" href=\"https:\/\/phytoiva.eu\/en\/eschscholzia-california-poppy-benefits-uses-and-scientific-insights\/\" target=\"_blank\" rel=\"noopener\"><u>R\u00e9duit le temps d'endormissement<\/u><\/a><\/span><\/li>\n<li>Favorise la relaxation<\/li>\n<li>Am\u00e9liorer la qualit\u00e9 du sommeil<\/li>\n<li>100% \u00e0 base de plantes<\/li>\n<li>Sans sucre et v\u00e9g\u00e9talien<\/li>\n<li>Fabriqu\u00e9 dans une usine europ\u00e9enne certifi\u00e9e GMP<\/li>\n<\/ul>\n<p class=\"s-spacershort\" style=\"text-align: justify\">Nos gommes pour le sommeil sont aromatis\u00e9es \u00e0 la framboise. La formulation de nos gommes est \u00e9tay\u00e9e par des recherches scientifiques et des preuves cliniques. Chaque gomme contient 25 mg d'Eschscholzia et chaque bouteille contient 60 gommes. La dose recommand\u00e9e est de 2 gommes 30 \u00e0 45 minutes avant le coucher. Nos gommes pour le sommeil ne sont pas recommand\u00e9es aux femmes enceintes.<\/p>","protected":false},"featured_media":3094,"comment_status":"open","ping_status":"closed","template":"","meta":{"_acf_changed":false,"postBodyCss":"","postBodyMargin":[],"postBodyPadding":[],"postBodyBackground":{"backgroundType":"classic","gradient":""}},"product_brand":[29],"product_cat":[22],"product_tag":[30,28,31],"class_list":{"0":"post-1097","1":"product","2":"type-product","3":"status-publish","4":"has-post-thumbnail","6":"product_brand-phytoiva","7":"product_cat-sleep-support","8":"product_tag-bestsellers","9":"product_tag-gummies","10":"product_tag-stress","12":"first","13":"instock","14":"sale","15":"featured","16":"taxable","17":"shipping-taxable","18":"purchasable","19":"product-type-simple"},"acf":[],"yoast_head":"<!-- This site is optimized with the Yoast SEO Premium plugin v25.4 (Yoast SEO v27.3) - https:\/\/yoast.com\/product\/yoast-seo-premium-wordpress\/ -->\n<title>Sleep Support Gummies | Sugar-Free | Vegan | Phytoiva<\/title>\n<meta name=\"description\" content=\"Naturally support restful sleep with plant-based gummies enriched with Vitamin B6 (contributes to the normal functioning of the nervous system)\" \/>\n<meta name=\"robots\" content=\"index, follow, max-snippet:-1, max-image-preview:large, max-video-preview:-1\" \/>\n<link rel=\"canonical\" href=\"https:\/\/phytoiva.eu\/fr\/produit\/sleep-support-gummies-sugar-free-vegan\/\" \/>\n<meta property=\"og:locale\" content=\"fr_FR\" \/>\n<meta property=\"og:type\" content=\"article\" \/>\n<meta property=\"og:title\" content=\"Sleep Support Gummies | Sugar-Free | Vegan\" \/>\n<meta property=\"og:description\" content=\"Naturally support restful sleep with plant-based gummies enriched with Vitamin B6 (contributes to the normal functioning of the nervous system)\" \/>\n<meta property=\"og:url\" content=\"https:\/\/phytoiva.eu\/fr\/produit\/sleep-support-gummies-sugar-free-vegan\/\" \/>\n<meta property=\"og:site_name\" content=\"Phytoiva\" \/>\n<meta property=\"article:modified_time\" content=\"2025-09-22T18:32:21+00:00\" \/>\n<meta property=\"og:image\" content=\"https:\/\/phytoiva.eu\/wp-content\/uploads\/2025\/06\/Sleep-Gummies-1000x1000-1.png\" \/>\n\t<meta property=\"og:image:width\" content=\"1000\" \/>\n\t<meta property=\"og:image:height\" content=\"1000\" \/>\n\t<meta property=\"og:image:type\" content=\"image\/png\" \/>\n<meta name=\"twitter:card\" content=\"summary_large_image\" \/>\n<meta name=\"twitter:label1\" content=\"Est. reading time\" \/>\n\t<meta name=\"twitter:data1\" content=\"1 minute\" \/>\n<script type=\"application\/ld+json\" class=\"yoast-schema-graph\">{\"@context\":\"https:\\\/\\\/schema.org\",\"@graph\":[{\"@type\":\"WebPage\",\"@id\":\"https:\\\/\\\/phytoiva.eu\\\/product\\\/sleep-support-gummies-sugar-free-vegan\\\/\",\"url\":\"https:\\\/\\\/phytoiva.eu\\\/product\\\/sleep-support-gummies-sugar-free-vegan\\\/\",\"name\":\"Sleep Support Gummies | Sugar-Free | Vegan | Phytoiva\",\"isPartOf\":{\"@id\":\"https:\\\/\\\/phytoiva.eu\\\/#website\"},\"primaryImageOfPage\":{\"@id\":\"https:\\\/\\\/phytoiva.eu\\\/product\\\/sleep-support-gummies-sugar-free-vegan\\\/#primaryimage\"},\"image\":{\"@id\":\"https:\\\/\\\/phytoiva.eu\\\/product\\\/sleep-support-gummies-sugar-free-vegan\\\/#primaryimage\"},\"thumbnailUrl\":\"https:\\\/\\\/phytoiva.eu\\\/wp-content\\\/uploads\\\/2025\\\/06\\\/Sleep-Gummies-1000x1000-1.png\",\"datePublished\":\"2025-06-19T06:42:35+00:00\",\"dateModified\":\"2025-09-22T18:32:21+00:00\",\"description\":\"Naturally support restful sleep with plant-based gummies enriched with Vitamin B6 (contributes to the normal functioning of the nervous system)\",\"breadcrumb\":{\"@id\":\"https:\\\/\\\/phytoiva.eu\\\/product\\\/sleep-support-gummies-sugar-free-vegan\\\/#breadcrumb\"},\"inLanguage\":\"fr-FR\",\"potentialAction\":[{\"@type\":\"ReadAction\",\"target\":[\"https:\\\/\\\/phytoiva.eu\\\/product\\\/sleep-support-gummies-sugar-free-vegan\\\/\"]}]},{\"@type\":\"ImageObject\",\"inLanguage\":\"fr-FR\",\"@id\":\"https:\\\/\\\/phytoiva.eu\\\/product\\\/sleep-support-gummies-sugar-free-vegan\\\/#primaryimage\",\"url\":\"https:\\\/\\\/phytoiva.eu\\\/wp-content\\\/uploads\\\/2025\\\/06\\\/Sleep-Gummies-1000x1000-1.png\",\"contentUrl\":\"https:\\\/\\\/phytoiva.eu\\\/wp-content\\\/uploads\\\/2025\\\/06\\\/Sleep-Gummies-1000x1000-1.png\",\"width\":1000,\"height\":1000,\"caption\":\"Sleep Support Gummies\"},{\"@type\":\"BreadcrumbList\",\"@id\":\"https:\\\/\\\/phytoiva.eu\\\/product\\\/sleep-support-gummies-sugar-free-vegan\\\/#breadcrumb\",\"itemListElement\":[{\"@type\":\"ListItem\",\"position\":1,\"name\":\"Home\",\"item\":\"https:\\\/\\\/phytoiva.eu\\\/\"},{\"@type\":\"ListItem\",\"position\":2,\"name\":\"Shop\",\"item\":\"https:\\\/\\\/phytoiva.eu\\\/shop\\\/\"},{\"@type\":\"ListItem\",\"position\":3,\"name\":\"Sleep Support Gummies | Sugar-Free | Vegan\"}]},{\"@type\":\"WebSite\",\"@id\":\"https:\\\/\\\/phytoiva.eu\\\/#website\",\"url\":\"https:\\\/\\\/phytoiva.eu\\\/\",\"name\":\"phytoiva\",\"description\":\"Plant Based | Vegan | Natural\",\"publisher\":{\"@id\":\"https:\\\/\\\/phytoiva.eu\\\/#organization\"},\"potentialAction\":[{\"@type\":\"SearchAction\",\"target\":{\"@type\":\"EntryPoint\",\"urlTemplate\":\"https:\\\/\\\/phytoiva.eu\\\/?s={search_term_string}\"},\"query-input\":{\"@type\":\"PropertyValueSpecification\",\"valueRequired\":true,\"valueName\":\"search_term_string\"}}],\"inLanguage\":\"fr-FR\"},{\"@type\":\"Organization\",\"@id\":\"https:\\\/\\\/phytoiva.eu\\\/#organization\",\"name\":\"phytoiva\",\"alternateName\":\"Vegan, Natural Wellness\",\"url\":\"https:\\\/\\\/phytoiva.eu\\\/\",\"logo\":{\"@type\":\"ImageObject\",\"inLanguage\":\"fr-FR\",\"@id\":\"https:\\\/\\\/phytoiva.eu\\\/#\\\/schema\\\/logo\\\/image\\\/\",\"url\":\"https:\\\/\\\/phytoiva.eu\\\/wp-content\\\/uploads\\\/2025\\\/06\\\/cropped-Phytoiva-Icon.jpg\",\"contentUrl\":\"https:\\\/\\\/phytoiva.eu\\\/wp-content\\\/uploads\\\/2025\\\/06\\\/cropped-Phytoiva-Icon.jpg\",\"width\":512,\"height\":512,\"caption\":\"phytoiva\"},\"image\":{\"@id\":\"https:\\\/\\\/phytoiva.eu\\\/#\\\/schema\\\/logo\\\/image\\\/\"},\"description\":\"Enjoyable taste, high bioavailablilty, effective, vegan & natural, this is how our supplements help you changing your life.\"}]}<\/script>\n<!-- \/ Yoast SEO Premium plugin. -->","yoast_head_json":{"title":"Soutien au sommeil Gummies | Sans sucre | Vegan | Phytoiva","description":"Favorise naturellement un sommeil r\u00e9parateur gr\u00e2ce \u00e0 des gommes \u00e0 base de plantes enrichies en vitamine B6 (contribue au fonctionnement normal du syst\u00e8me nerveux).","robots":{"index":"index","follow":"follow","max-snippet":"max-snippet:-1","max-image-preview":"max-image-preview:large","max-video-preview":"max-video-preview:-1"},"canonical":"https:\/\/phytoiva.eu\/fr\/produit\/sleep-support-gummies-sugar-free-vegan\/","og_locale":"fr_FR","og_type":"article","og_title":"Sleep Support Gummies | Sugar-Free | Vegan","og_description":"Naturally support restful sleep with plant-based gummies enriched with Vitamin B6 (contributes to the normal functioning of the nervous system)","og_url":"https:\/\/phytoiva.eu\/fr\/produit\/sleep-support-gummies-sugar-free-vegan\/","og_site_name":"Phytoiva","article_modified_time":"2025-09-22T18:32:21+00:00","og_image":[{"width":1000,"height":1000,"url":"https:\/\/phytoiva.eu\/wp-content\/uploads\/2025\/06\/Sleep-Gummies-1000x1000-1.png","type":"image\/png"}],"twitter_card":"summary_large_image","twitter_misc":{"Est. reading time":"1 minute"},"schema":{"@context":"https:\/\/schema.org","@graph":[{"@type":"WebPage","@id":"https:\/\/phytoiva.eu\/product\/sleep-support-gummies-sugar-free-vegan\/","url":"https:\/\/phytoiva.eu\/product\/sleep-support-gummies-sugar-free-vegan\/","name":"Soutien au sommeil Gummies | Sans sucre | Vegan | Phytoiva","isPartOf":{"@id":"https:\/\/phytoiva.eu\/#website"},"primaryImageOfPage":{"@id":"https:\/\/phytoiva.eu\/product\/sleep-support-gummies-sugar-free-vegan\/#primaryimage"},"image":{"@id":"https:\/\/phytoiva.eu\/product\/sleep-support-gummies-sugar-free-vegan\/#primaryimage"},"thumbnailUrl":"https:\/\/phytoiva.eu\/wp-content\/uploads\/2025\/06\/Sleep-Gummies-1000x1000-1.png","datePublished":"2025-06-19T06:42:35+00:00","dateModified":"2025-09-22T18:32:21+00:00","description":"Favorise naturellement un sommeil r\u00e9parateur gr\u00e2ce \u00e0 des gommes \u00e0 base de plantes enrichies en vitamine B6 (contribue au fonctionnement normal du syst\u00e8me nerveux).","breadcrumb":{"@id":"https:\/\/phytoiva.eu\/product\/sleep-support-gummies-sugar-free-vegan\/#breadcrumb"},"inLanguage":"fr-FR","potentialAction":[{"@type":"ReadAction","target":["https:\/\/phytoiva.eu\/product\/sleep-support-gummies-sugar-free-vegan\/"]}]},{"@type":"ImageObject","inLanguage":"fr-FR","@id":"https:\/\/phytoiva.eu\/product\/sleep-support-gummies-sugar-free-vegan\/#primaryimage","url":"https:\/\/phytoiva.eu\/wp-content\/uploads\/2025\/06\/Sleep-Gummies-1000x1000-1.png","contentUrl":"https:\/\/phytoiva.eu\/wp-content\/uploads\/2025\/06\/Sleep-Gummies-1000x1000-1.png","width":1000,"height":1000,"caption":"Sleep Support Gummies"},{"@type":"BreadcrumbList","@id":"https:\/\/phytoiva.eu\/product\/sleep-support-gummies-sugar-free-vegan\/#breadcrumb","itemListElement":[{"@type":"ListItem","position":1,"name":"Home","item":"https:\/\/phytoiva.eu\/"},{"@type":"ListItem","position":2,"name":"Shop","item":"https:\/\/phytoiva.eu\/shop\/"},{"@type":"ListItem","position":3,"name":"Sleep Support Gummies | Sugar-Free | Vegan"}]},{"@type":"WebSite","@id":"https:\/\/phytoiva.eu\/#website","url":"https:\/\/phytoiva.eu\/","name":"phytoiva","description":"v\u00e9g\u00e9tal | v\u00e9g\u00e9talien | naturel","publisher":{"@id":"https:\/\/phytoiva.eu\/#organization"},"potentialAction":[{"@type":"SearchAction","target":{"@type":"EntryPoint","urlTemplate":"https:\/\/phytoiva.eu\/?s={search_term_string}"},"query-input":{"@type":"PropertyValueSpecification","valueRequired":true,"valueName":"search_term_string"}}],"inLanguage":"fr-FR"},{"@type":"Organization","@id":"https:\/\/phytoiva.eu\/#organization","name":"phytoiva","alternateName":"Vegan, Natural Wellness","url":"https:\/\/phytoiva.eu\/","logo":{"@type":"ImageObject","inLanguage":"fr-FR","@id":"https:\/\/phytoiva.eu\/#\/schema\/logo\/image\/","url":"https:\/\/phytoiva.eu\/wp-content\/uploads\/2025\/06\/cropped-Phytoiva-Icon.jpg","contentUrl":"https:\/\/phytoiva.eu\/wp-content\/uploads\/2025\/06\/cropped-Phytoiva-Icon.jpg","width":512,"height":512,"caption":"phytoiva"},"image":{"@id":"https:\/\/phytoiva.eu\/#\/schema\/logo\/image\/"},"description":"Go\u00fbt agr\u00e9able, haute biodisponibilit\u00e9, efficace, v\u00e9g\u00e9talien et naturel, voil\u00e0 comment nos suppl\u00e9ments vous aident \u00e0 changer votre vie."}]}},"_links":{"self":[{"href":"https:\/\/phytoiva.eu\/fr\/wp-json\/wp\/v2\/product\/1097","targetHints":{"allow":["GET"]}}],"collection":[{"href":"https:\/\/phytoiva.eu\/fr\/wp-json\/wp\/v2\/product"}],"about":[{"href":"https:\/\/phytoiva.eu\/fr\/wp-json\/wp\/v2\/types\/product"}],"replies":[{"embeddable":true,"href":"https:\/\/phytoiva.eu\/fr\/wp-json\/wp\/v2\/comments?post=1097"}],"version-history":[{"count":5,"href":"https:\/\/phytoiva.eu\/fr\/wp-json\/wp\/v2\/product\/1097\/revisions"}],"predecessor-version":[{"id":3675,"href":"https:\/\/phytoiva.eu\/fr\/wp-json\/wp\/v2\/product\/1097\/revisions\/3675"}],"wp:featuredmedia":[{"embeddable":true,"href":"https:\/\/phytoiva.eu\/fr\/wp-json\/wp\/v2\/media\/3094"}],"wp:attachment":[{"href":"https:\/\/phytoiva.eu\/fr\/wp-json\/wp\/v2\/media?parent=1097"}],"wp:term":[{"taxonomy":"product_brand","embeddable":true,"href":"https:\/\/phytoiva.eu\/fr\/wp-json\/wp\/v2\/product_brand?post=1097"},{"taxonomy":"product_cat","embeddable":true,"href":"https:\/\/phytoiva.eu\/fr\/wp-json\/wp\/v2\/product_cat?post=1097"},{"taxonomy":"product_tag","embeddable":true,"href":"https:\/\/phytoiva.eu\/fr\/wp-json\/wp\/v2\/product_tag?post=1097"}],"curies":[{"name":"wp","href":"https:\/\/api.w.org\/{rel}","templated":true}]}}