{"id":1325,"date":"2025-06-20T12:14:32","date_gmt":"2025-06-20T12:14:32","guid":{"rendered":"https:\/\/phytoiva.eu\/?page_id=1325"},"modified":"2025-08-13T10:11:31","modified_gmt":"2025-08-13T10:11:31","slug":"conditions-generales","status":"publish","type":"page","link":"https:\/\/phytoiva.eu\/fr\/conditions-generales\/","title":{"rendered":"Conditions g\u00e9n\u00e9rales d'utilisation"},"content":{"rendered":"<div data-elementor-type=\"wp-page\" data-elementor-id=\"1325\" class=\"elementor elementor-1325\" data-elementor-post-type=\"page\">\n\t\t\t\t<div class=\"elementor-element elementor-element-ccfffa3 e-flex e-con-boxed e-con e-parent\" data-id=\"ccfffa3\" data-element_type=\"container\" data-e-type=\"container\">\n\t\t\t\t\t<div class=\"e-con-inner\">\n\t\t\t\t<div class=\"elementor-element elementor-element-190735f elementor-widget elementor-widget-heading\" data-id=\"190735f\" data-element_type=\"widget\" data-e-type=\"widget\" data-widget_type=\"heading.default\">\n\t\t\t\t\t<h1 class=\"elementor-heading-title elementor-size-default\">Conditions g\u00e9n\u00e9rales d'utilisation <\/h1>\t\t\t\t<\/div>\n\t\t\t\t<div class=\"elementor-element elementor-element-0c99c67 elementor-widget elementor-widget-text-editor\" data-id=\"0c99c67\" data-element_type=\"widget\" data-e-type=\"widget\" data-widget_type=\"text-editor.default\">\n\t\t\t\t\t\t\t\t\t<p data-start=\"2295\" data-end=\"2326\"><strong data-start=\"2295\" data-end=\"2326\">Derni\u00e8re mise \u00e0 jour : 10 juin 2025<\/strong><\/p><p data-start=\"2328\" data-end=\"2413\">En utilisant ce site web (phytoiva.eu), vous acceptez les conditions g\u00e9n\u00e9rales suivantes.<\/p><h3 data-start=\"2415\" data-end=\"2440\">1. Utilisation du site web<\/h3><p data-start=\"2441\" data-end=\"2526\">Vous acceptez de ne pas utiliser notre site web d'une mani\u00e8re qui porte pr\u00e9judice au site, \u00e0 l'entreprise ou \u00e0 d'autres personnes.<\/p><h3 data-start=\"2528\" data-end=\"2553\">2. Commandes et paiement<\/h3><ul data-start=\"2554\" data-end=\"2731\"><li data-start=\"2554\" data-end=\"2616\"><p data-start=\"2556\" data-end=\"2616\">Les prix sont indiqu\u00e9s en euros (\u20ac), TVA comprise le cas \u00e9ch\u00e9ant.<\/p><\/li><li data-start=\"2617\" data-end=\"2675\"><p data-start=\"2619\" data-end=\"2675\">Les commandes sont confirm\u00e9es par e-mail apr\u00e8s le paiement.<\/p><\/li><li data-start=\"2676\" data-end=\"2731\"><p data-start=\"2678\" data-end=\"2731\">Nous nous r\u00e9servons le droit d'annuler toute commande suspecte.<\/p><\/li><\/ul><h3 data-start=\"2733\" data-end=\"2748\">3. Exp\u00e9dition<\/h3><ul data-start=\"2749\" data-end=\"2889\"><li data-start=\"2749\" data-end=\"2819\"><p data-start=\"2751\" data-end=\"2819\">Nous exp\u00e9dions vers la plupart des pays de l'UE, y compris les Pays-Bas et la Belgique.<\/p><\/li><li data-start=\"2820\" data-end=\"2889\"><p data-start=\"2822\" data-end=\"2889\">Les d\u00e9lais d'exp\u00e9dition peuvent varier en fonction de la localisation et de la disponibilit\u00e9 du transporteur.<\/p><\/li><\/ul><h3 data-start=\"2891\" data-end=\"2920\">4. Politique de retour et de remboursement<\/h3><ul data-start=\"2921\" data-end=\"3188\"><li data-start=\"2921\" data-end=\"2987\"><p data-start=\"2923\" data-end=\"2987\">Vous pouvez renvoyer <strong data-start=\"2938\" data-end=\"2974\">les produits non ouverts dans un d\u00e9lai de 14 jours<\/strong> de livraison.<\/p><\/li><li data-start=\"2988\" data-end=\"3061\"><p data-start=\"2990\" data-end=\"3061\">Si elle n'est pas satisfaite, <strong data-start=\"3008\" data-end=\"3037\">nous contacter dans les 30 jours<\/strong> pour les options de r\u00e9solution.<\/p><\/li><li data-start=\"3062\" data-end=\"3113\"><p data-start=\"3064\" data-end=\"3113\">Les retours doivent \u00eatre inutilis\u00e9s et dans l'emballage d'origine.<\/p><\/li><li data-start=\"3114\" data-end=\"3188\"><p data-start=\"3116\" data-end=\"3188\">Les frais de retour sont \u00e0 la charge du client, sauf si le produit est d\u00e9fectueux.<\/p><\/li><\/ul><h3 data-start=\"3190\" data-end=\"3215\">5. Clause de non-responsabilit\u00e9 concernant le produit<\/h3><ul data-start=\"3216\" data-end=\"3465\"><li data-start=\"3216\" data-end=\"3293\"><p data-start=\"3218\" data-end=\"3293\">Les produits sont <strong data-start=\"3231\" data-end=\"3292\">n'est pas destin\u00e9e \u00e0 diagnostiquer, traiter, gu\u00e9rir ou pr\u00e9venir une maladie<\/strong>.<\/p><\/li><li data-start=\"3294\" data-end=\"3402\"><p data-start=\"3296\" data-end=\"3402\">Ne convient pas aux femmes enceintes ou allaitantes, sauf avis contraire d'un professionnel de la sant\u00e9.<\/p><\/li><li data-start=\"3403\" data-end=\"3465\"><p data-start=\"3405\" data-end=\"3465\">Consultez votre m\u00e9decin avant de l'associer \u00e0 d'autres m\u00e9dicaments.<\/p><\/li><\/ul><h3 data-start=\"3467\" data-end=\"3495\">6. Propri\u00e9t\u00e9 intellectuelle<\/h3><p data-start=\"3496\" data-end=\"3625\">Tout le contenu du site, les logos, les images et les textes sont la propri\u00e9t\u00e9 intellectuelle de Phytoiva et ne peuvent \u00eatre reproduits sans autorisation.<\/p><h3 data-start=\"3627\" data-end=\"3657\">7. Limitation de la responsabilit\u00e9<\/h3><p data-start=\"3658\" data-end=\"3739\">Nous ne sommes pas responsables des dommages indirects, y compris la perte de donn\u00e9es, de b\u00e9n\u00e9fices ou d'utilisation.<\/p><h3 data-start=\"3741\" data-end=\"3761\">8. Droit applicable<\/h3><p data-start=\"3762\" data-end=\"3837\">Ces conditions sont r\u00e9gies par les lois des Pays-Bas et les r\u00e8glements de l'UE.<\/p><h3 data-start=\"3839\" data-end=\"3856\">9. Nous contacter<\/h3><p data-start=\"3857\" data-end=\"4004\">Pour toute question ou pr\u00e9occupation, veuillez nous contacter \u00e0 l'adresse suivante :<br data-start=\"3914\" data-end=\"3917\" \/>\ud83d\udce7 <strong data-start=\"3920\" data-end=\"3943\"><a class=\"cursor-pointer\" rel=\"noopener\" data-start=\"3922\" data-end=\"3941\">contact@phytoiva.eu<\/a><\/strong><br data-start=\"3943\" data-end=\"3946\" \/>\ud83d\udccd Phytoiva, Overvliet 57, 3545 NG Utrecht, Pays-Bas.<\/p>\t\t\t\t\t\t\t\t<\/div>\n\t\t\t\t\t<\/div>\n\t\t\t\t<\/div>\n\t\t\t\t<\/div>\n\t\t\n    <div class=\"xs_social_share_widget xs_share_url after_content \t\tmain_content  wslu-style-1 wslu-share-box-shaped wslu-fill-colored wslu-none wslu-share-horizontal wslu-theme-font-no wslu-main_content\">\n\n\t\t\n        <ul>\n\t\t\t        <\/ul>\n    <\/div>","protected":false},"excerpt":{"rendered":"<p>Terms &amp; Conditions Last updated: 10 June 2025 By using this website (phytoiva.eu), you agree to the following terms and conditions. 1. Use of the Website You agree not to misuse our website in a way that harms the site, company, or others. 2. Orders and Payment Prices are listed in Euros (\u20ac), including VAT [&hellip;]<\/p>\n","protected":false},"author":1,"featured_media":0,"parent":0,"menu_order":0,"comment_status":"closed","ping_status":"closed","template":"elementor_header_footer","meta":{"_acf_changed":false,"postBodyCss":"","postBodyMargin":[],"postBodyPadding":[],"postBodyBackground":{"backgroundType":"classic","gradient":""},"footnotes":""},"class_list":["post-1325","page","type-page","status-publish","hentry"],"acf":[],"yoast_head":"<!-- This site is optimized with the Yoast SEO Premium plugin v25.4 (Yoast SEO v27.3) - https:\/\/yoast.com\/product\/yoast-seo-premium-wordpress\/ -->\n<title>Terms and Conditions | Phytoiva<\/title>\n<meta name=\"description\" content=\"Explore Phytoiva\u2019s Terms and Conditions\u2014covering orders, payments, shipping, returns, privacy, and liability. Transparent policies for your protection and peace of mind.\" \/>\n<meta name=\"robots\" content=\"index, follow, max-snippet:-1, max-image-preview:large, max-video-preview:-1\" \/>\n<link rel=\"canonical\" href=\"https:\/\/phytoiva.eu\/fr\/conditions-generales\/\" \/>\n<meta property=\"og:locale\" content=\"fr_FR\" \/>\n<meta property=\"og:type\" content=\"article\" \/>\n<meta property=\"og:title\" content=\"Terms and Conditions\" \/>\n<meta property=\"og:description\" content=\"Explore Phytoiva\u2019s Terms and Conditions\u2014covering orders, payments, shipping, returns, privacy, and liability. Transparent policies for your protection and peace of mind.\" \/>\n<meta property=\"og:url\" content=\"https:\/\/phytoiva.eu\/fr\/conditions-generales\/\" \/>\n<meta property=\"og:site_name\" content=\"Phytoiva\" \/>\n<meta property=\"article:modified_time\" content=\"2025-08-13T10:11:31+00:00\" \/>\n<meta name=\"twitter:card\" content=\"summary_large_image\" \/>\n<meta name=\"twitter:label1\" content=\"Est. reading time\" \/>\n\t<meta name=\"twitter:data1\" content=\"2 minutes\" \/>\n<script type=\"application\/ld+json\" class=\"yoast-schema-graph\">{\"@context\":\"https:\\\/\\\/schema.org\",\"@graph\":[{\"@type\":\"WebPage\",\"@id\":\"https:\\\/\\\/phytoiva.eu\\\/en\\\/terms-and-conditions\\\/\",\"url\":\"https:\\\/\\\/phytoiva.eu\\\/en\\\/terms-and-conditions\\\/\",\"name\":\"Terms and Conditions | Phytoiva\",\"isPartOf\":{\"@id\":\"https:\\\/\\\/phytoiva.eu\\\/#website\"},\"datePublished\":\"2025-06-20T12:14:32+00:00\",\"dateModified\":\"2025-08-13T10:11:31+00:00\",\"description\":\"Explore Phytoiva\u2019s Terms and Conditions\u2014covering orders, payments, shipping, returns, privacy, and liability. Transparent policies for your protection and peace of mind.\",\"breadcrumb\":{\"@id\":\"https:\\\/\\\/phytoiva.eu\\\/en\\\/terms-and-conditions\\\/#breadcrumb\"},\"inLanguage\":\"fr-FR\",\"potentialAction\":[{\"@type\":\"ReadAction\",\"target\":[\"https:\\\/\\\/phytoiva.eu\\\/en\\\/terms-and-conditions\\\/\"]}]},{\"@type\":\"BreadcrumbList\",\"@id\":\"https:\\\/\\\/phytoiva.eu\\\/en\\\/terms-and-conditions\\\/#breadcrumb\",\"itemListElement\":[{\"@type\":\"ListItem\",\"position\":1,\"name\":\"Home\",\"item\":\"https:\\\/\\\/phytoiva.eu\\\/\"},{\"@type\":\"ListItem\",\"position\":2,\"name\":\"Terms and Conditions\"}]},{\"@type\":\"WebSite\",\"@id\":\"https:\\\/\\\/phytoiva.eu\\\/#website\",\"url\":\"https:\\\/\\\/phytoiva.eu\\\/\",\"name\":\"phytoiva\",\"description\":\"Plant Based | Vegan | Natural\",\"publisher\":{\"@id\":\"https:\\\/\\\/phytoiva.eu\\\/#organization\"},\"potentialAction\":[{\"@type\":\"SearchAction\",\"target\":{\"@type\":\"EntryPoint\",\"urlTemplate\":\"https:\\\/\\\/phytoiva.eu\\\/?s={search_term_string}\"},\"query-input\":{\"@type\":\"PropertyValueSpecification\",\"valueRequired\":true,\"valueName\":\"search_term_string\"}}],\"inLanguage\":\"fr-FR\"},{\"@type\":\"Organization\",\"@id\":\"https:\\\/\\\/phytoiva.eu\\\/#organization\",\"name\":\"phytoiva\",\"alternateName\":\"Vegan, Natural Wellness\",\"url\":\"https:\\\/\\\/phytoiva.eu\\\/\",\"logo\":{\"@type\":\"ImageObject\",\"inLanguage\":\"fr-FR\",\"@id\":\"https:\\\/\\\/phytoiva.eu\\\/#\\\/schema\\\/logo\\\/image\\\/\",\"url\":\"https:\\\/\\\/phytoiva.eu\\\/wp-content\\\/uploads\\\/2025\\\/06\\\/cropped-Phytoiva-Icon.jpg\",\"contentUrl\":\"https:\\\/\\\/phytoiva.eu\\\/wp-content\\\/uploads\\\/2025\\\/06\\\/cropped-Phytoiva-Icon.jpg\",\"width\":512,\"height\":512,\"caption\":\"phytoiva\"},\"image\":{\"@id\":\"https:\\\/\\\/phytoiva.eu\\\/#\\\/schema\\\/logo\\\/image\\\/\"},\"description\":\"Enjoyable taste, high bioavailablilty, effective, vegan & natural, this is how our supplements help you changing your life.\"}]}<\/script>\n<!-- \/ Yoast SEO Premium plugin. -->","yoast_head_json":{"title":"Conditions d'utilisation | Phytoiva","description":"D\u00e9couvrez les conditions g\u00e9n\u00e9rales de Phytoiva, qui couvrent les commandes, les paiements, l'exp\u00e9dition, les retours, la confidentialit\u00e9 et la responsabilit\u00e9. Des politiques transparentes pour votre protection et votre tranquillit\u00e9 d'esprit.","robots":{"index":"index","follow":"follow","max-snippet":"max-snippet:-1","max-image-preview":"max-image-preview:large","max-video-preview":"max-video-preview:-1"},"canonical":"https:\/\/phytoiva.eu\/fr\/conditions-generales\/","og_locale":"fr_FR","og_type":"article","og_title":"Terms and Conditions","og_description":"Explore Phytoiva\u2019s Terms and Conditions\u2014covering orders, payments, shipping, returns, privacy, and liability. Transparent policies for your protection and peace of mind.","og_url":"https:\/\/phytoiva.eu\/fr\/conditions-generales\/","og_site_name":"Phytoiva","article_modified_time":"2025-08-13T10:11:31+00:00","twitter_card":"summary_large_image","twitter_misc":{"Est. reading time":"2 minutes"},"schema":{"@context":"https:\/\/schema.org","@graph":[{"@type":"WebPage","@id":"https:\/\/phytoiva.eu\/en\/terms-and-conditions\/","url":"https:\/\/phytoiva.eu\/en\/terms-and-conditions\/","name":"Conditions d'utilisation | Phytoiva","isPartOf":{"@id":"https:\/\/phytoiva.eu\/#website"},"datePublished":"2025-06-20T12:14:32+00:00","dateModified":"2025-08-13T10:11:31+00:00","description":"D\u00e9couvrez les conditions g\u00e9n\u00e9rales de Phytoiva, qui couvrent les commandes, les paiements, l'exp\u00e9dition, les retours, la confidentialit\u00e9 et la responsabilit\u00e9. Des politiques transparentes pour votre protection et votre tranquillit\u00e9 d'esprit.","breadcrumb":{"@id":"https:\/\/phytoiva.eu\/en\/terms-and-conditions\/#breadcrumb"},"inLanguage":"fr-FR","potentialAction":[{"@type":"ReadAction","target":["https:\/\/phytoiva.eu\/en\/terms-and-conditions\/"]}]},{"@type":"BreadcrumbList","@id":"https:\/\/phytoiva.eu\/en\/terms-and-conditions\/#breadcrumb","itemListElement":[{"@type":"ListItem","position":1,"name":"Home","item":"https:\/\/phytoiva.eu\/"},{"@type":"ListItem","position":2,"name":"Terms and Conditions"}]},{"@type":"WebSite","@id":"https:\/\/phytoiva.eu\/#website","url":"https:\/\/phytoiva.eu\/","name":"phytoiva","description":"v\u00e9g\u00e9tal | v\u00e9g\u00e9talien | naturel","publisher":{"@id":"https:\/\/phytoiva.eu\/#organization"},"potentialAction":[{"@type":"SearchAction","target":{"@type":"EntryPoint","urlTemplate":"https:\/\/phytoiva.eu\/?s={search_term_string}"},"query-input":{"@type":"PropertyValueSpecification","valueRequired":true,"valueName":"search_term_string"}}],"inLanguage":"fr-FR"},{"@type":"Organization","@id":"https:\/\/phytoiva.eu\/#organization","name":"phytoiva","alternateName":"Vegan, Natural Wellness","url":"https:\/\/phytoiva.eu\/","logo":{"@type":"ImageObject","inLanguage":"fr-FR","@id":"https:\/\/phytoiva.eu\/#\/schema\/logo\/image\/","url":"https:\/\/phytoiva.eu\/wp-content\/uploads\/2025\/06\/cropped-Phytoiva-Icon.jpg","contentUrl":"https:\/\/phytoiva.eu\/wp-content\/uploads\/2025\/06\/cropped-Phytoiva-Icon.jpg","width":512,"height":512,"caption":"phytoiva"},"image":{"@id":"https:\/\/phytoiva.eu\/#\/schema\/logo\/image\/"},"description":"Go\u00fbt agr\u00e9able, haute biodisponibilit\u00e9, efficace, v\u00e9g\u00e9talien et naturel, voil\u00e0 comment nos suppl\u00e9ments vous aident \u00e0 changer votre vie."}]}},"_links":{"self":[{"href":"https:\/\/phytoiva.eu\/fr\/wp-json\/wp\/v2\/pages\/1325","targetHints":{"allow":["GET"]}}],"collection":[{"href":"https:\/\/phytoiva.eu\/fr\/wp-json\/wp\/v2\/pages"}],"about":[{"href":"https:\/\/phytoiva.eu\/fr\/wp-json\/wp\/v2\/types\/page"}],"author":[{"embeddable":true,"href":"https:\/\/phytoiva.eu\/fr\/wp-json\/wp\/v2\/users\/1"}],"replies":[{"embeddable":true,"href":"https:\/\/phytoiva.eu\/fr\/wp-json\/wp\/v2\/comments?post=1325"}],"version-history":[{"count":11,"href":"https:\/\/phytoiva.eu\/fr\/wp-json\/wp\/v2\/pages\/1325\/revisions"}],"predecessor-version":[{"id":2202,"href":"https:\/\/phytoiva.eu\/fr\/wp-json\/wp\/v2\/pages\/1325\/revisions\/2202"}],"wp:attachment":[{"href":"https:\/\/phytoiva.eu\/fr\/wp-json\/wp\/v2\/media?parent=1325"}],"curies":[{"name":"wp","href":"https:\/\/api.w.org\/{rel}","templated":true}]}}