{"id":3779,"date":"2025-09-24T09:18:08","date_gmt":"2025-09-24T07:18:08","guid":{"rendered":"https:\/\/phytoiva.eu\/?post_type=product&#038;p=3779"},"modified":"2025-09-26T16:53:25","modified_gmt":"2025-09-26T14:53:25","slug":"ashwagandha-shilajit-entspannen","status":"publish","type":"product","link":"https:\/\/phytoiva.eu\/de\/produkt\/ashwagandha-shilajit-entspannen\/","title":{"rendered":"Ashwagandha &amp; Shilajit | Entspannen"},"content":{"rendered":"<p data-start=\"614\" data-end=\"644\">Entdecken Sie die nat\u00fcrliche Unterst\u00fctzung f\u00fcr Gleichgewicht und Erholung mit Phytoiva's <strong data-start=\"384\" data-end=\"421\">Ashwagandha &amp; Shilajit Entspannungspaket<\/strong>. Dieses Premium-Duo kombiniert die adaptogenen Vorteile von <strong data-start=\"477\" data-end=\"492\">Ashwagandha<\/strong> mit der mineralstoffreichen Kraft von <strong data-start=\"527\" data-end=\"539\">Shilajit<\/strong>zur Erhaltung der Ruhe, des Energiegleichgewichts und des allgemeinen Wohlbefindens.<\/p>\n<h4 data-start=\"614\" data-end=\"644\"><span style=\"color: #0a3b27;\"><strong data-start=\"618\" data-end=\"642\">Ashwagandha-Kapseln<\/strong><\/span><\/h4>\n<ul data-start=\"645\" data-end=\"900\">\n<li data-start=\"645\" data-end=\"700\">\n<p data-start=\"647\" data-end=\"700\">500 mg hochwertiger Ashwagandha-Extrakt pro Kapsel<\/p>\n<\/li>\n<li data-start=\"701\" data-end=\"776\">\n<p data-start=\"703\" data-end=\"776\">Traditionell als Adaptogen zur Unterst\u00fctzung von Entspannung und Belastbarkeit verwendet<\/p>\n<\/li>\n<li data-start=\"777\" data-end=\"809\">\n<p data-start=\"779\" data-end=\"809\">60 vegane Kapseln pro Flasche<\/p>\n<\/li>\n<li data-start=\"810\" data-end=\"859\">\n<p data-start=\"812\" data-end=\"859\">Frei von Zusatzstoffen und synthetischen Zutaten<\/p>\n<\/li>\n<li data-start=\"860\" data-end=\"900\">\n<p data-start=\"862\" data-end=\"900\">Produziert in GMP-zertifizierten Einrichtungen<\/p>\n<\/li>\n<\/ul>\n<h4 data-start=\"985\" data-end=\"1012\"><span style=\"color: #0a3b27;\"><strong data-start=\"989\" data-end=\"1010\">Shilajit-Kapseln<\/strong><\/span><\/h4>\n<ul data-start=\"1013\" data-end=\"1237\">\n<li data-start=\"1013\" data-end=\"1061\">\n<p data-start=\"1015\" data-end=\"1061\">500 mg gereinigter Shilajit-Extrakt pro Kapsel<\/p>\n<\/li>\n<li data-start=\"1062\" data-end=\"1126\">\n<p data-start=\"1064\" data-end=\"1126\">Traditionell gesch\u00e4tzt f\u00fcr nat\u00fcrliche Energie und Unterst\u00fctzung der Regeneration<\/p>\n<\/li>\n<li data-start=\"1127\" data-end=\"1159\">\n<p data-start=\"1129\" data-end=\"1159\">60 vegane Kapseln pro Flasche<\/p>\n<\/li>\n<li data-start=\"1160\" data-end=\"1198\">\n<p data-start=\"1162\" data-end=\"1198\">100% auf pflanzlicher Basis und ohne Zusatzstoffe<\/p>\n<\/li>\n<li data-start=\"1199\" data-end=\"1237\">\n<p data-start=\"1201\" data-end=\"1237\">Hergestellt in HACCP-zertifizierten Einrichtungen<\/p>\n<\/li>\n<\/ul>\n<h4 data-start=\"1306\" data-end=\"1342\"><span style=\"color: #0a3b27;\"><strong data-start=\"1310\" data-end=\"1340\">Warum das Relax-Paket?<\/strong><\/span><\/h4>\n<ul data-start=\"1343\" data-end=\"1546\">\n<li data-start=\"1343\" data-end=\"1406\">\n<p data-start=\"1345\" data-end=\"1406\">Kombiniert zwei pflanzliche Stoffe f\u00fcr <strong data-start=\"1373\" data-end=\"1404\">Ruhe, Ausgeglichenheit und Erholung<\/strong><\/p>\n<\/li>\n<li data-start=\"1407\" data-end=\"1468\">\n<p data-start=\"1409\" data-end=\"1468\">Unterst\u00fctzt die Stressresistenz und den Erhalt der nat\u00fcrlichen Energie<\/p>\n<\/li>\n<li data-start=\"1469\" data-end=\"1508\">\n<p data-start=\"1471\" data-end=\"1508\">Vegan, sauber und auf Reinheit getestet<\/p>\n<\/li>\n<li data-start=\"1509\" data-end=\"1546\">\n<p data-start=\"1511\" data-end=\"1546\">Ideal f\u00fcr die t\u00e4gliche Wellness-Routine<\/p>\n<\/li>\n<\/ul>\n<p>Mit Phytoivas <strong data-start=\"1825\" data-end=\"1862\">Ashwagandha &amp; Shilajit Entspannungspaket<\/strong>erhalten Sie eine pflanzliche Methode zur Unterst\u00fctzung des Gleichgewichts, der Erholung und des t\u00e4glichen Wohlbefindens.<\/p>\n\n    <div class=\"xs_social_share_widget xs_share_url after_content \t\tmain_content  wslu-style-1 wslu-share-box-shaped wslu-fill-colored wslu-none wslu-share-horizontal wslu-theme-font-no wslu-main_content\">\n\n\t\t\n        <ul>\n\t\t\t        <\/ul>\n    <\/div>","protected":false},"excerpt":{"rendered":"<p data-start=\"614\" data-end=\"644\">Entdecken Sie die nat\u00fcrliche Unterst\u00fctzung f\u00fcr Gleichgewicht und Erholung mit Phytoiva's <strong data-start=\"384\" data-end=\"421\">Ashwagandha &amp; Shilajit Entspannungspaket<\/strong>. Dieses Premium-Duo kombiniert die adaptogenen<span style=\"color: #0a3b27;\"> <a style=\"color: #0a3b27;\" href=\"https:\/\/phytoiva.eu\/de\/ashwagandha-kapseln-fur-maximalen-nutzen\/\"><u>Vorteile von <strong data-start=\"477\" data-end=\"492\">Ashwagandha<\/strong><\/u><\/a><\/span> mit der mineralstoffreichen Kraft von <span style=\"color: #0a3b27;\"><a style=\"color: #0a3b27;\" href=\"https:\/\/phytoiva.eu\/de\/der-ultimative-leitfaden-fur-shilajit-kapseln-fur-mehr-gesundheit-und-wohlbefinden\/\"><strong data-start=\"527\" data-end=\"539\"><u>Shilajit<\/u><\/strong><\/a><\/span>zur Erhaltung der Ruhe, des Energiegleichgewichts und des allgemeinen Wohlbefindens.<\/p>\n<h4 data-start=\"614\" data-end=\"644\"><span style=\"color: #0a3b27;\"><strong data-start=\"618\" data-end=\"642\">Ashwagandha-Kapseln<\/strong><\/span><\/h4>\n<ul data-start=\"645\" data-end=\"900\">\n<li data-start=\"645\" data-end=\"700\">\n<p data-start=\"647\" data-end=\"700\">500 mg hochwertiger Ashwagandha-Extrakt pro Kapsel<\/p>\n<\/li>\n<li data-start=\"701\" data-end=\"776\">\n<p data-start=\"703\" data-end=\"776\">Traditionell als Adaptogen zur Unterst\u00fctzung von Entspannung und Belastbarkeit verwendet<\/p>\n<\/li>\n<li data-start=\"777\" data-end=\"809\">\n<p data-start=\"779\" data-end=\"809\">60 vegane Kapseln pro Flasche<\/p>\n<\/li>\n<li data-start=\"810\" data-end=\"859\">\n<p data-start=\"812\" data-end=\"859\">Frei von Zusatzstoffen und synthetischen Zutaten<\/p>\n<\/li>\n<li data-start=\"860\" data-end=\"900\">\n<p data-start=\"862\" data-end=\"900\">Produziert in GMP-zertifizierten Einrichtungen<\/p>\n<\/li>\n<\/ul>\n<h4 data-start=\"985\" data-end=\"1012\"><span style=\"color: #0a3b27;\"><strong data-start=\"989\" data-end=\"1010\">Shilajit-Kapseln<\/strong><\/span><\/h4>\n<ul data-start=\"1013\" data-end=\"1237\">\n<li data-start=\"1013\" data-end=\"1061\">\n<p data-start=\"1015\" data-end=\"1061\">500 mg gereinigter Shilajit-Extrakt pro Kapsel<\/p>\n<\/li>\n<li data-start=\"1062\" data-end=\"1126\">\n<p data-start=\"1064\" data-end=\"1126\">Traditionell gesch\u00e4tzt f\u00fcr nat\u00fcrliche Energie und Unterst\u00fctzung der Regeneration<\/p>\n<\/li>\n<li data-start=\"1127\" data-end=\"1159\">\n<p data-start=\"1129\" data-end=\"1159\">60 vegane Kapseln pro Flasche<\/p>\n<\/li>\n<li data-start=\"1160\" data-end=\"1198\">\n<p data-start=\"1162\" data-end=\"1198\">100% auf pflanzlicher Basis und ohne Zusatzstoffe<\/p>\n<\/li>\n<li data-start=\"1199\" data-end=\"1237\">\n<p data-start=\"1201\" data-end=\"1237\">Hergestellt in HACCP-zertifizierten Einrichtungen<\/p>\n<\/li>\n<\/ul>","protected":false},"featured_media":3790,"comment_status":"open","ping_status":"closed","template":"","meta":{"_acf_changed":false,"postBodyCss":"","postBodyMargin":[],"postBodyPadding":[],"postBodyBackground":{"backgroundType":"classic","gradient":""}},"product_brand":[29],"product_cat":[24,23],"product_tag":[30,28,31],"class_list":{"0":"post-3779","1":"product","2":"type-product","3":"status-publish","4":"has-post-thumbnail","6":"product_brand-phytoiva","7":"product_cat-natural-energy","8":"product_cat-stress-support","9":"product_tag-bestsellers","10":"product_tag-gummies","11":"product_tag-stress","13":"first","14":"instock","15":"sale","16":"taxable","17":"shipping-taxable","18":"purchasable","19":"product-type-simple"},"acf":[],"yoast_head":"<!-- This site is optimized with the Yoast SEO Premium plugin v25.4 (Yoast SEO v27.3) - https:\/\/yoast.com\/product\/yoast-seo-premium-wordpress\/ -->\n<title>Ashwagandha &amp; Shilajit | Relax | Phytoiva<\/title>\n<meta name=\"description\" content=\"Pack of two: Benefits of Ashwagandha with the mineral-rich strength of Shilajit, designed to help maintain calm, energy balance, and overall wellness.\" \/>\n<meta name=\"robots\" content=\"index, follow, max-snippet:-1, max-image-preview:large, max-video-preview:-1\" \/>\n<link rel=\"canonical\" href=\"https:\/\/phytoiva.eu\/de\/produkt\/ashwagandha-shilajit-entspannen\/\" \/>\n<meta property=\"og:locale\" content=\"de_DE\" \/>\n<meta property=\"og:type\" content=\"article\" \/>\n<meta property=\"og:title\" content=\"Ashwagandha &amp; Shilajit | Relax\" \/>\n<meta property=\"og:description\" content=\"Pack of two: Benefits of Ashwagandha with the mineral-rich strength of Shilajit, designed to help maintain calm, energy balance, and overall wellness.\" \/>\n<meta property=\"og:url\" content=\"https:\/\/phytoiva.eu\/de\/produkt\/ashwagandha-shilajit-entspannen\/\" \/>\n<meta property=\"og:site_name\" content=\"Phytoiva\" \/>\n<meta property=\"article:modified_time\" content=\"2025-09-26T14:53:25+00:00\" \/>\n<meta property=\"og:image\" content=\"https:\/\/phytoiva.eu\/wp-content\/uploads\/2025\/09\/Ashwagandha-Shilajit.jpg\" \/>\n\t<meta property=\"og:image:width\" content=\"1000\" \/>\n\t<meta property=\"og:image:height\" content=\"1000\" \/>\n\t<meta property=\"og:image:type\" content=\"image\/jpeg\" \/>\n<meta name=\"twitter:card\" content=\"summary_large_image\" \/>\n<meta name=\"twitter:label1\" content=\"Est. reading time\" \/>\n\t<meta name=\"twitter:data1\" content=\"1 minute\" \/>\n<script type=\"application\/ld+json\" class=\"yoast-schema-graph\">{\"@context\":\"https:\\\/\\\/schema.org\",\"@graph\":[{\"@type\":\"WebPage\",\"@id\":\"https:\\\/\\\/phytoiva.eu\\\/product\\\/ashwagandha-shilajit-relax\\\/\",\"url\":\"https:\\\/\\\/phytoiva.eu\\\/product\\\/ashwagandha-shilajit-relax\\\/\",\"name\":\"Ashwagandha & Shilajit | Relax | Phytoiva\",\"isPartOf\":{\"@id\":\"https:\\\/\\\/phytoiva.eu\\\/#website\"},\"primaryImageOfPage\":{\"@id\":\"https:\\\/\\\/phytoiva.eu\\\/product\\\/ashwagandha-shilajit-relax\\\/#primaryimage\"},\"image\":{\"@id\":\"https:\\\/\\\/phytoiva.eu\\\/product\\\/ashwagandha-shilajit-relax\\\/#primaryimage\"},\"thumbnailUrl\":\"https:\\\/\\\/phytoiva.eu\\\/wp-content\\\/uploads\\\/2025\\\/09\\\/Ashwagandha-Shilajit.jpg\",\"datePublished\":\"2025-09-24T07:18:08+00:00\",\"dateModified\":\"2025-09-26T14:53:25+00:00\",\"description\":\"Pack of two: Benefits of Ashwagandha with the mineral-rich strength of Shilajit, designed to help maintain calm, energy balance, and overall wellness.\",\"breadcrumb\":{\"@id\":\"https:\\\/\\\/phytoiva.eu\\\/product\\\/ashwagandha-shilajit-relax\\\/#breadcrumb\"},\"inLanguage\":\"de-DE\",\"potentialAction\":[{\"@type\":\"ReadAction\",\"target\":[\"https:\\\/\\\/phytoiva.eu\\\/product\\\/ashwagandha-shilajit-relax\\\/\"]}]},{\"@type\":\"ImageObject\",\"inLanguage\":\"de-DE\",\"@id\":\"https:\\\/\\\/phytoiva.eu\\\/product\\\/ashwagandha-shilajit-relax\\\/#primaryimage\",\"url\":\"https:\\\/\\\/phytoiva.eu\\\/wp-content\\\/uploads\\\/2025\\\/09\\\/Ashwagandha-Shilajit.jpg\",\"contentUrl\":\"https:\\\/\\\/phytoiva.eu\\\/wp-content\\\/uploads\\\/2025\\\/09\\\/Ashwagandha-Shilajit.jpg\",\"width\":1000,\"height\":1000,\"caption\":\"Ashwagandha & Shilajit\"},{\"@type\":\"BreadcrumbList\",\"@id\":\"https:\\\/\\\/phytoiva.eu\\\/product\\\/ashwagandha-shilajit-relax\\\/#breadcrumb\",\"itemListElement\":[{\"@type\":\"ListItem\",\"position\":1,\"name\":\"Home\",\"item\":\"https:\\\/\\\/phytoiva.eu\\\/\"},{\"@type\":\"ListItem\",\"position\":2,\"name\":\"Shop\",\"item\":\"https:\\\/\\\/phytoiva.eu\\\/shop\\\/\"},{\"@type\":\"ListItem\",\"position\":3,\"name\":\"Ashwagandha &#038; Shilajit | Relax\"}]},{\"@type\":\"WebSite\",\"@id\":\"https:\\\/\\\/phytoiva.eu\\\/#website\",\"url\":\"https:\\\/\\\/phytoiva.eu\\\/\",\"name\":\"phytoiva\",\"description\":\"Plant Based | Vegan | Natural\",\"publisher\":{\"@id\":\"https:\\\/\\\/phytoiva.eu\\\/#organization\"},\"potentialAction\":[{\"@type\":\"SearchAction\",\"target\":{\"@type\":\"EntryPoint\",\"urlTemplate\":\"https:\\\/\\\/phytoiva.eu\\\/?s={search_term_string}\"},\"query-input\":{\"@type\":\"PropertyValueSpecification\",\"valueRequired\":true,\"valueName\":\"search_term_string\"}}],\"inLanguage\":\"de-DE\"},{\"@type\":\"Organization\",\"@id\":\"https:\\\/\\\/phytoiva.eu\\\/#organization\",\"name\":\"phytoiva\",\"alternateName\":\"Vegan, Natural Wellness\",\"url\":\"https:\\\/\\\/phytoiva.eu\\\/\",\"logo\":{\"@type\":\"ImageObject\",\"inLanguage\":\"de-DE\",\"@id\":\"https:\\\/\\\/phytoiva.eu\\\/#\\\/schema\\\/logo\\\/image\\\/\",\"url\":\"https:\\\/\\\/phytoiva.eu\\\/wp-content\\\/uploads\\\/2025\\\/06\\\/cropped-Phytoiva-Icon.jpg\",\"contentUrl\":\"https:\\\/\\\/phytoiva.eu\\\/wp-content\\\/uploads\\\/2025\\\/06\\\/cropped-Phytoiva-Icon.jpg\",\"width\":512,\"height\":512,\"caption\":\"phytoiva\"},\"image\":{\"@id\":\"https:\\\/\\\/phytoiva.eu\\\/#\\\/schema\\\/logo\\\/image\\\/\"},\"description\":\"Enjoyable taste, high bioavailablilty, effective, vegan & natural, this is how our supplements help you changing your life.\"}]}<\/script>\n<!-- \/ Yoast SEO Premium plugin. -->","yoast_head_json":{"title":"Ashwagandha &amp; Shilajit | Entspannen | Phytoiva","description":"Zweierpack: Die Vorteile von Ashwagandha mit der mineralstoffreichen Kraft von Shilajit, um Ruhe, Energiegleichgewicht und allgemeines Wohlbefinden zu erhalten.","robots":{"index":"index","follow":"follow","max-snippet":"max-snippet:-1","max-image-preview":"max-image-preview:large","max-video-preview":"max-video-preview:-1"},"canonical":"https:\/\/phytoiva.eu\/de\/produkt\/ashwagandha-shilajit-entspannen\/","og_locale":"de_DE","og_type":"article","og_title":"Ashwagandha & Shilajit | Relax","og_description":"Pack of two: Benefits of Ashwagandha with the mineral-rich strength of Shilajit, designed to help maintain calm, energy balance, and overall wellness.","og_url":"https:\/\/phytoiva.eu\/de\/produkt\/ashwagandha-shilajit-entspannen\/","og_site_name":"Phytoiva","article_modified_time":"2025-09-26T14:53:25+00:00","og_image":[{"width":1000,"height":1000,"url":"https:\/\/phytoiva.eu\/wp-content\/uploads\/2025\/09\/Ashwagandha-Shilajit.jpg","type":"image\/jpeg"}],"twitter_card":"summary_large_image","twitter_misc":{"Est. reading time":"1 minute"},"schema":{"@context":"https:\/\/schema.org","@graph":[{"@type":"WebPage","@id":"https:\/\/phytoiva.eu\/product\/ashwagandha-shilajit-relax\/","url":"https:\/\/phytoiva.eu\/product\/ashwagandha-shilajit-relax\/","name":"Ashwagandha &amp; Shilajit | Entspannen | Phytoiva","isPartOf":{"@id":"https:\/\/phytoiva.eu\/#website"},"primaryImageOfPage":{"@id":"https:\/\/phytoiva.eu\/product\/ashwagandha-shilajit-relax\/#primaryimage"},"image":{"@id":"https:\/\/phytoiva.eu\/product\/ashwagandha-shilajit-relax\/#primaryimage"},"thumbnailUrl":"https:\/\/phytoiva.eu\/wp-content\/uploads\/2025\/09\/Ashwagandha-Shilajit.jpg","datePublished":"2025-09-24T07:18:08+00:00","dateModified":"2025-09-26T14:53:25+00:00","description":"Zweierpack: Die Vorteile von Ashwagandha mit der mineralstoffreichen Kraft von Shilajit, um Ruhe, Energiegleichgewicht und allgemeines Wohlbefinden zu erhalten.","breadcrumb":{"@id":"https:\/\/phytoiva.eu\/product\/ashwagandha-shilajit-relax\/#breadcrumb"},"inLanguage":"de-DE","potentialAction":[{"@type":"ReadAction","target":["https:\/\/phytoiva.eu\/product\/ashwagandha-shilajit-relax\/"]}]},{"@type":"ImageObject","inLanguage":"de-DE","@id":"https:\/\/phytoiva.eu\/product\/ashwagandha-shilajit-relax\/#primaryimage","url":"https:\/\/phytoiva.eu\/wp-content\/uploads\/2025\/09\/Ashwagandha-Shilajit.jpg","contentUrl":"https:\/\/phytoiva.eu\/wp-content\/uploads\/2025\/09\/Ashwagandha-Shilajit.jpg","width":1000,"height":1000,"caption":"Ashwagandha & Shilajit"},{"@type":"BreadcrumbList","@id":"https:\/\/phytoiva.eu\/product\/ashwagandha-shilajit-relax\/#breadcrumb","itemListElement":[{"@type":"ListItem","position":1,"name":"Home","item":"https:\/\/phytoiva.eu\/"},{"@type":"ListItem","position":2,"name":"Shop","item":"https:\/\/phytoiva.eu\/shop\/"},{"@type":"ListItem","position":3,"name":"Ashwagandha &#038; Shilajit | Relax"}]},{"@type":"WebSite","@id":"https:\/\/phytoiva.eu\/#website","url":"https:\/\/phytoiva.eu\/","name":"phytoiva","description":"Pflanzenbasiert | Vegan | Nat\u00fcrlich","publisher":{"@id":"https:\/\/phytoiva.eu\/#organization"},"potentialAction":[{"@type":"SearchAction","target":{"@type":"EntryPoint","urlTemplate":"https:\/\/phytoiva.eu\/?s={search_term_string}"},"query-input":{"@type":"PropertyValueSpecification","valueRequired":true,"valueName":"search_term_string"}}],"inLanguage":"de-DE"},{"@type":"Organization","@id":"https:\/\/phytoiva.eu\/#organization","name":"phytoiva","alternateName":"Vegan, Natural Wellness","url":"https:\/\/phytoiva.eu\/","logo":{"@type":"ImageObject","inLanguage":"de-DE","@id":"https:\/\/phytoiva.eu\/#\/schema\/logo\/image\/","url":"https:\/\/phytoiva.eu\/wp-content\/uploads\/2025\/06\/cropped-Phytoiva-Icon.jpg","contentUrl":"https:\/\/phytoiva.eu\/wp-content\/uploads\/2025\/06\/cropped-Phytoiva-Icon.jpg","width":512,"height":512,"caption":"phytoiva"},"image":{"@id":"https:\/\/phytoiva.eu\/#\/schema\/logo\/image\/"},"description":"Angenehmer Geschmack, hohe Bioverf\u00fcgbarkeit, effektiv, vegan und nat\u00fcrlich, so helfen unsere Nahrungserg\u00e4nzungsmittel Ihnen, Ihr Leben zu ver\u00e4ndern."}]}},"_links":{"self":[{"href":"https:\/\/phytoiva.eu\/de\/wp-json\/wp\/v2\/product\/3779","targetHints":{"allow":["GET"]}}],"collection":[{"href":"https:\/\/phytoiva.eu\/de\/wp-json\/wp\/v2\/product"}],"about":[{"href":"https:\/\/phytoiva.eu\/de\/wp-json\/wp\/v2\/types\/product"}],"replies":[{"embeddable":true,"href":"https:\/\/phytoiva.eu\/de\/wp-json\/wp\/v2\/comments?post=3779"}],"version-history":[{"count":8,"href":"https:\/\/phytoiva.eu\/de\/wp-json\/wp\/v2\/product\/3779\/revisions"}],"predecessor-version":[{"id":3809,"href":"https:\/\/phytoiva.eu\/de\/wp-json\/wp\/v2\/product\/3779\/revisions\/3809"}],"wp:featuredmedia":[{"embeddable":true,"href":"https:\/\/phytoiva.eu\/de\/wp-json\/wp\/v2\/media\/3790"}],"wp:attachment":[{"href":"https:\/\/phytoiva.eu\/de\/wp-json\/wp\/v2\/media?parent=3779"}],"wp:term":[{"taxonomy":"product_brand","embeddable":true,"href":"https:\/\/phytoiva.eu\/de\/wp-json\/wp\/v2\/product_brand?post=3779"},{"taxonomy":"product_cat","embeddable":true,"href":"https:\/\/phytoiva.eu\/de\/wp-json\/wp\/v2\/product_cat?post=3779"},{"taxonomy":"product_tag","embeddable":true,"href":"https:\/\/phytoiva.eu\/de\/wp-json\/wp\/v2\/product_tag?post=3779"}],"curies":[{"name":"wp","href":"https:\/\/api.w.org\/{rel}","templated":true}]}}