{"id":3775,"date":"2025-09-24T08:54:58","date_gmt":"2025-09-24T06:54:58","guid":{"rendered":"https:\/\/phytoiva.eu\/?post_type=product&#038;p=3775"},"modified":"2025-09-26T16:53:48","modified_gmt":"2025-09-26T14:53:48","slug":"kurkuma-ashwagandha-unterstutzung-der-stimmung","status":"publish","type":"product","link":"https:\/\/phytoiva.eu\/de\/produkt\/kurkuma-ashwagandha-unterstutzung-der-stimmung\/","title":{"rendered":"Kurkuma &amp; Ashwagandha | Stimmungsaufhellung"},"content":{"rendered":"<p data-start=\"228\" data-end=\"535\">Bringen Sie Ihr Leben ins Gleichgewicht mit Phytoiva's <strong data-start=\"276\" data-end=\"320\"><span style=\"color: #0a3b27;\"><a style=\"color: #0a3b27;\" href=\"https:\/\/phytoiva.eu\/de\/die-entdeckung-des-goldenen-gewurzes-10-erstaunliche-vorteile-von-kurkuma-curcumin-die-sie-kennen-mussen\/\"><u>Kurkuma<\/u><\/a> <\/span>&amp; <span style=\"color: #0a3b27;\"><a style=\"color: #0a3b27;\" href=\"https:\/\/phytoiva.eu\/de\/ashwagandha-kapseln-fur-maximalen-nutzen\/\">Ashwagandha<\/a><\/span> Mood Support Pack<\/strong> - eine nat\u00fcrliche Kombination aus zwei bekannten Pflanzen, die Ruhe, Konzentration und allgemeines Wohlbefinden f\u00f6rdern. Egal, ob Sie einen anstrengenden Tag oder einen aktiven Lebensstil haben, dieses Paket hilft Ihnen, geerdet und widerstandsf\u00e4hig zu bleiben.<\/p>\n<h5 data-start=\"537\" data-end=\"564\"><span style=\"color: #0a3b27;\"><strong data-start=\"541\" data-end=\"562\">Kurkuma-Kapseln<\/strong><\/span><\/h5>\n<ul data-start=\"565\" data-end=\"777\">\n<li data-start=\"565\" data-end=\"604\">\n<p data-start=\"567\" data-end=\"604\">500 mg Kurkumaextrakt pro Kapsel<\/p>\n<\/li>\n<li data-start=\"605\" data-end=\"667\">\n<p data-start=\"607\" data-end=\"667\">Traditionell gesch\u00e4tzt f\u00fcr seine nat\u00fcrlichen unterst\u00fctzenden Eigenschaften<\/p>\n<\/li>\n<li data-start=\"668\" data-end=\"700\">\n<p data-start=\"670\" data-end=\"700\">60 vegane Kapseln pro Flasche<\/p>\n<\/li>\n<li data-start=\"701\" data-end=\"736\">\n<p data-start=\"703\" data-end=\"736\">Nicht gentechnisch ver\u00e4ndert und frei von Zusatzstoffen<\/p>\n<\/li>\n<li data-start=\"737\" data-end=\"777\">\n<p data-start=\"739\" data-end=\"777\">Produziert in GMP-zertifizierten Einrichtungen<\/p>\n<\/li>\n<\/ul>\n<h5 data-start=\"854\" data-end=\"884\"><span style=\"color: #0a3b27;\"><strong data-start=\"858\" data-end=\"882\">Ashwagandha-Kapseln<\/strong><\/span><\/h5>\n<ul data-start=\"885\" data-end=\"1106\">\n<li data-start=\"885\" data-end=\"927\">\n<p data-start=\"887\" data-end=\"927\">500 mg Ashwagandha-Extrakt pro Kapsel<\/p>\n<\/li>\n<li data-start=\"928\" data-end=\"1001\">\n<p data-start=\"930\" data-end=\"1001\">Adaptogenes Kraut, das traditionell zur F\u00f6rderung von Gleichgewicht und Entspannung verwendet wird<\/p>\n<\/li>\n<li data-start=\"1002\" data-end=\"1034\">\n<p data-start=\"1004\" data-end=\"1034\">60 vegane Kapseln pro Flasche<\/p>\n<\/li>\n<li data-start=\"1035\" data-end=\"1073\">\n<p data-start=\"1037\" data-end=\"1073\">100% auf pflanzlicher Basis und ohne Zusatzstoffe<\/p>\n<\/li>\n<li data-start=\"1074\" data-end=\"1106\">\n<p data-start=\"1076\" data-end=\"1106\">Hergestellt in zertifizierten Einrichtungen<\/p>\n<\/li>\n<\/ul>\n<h5 data-start=\"1191\" data-end=\"1234\"><span style=\"color: #0a3b27;\"><strong data-start=\"1195\" data-end=\"1232\">Warum sollten Sie sich f\u00fcr das Mood Support Pack entscheiden?<\/strong><\/span><\/h5>\n<ul data-start=\"1235\" data-end=\"1445\">\n<li data-start=\"1235\" data-end=\"1303\">\n<p data-start=\"1237\" data-end=\"1303\">Kombiniert zwei pflanzliche Grundnahrungsmittel f\u00fcr <strong data-start=\"1277\" data-end=\"1301\">Gleichgewicht &amp; Belastbarkeit<\/strong><\/p>\n<\/li>\n<li data-start=\"1304\" data-end=\"1370\">\n<p data-start=\"1306\" data-end=\"1370\">Hilft bei der Unterst\u00fctzung <strong data-start=\"1320\" data-end=\"1358\">Ruhe, Konzentration und Stressbew\u00e4ltigung<\/strong> nat\u00fcrlich<\/p>\n<\/li>\n<li data-start=\"1371\" data-end=\"1407\">\n<p data-start=\"1373\" data-end=\"1407\">Vegan, sauber und qualit\u00e4tsgepr\u00fcft<\/p>\n<\/li>\n<li data-start=\"1408\" data-end=\"1445\">\n<p data-start=\"1410\" data-end=\"1445\">Ideal f\u00fcr die t\u00e4gliche Wellness-Routine<\/p>\n<\/li>\n<\/ul>\n<h5 data-start=\"1447\" data-end=\"1467\"><span style=\"color: #0a3b27;\"><strong data-start=\"1451\" data-end=\"1465\">Wie zu verwenden<\/strong><\/span><\/h5>\n<ul data-start=\"1468\" data-end=\"1662\">\n<li data-start=\"1468\" data-end=\"1532\">\n<p data-start=\"1470\" data-end=\"1532\">Nehmen Sie <strong data-start=\"1475\" data-end=\"1503\">1 Kurkuma-Kapsel t\u00e4glich<\/strong> mit einem vollen Glas Wasser<\/p>\n<\/li>\n<li data-start=\"1533\" data-end=\"1600\">\n<p data-start=\"1535\" data-end=\"1600\">Nehmen Sie <strong data-start=\"1540\" data-end=\"1571\">1 Ashwagandha-Kapsel t\u00e4glich<\/strong> mit einem vollen Glas Wasser<\/p>\n<\/li>\n<li data-start=\"1601\" data-end=\"1662\">\n<p data-start=\"1603\" data-end=\"1662\">F\u00fcr best\u00e4ndige Ergebnisse als Teil Ihrer t\u00e4glichen Routine verwenden<\/p>\n<\/li>\n<\/ul>\n<p>Mit Phytoivas <strong data-start=\"1688\" data-end=\"1732\">Kurkuma &amp; Ashwagandha Mood Support Pack<\/strong>erhalten Sie eine nat\u00fcrliche, pflanzliche Unterst\u00fctzung f\u00fcr die Aufrechterhaltung von Gleichgewicht und Wohlbefinden jeden Tag.<\/p>\n\n    <div class=\"xs_social_share_widget xs_share_url after_content \t\tmain_content  wslu-style-1 wslu-share-box-shaped wslu-fill-colored wslu-none wslu-share-horizontal wslu-theme-font-no wslu-main_content\">\n\n\t\t\n        <ul>\n\t\t\t        <\/ul>\n    <\/div>","protected":false},"excerpt":{"rendered":"<p><strong data-start=\"276\" data-end=\"320\">Kurkuma &amp; Ashwagandha Mood Support Pack<\/strong> - eine nat\u00fcrliche Kombination aus zwei bekannten Pflanzen, die Ruhe, Konzentration und allgemeines Wohlbefinden f\u00f6rdern. Egal, ob Sie einen anstrengenden Tag oder einen aktiven Lebensstil haben, dieses Paket hilft Ihnen, geerdet und widerstandsf\u00e4hig zu bleiben.<\/p>\n<ul>\n<li data-start=\"1948\" data-end=\"2000\">\n<p data-start=\"1950\" data-end=\"2000\">500 mg Kurkuma &amp; 500 mg Ashwagandha pro Kapsel<\/p>\n<\/li>\n<li data-start=\"2001\" data-end=\"2041\">\n<p data-start=\"2003\" data-end=\"2041\">Unterst\u00fctzt Ruhe, Konzentration und t\u00e4gliches Gleichgewicht<\/p>\n<\/li>\n<li data-start=\"2042\" data-end=\"2079\">\n<p data-start=\"2044\" data-end=\"2079\">Je 60 vegane Kapseln pro Flasche<\/p>\n<\/li>\n<li data-start=\"2080\" data-end=\"2123\">\n<p data-start=\"2082\" data-end=\"2123\">100% pflanzlich, sauber und frei von Zusatzstoffen<\/p>\n<\/li>\n<\/ul>","protected":false},"featured_media":3777,"comment_status":"open","ping_status":"closed","template":"","meta":{"_acf_changed":false,"postBodyCss":"","postBodyMargin":[],"postBodyPadding":[],"postBodyBackground":{"backgroundType":"classic","gradient":""}},"product_brand":[29],"product_cat":[24],"product_tag":[30,28,31],"class_list":{"0":"post-3775","1":"product","2":"type-product","3":"status-publish","4":"has-post-thumbnail","6":"product_brand-phytoiva","7":"product_cat-natural-energy","8":"product_tag-bestsellers","9":"product_tag-gummies","10":"product_tag-stress","12":"first","13":"instock","14":"sale","15":"taxable","16":"shipping-taxable","17":"purchasable","18":"product-type-simple"},"acf":[],"yoast_head":"<!-- This site is optimized with the Yoast SEO Premium plugin v25.4 (Yoast SEO v27.3) - https:\/\/yoast.com\/product\/yoast-seo-premium-wordpress\/ -->\n<title>Turmeric &amp; Ashwagandha | Mood Support | Phytoiva<\/title>\n<meta name=\"description\" content=\"With Phytoiva\u2019s Turmeric &amp; Ashwagandha Mood Support Pack, you get natural, plant-based support for maintaining balance and well-being every day.\" \/>\n<meta name=\"robots\" content=\"index, follow, max-snippet:-1, max-image-preview:large, max-video-preview:-1\" \/>\n<link rel=\"canonical\" href=\"https:\/\/phytoiva.eu\/de\/produkt\/kurkuma-ashwagandha-unterstutzung-der-stimmung\/\" \/>\n<meta property=\"og:locale\" content=\"de_DE\" \/>\n<meta property=\"og:type\" content=\"article\" \/>\n<meta property=\"og:title\" content=\"Turmeric &amp; Ashwagandha | Mood Support\" \/>\n<meta property=\"og:description\" content=\"With Phytoiva\u2019s Turmeric &amp; Ashwagandha Mood Support Pack, you get natural, plant-based support for maintaining balance and well-being every day.\" \/>\n<meta property=\"og:url\" content=\"https:\/\/phytoiva.eu\/de\/produkt\/kurkuma-ashwagandha-unterstutzung-der-stimmung\/\" \/>\n<meta property=\"og:site_name\" content=\"Phytoiva\" \/>\n<meta property=\"article:modified_time\" content=\"2025-09-26T14:53:48+00:00\" \/>\n<meta property=\"og:image\" content=\"https:\/\/phytoiva.eu\/wp-content\/uploads\/2025\/09\/Turmeric-Ashwagandha.png\" \/>\n\t<meta property=\"og:image:width\" content=\"1000\" \/>\n\t<meta property=\"og:image:height\" content=\"1000\" \/>\n\t<meta property=\"og:image:type\" content=\"image\/png\" \/>\n<meta name=\"twitter:card\" content=\"summary_large_image\" \/>\n<meta name=\"twitter:label1\" content=\"Est. reading time\" \/>\n\t<meta name=\"twitter:data1\" content=\"2 minutes\" \/>\n<script type=\"application\/ld+json\" class=\"yoast-schema-graph\">{\"@context\":\"https:\\\/\\\/schema.org\",\"@graph\":[{\"@type\":\"WebPage\",\"@id\":\"https:\\\/\\\/phytoiva.eu\\\/product\\\/turmeric-ashwagandha-mood-support\\\/\",\"url\":\"https:\\\/\\\/phytoiva.eu\\\/product\\\/turmeric-ashwagandha-mood-support\\\/\",\"name\":\"Turmeric & Ashwagandha | Mood Support | Phytoiva\",\"isPartOf\":{\"@id\":\"https:\\\/\\\/phytoiva.eu\\\/#website\"},\"primaryImageOfPage\":{\"@id\":\"https:\\\/\\\/phytoiva.eu\\\/product\\\/turmeric-ashwagandha-mood-support\\\/#primaryimage\"},\"image\":{\"@id\":\"https:\\\/\\\/phytoiva.eu\\\/product\\\/turmeric-ashwagandha-mood-support\\\/#primaryimage\"},\"thumbnailUrl\":\"https:\\\/\\\/phytoiva.eu\\\/wp-content\\\/uploads\\\/2025\\\/09\\\/Turmeric-Ashwagandha.png\",\"datePublished\":\"2025-09-24T06:54:58+00:00\",\"dateModified\":\"2025-09-26T14:53:48+00:00\",\"description\":\"With Phytoiva\u2019s Turmeric & Ashwagandha Mood Support Pack, you get natural, plant-based support for maintaining balance and well-being every day.\",\"breadcrumb\":{\"@id\":\"https:\\\/\\\/phytoiva.eu\\\/product\\\/turmeric-ashwagandha-mood-support\\\/#breadcrumb\"},\"inLanguage\":\"de-DE\",\"potentialAction\":[{\"@type\":\"ReadAction\",\"target\":[\"https:\\\/\\\/phytoiva.eu\\\/product\\\/turmeric-ashwagandha-mood-support\\\/\"]}]},{\"@type\":\"ImageObject\",\"inLanguage\":\"de-DE\",\"@id\":\"https:\\\/\\\/phytoiva.eu\\\/product\\\/turmeric-ashwagandha-mood-support\\\/#primaryimage\",\"url\":\"https:\\\/\\\/phytoiva.eu\\\/wp-content\\\/uploads\\\/2025\\\/09\\\/Turmeric-Ashwagandha.png\",\"contentUrl\":\"https:\\\/\\\/phytoiva.eu\\\/wp-content\\\/uploads\\\/2025\\\/09\\\/Turmeric-Ashwagandha.png\",\"width\":1000,\"height\":1000,\"caption\":\"Turmeric & Ashwagandha\"},{\"@type\":\"BreadcrumbList\",\"@id\":\"https:\\\/\\\/phytoiva.eu\\\/product\\\/turmeric-ashwagandha-mood-support\\\/#breadcrumb\",\"itemListElement\":[{\"@type\":\"ListItem\",\"position\":1,\"name\":\"Home\",\"item\":\"https:\\\/\\\/phytoiva.eu\\\/\"},{\"@type\":\"ListItem\",\"position\":2,\"name\":\"Shop\",\"item\":\"https:\\\/\\\/phytoiva.eu\\\/shop\\\/\"},{\"@type\":\"ListItem\",\"position\":3,\"name\":\"Turmeric &#038; Ashwagandha | Mood Support\"}]},{\"@type\":\"WebSite\",\"@id\":\"https:\\\/\\\/phytoiva.eu\\\/#website\",\"url\":\"https:\\\/\\\/phytoiva.eu\\\/\",\"name\":\"phytoiva\",\"description\":\"Plant Based | Vegan | Natural\",\"publisher\":{\"@id\":\"https:\\\/\\\/phytoiva.eu\\\/#organization\"},\"potentialAction\":[{\"@type\":\"SearchAction\",\"target\":{\"@type\":\"EntryPoint\",\"urlTemplate\":\"https:\\\/\\\/phytoiva.eu\\\/?s={search_term_string}\"},\"query-input\":{\"@type\":\"PropertyValueSpecification\",\"valueRequired\":true,\"valueName\":\"search_term_string\"}}],\"inLanguage\":\"de-DE\"},{\"@type\":\"Organization\",\"@id\":\"https:\\\/\\\/phytoiva.eu\\\/#organization\",\"name\":\"phytoiva\",\"alternateName\":\"Vegan, Natural Wellness\",\"url\":\"https:\\\/\\\/phytoiva.eu\\\/\",\"logo\":{\"@type\":\"ImageObject\",\"inLanguage\":\"de-DE\",\"@id\":\"https:\\\/\\\/phytoiva.eu\\\/#\\\/schema\\\/logo\\\/image\\\/\",\"url\":\"https:\\\/\\\/phytoiva.eu\\\/wp-content\\\/uploads\\\/2025\\\/06\\\/cropped-Phytoiva-Icon.jpg\",\"contentUrl\":\"https:\\\/\\\/phytoiva.eu\\\/wp-content\\\/uploads\\\/2025\\\/06\\\/cropped-Phytoiva-Icon.jpg\",\"width\":512,\"height\":512,\"caption\":\"phytoiva\"},\"image\":{\"@id\":\"https:\\\/\\\/phytoiva.eu\\\/#\\\/schema\\\/logo\\\/image\\\/\"},\"description\":\"Enjoyable taste, high bioavailablilty, effective, vegan & natural, this is how our supplements help you changing your life.\"}]}<\/script>\n<!-- \/ Yoast SEO Premium plugin. -->","yoast_head_json":{"title":"Kurkuma &amp; Ashwagandha | Stimmungsaufhellung | Phytoiva","description":"Mit dem Kurkuma &amp; Ashwagandha Mood Support Pack von Phytoiva erhalten Sie eine nat\u00fcrliche, pflanzliche Unterst\u00fctzung f\u00fcr Ihr t\u00e4gliches Gleichgewicht und Wohlbefinden.","robots":{"index":"index","follow":"follow","max-snippet":"max-snippet:-1","max-image-preview":"max-image-preview:large","max-video-preview":"max-video-preview:-1"},"canonical":"https:\/\/phytoiva.eu\/de\/produkt\/kurkuma-ashwagandha-unterstutzung-der-stimmung\/","og_locale":"de_DE","og_type":"article","og_title":"Turmeric & Ashwagandha | Mood Support","og_description":"With Phytoiva\u2019s Turmeric & Ashwagandha Mood Support Pack, you get natural, plant-based support for maintaining balance and well-being every day.","og_url":"https:\/\/phytoiva.eu\/de\/produkt\/kurkuma-ashwagandha-unterstutzung-der-stimmung\/","og_site_name":"Phytoiva","article_modified_time":"2025-09-26T14:53:48+00:00","og_image":[{"width":1000,"height":1000,"url":"https:\/\/phytoiva.eu\/wp-content\/uploads\/2025\/09\/Turmeric-Ashwagandha.png","type":"image\/png"}],"twitter_card":"summary_large_image","twitter_misc":{"Est. reading time":"2 minutes"},"schema":{"@context":"https:\/\/schema.org","@graph":[{"@type":"WebPage","@id":"https:\/\/phytoiva.eu\/product\/turmeric-ashwagandha-mood-support\/","url":"https:\/\/phytoiva.eu\/product\/turmeric-ashwagandha-mood-support\/","name":"Kurkuma &amp; Ashwagandha | Stimmungsaufhellung | Phytoiva","isPartOf":{"@id":"https:\/\/phytoiva.eu\/#website"},"primaryImageOfPage":{"@id":"https:\/\/phytoiva.eu\/product\/turmeric-ashwagandha-mood-support\/#primaryimage"},"image":{"@id":"https:\/\/phytoiva.eu\/product\/turmeric-ashwagandha-mood-support\/#primaryimage"},"thumbnailUrl":"https:\/\/phytoiva.eu\/wp-content\/uploads\/2025\/09\/Turmeric-Ashwagandha.png","datePublished":"2025-09-24T06:54:58+00:00","dateModified":"2025-09-26T14:53:48+00:00","description":"Mit dem Kurkuma &amp; Ashwagandha Mood Support Pack von Phytoiva erhalten Sie eine nat\u00fcrliche, pflanzliche Unterst\u00fctzung f\u00fcr Ihr t\u00e4gliches Gleichgewicht und Wohlbefinden.","breadcrumb":{"@id":"https:\/\/phytoiva.eu\/product\/turmeric-ashwagandha-mood-support\/#breadcrumb"},"inLanguage":"de-DE","potentialAction":[{"@type":"ReadAction","target":["https:\/\/phytoiva.eu\/product\/turmeric-ashwagandha-mood-support\/"]}]},{"@type":"ImageObject","inLanguage":"de-DE","@id":"https:\/\/phytoiva.eu\/product\/turmeric-ashwagandha-mood-support\/#primaryimage","url":"https:\/\/phytoiva.eu\/wp-content\/uploads\/2025\/09\/Turmeric-Ashwagandha.png","contentUrl":"https:\/\/phytoiva.eu\/wp-content\/uploads\/2025\/09\/Turmeric-Ashwagandha.png","width":1000,"height":1000,"caption":"Turmeric & Ashwagandha"},{"@type":"BreadcrumbList","@id":"https:\/\/phytoiva.eu\/product\/turmeric-ashwagandha-mood-support\/#breadcrumb","itemListElement":[{"@type":"ListItem","position":1,"name":"Home","item":"https:\/\/phytoiva.eu\/"},{"@type":"ListItem","position":2,"name":"Shop","item":"https:\/\/phytoiva.eu\/shop\/"},{"@type":"ListItem","position":3,"name":"Turmeric &#038; Ashwagandha | Mood Support"}]},{"@type":"WebSite","@id":"https:\/\/phytoiva.eu\/#website","url":"https:\/\/phytoiva.eu\/","name":"phytoiva","description":"Pflanzenbasiert | Vegan | Nat\u00fcrlich","publisher":{"@id":"https:\/\/phytoiva.eu\/#organization"},"potentialAction":[{"@type":"SearchAction","target":{"@type":"EntryPoint","urlTemplate":"https:\/\/phytoiva.eu\/?s={search_term_string}"},"query-input":{"@type":"PropertyValueSpecification","valueRequired":true,"valueName":"search_term_string"}}],"inLanguage":"de-DE"},{"@type":"Organization","@id":"https:\/\/phytoiva.eu\/#organization","name":"phytoiva","alternateName":"Vegan, Natural Wellness","url":"https:\/\/phytoiva.eu\/","logo":{"@type":"ImageObject","inLanguage":"de-DE","@id":"https:\/\/phytoiva.eu\/#\/schema\/logo\/image\/","url":"https:\/\/phytoiva.eu\/wp-content\/uploads\/2025\/06\/cropped-Phytoiva-Icon.jpg","contentUrl":"https:\/\/phytoiva.eu\/wp-content\/uploads\/2025\/06\/cropped-Phytoiva-Icon.jpg","width":512,"height":512,"caption":"phytoiva"},"image":{"@id":"https:\/\/phytoiva.eu\/#\/schema\/logo\/image\/"},"description":"Angenehmer Geschmack, hohe Bioverf\u00fcgbarkeit, effektiv, vegan und nat\u00fcrlich, so helfen unsere Nahrungserg\u00e4nzungsmittel Ihnen, Ihr Leben zu ver\u00e4ndern."}]}},"_links":{"self":[{"href":"https:\/\/phytoiva.eu\/de\/wp-json\/wp\/v2\/product\/3775","targetHints":{"allow":["GET"]}}],"collection":[{"href":"https:\/\/phytoiva.eu\/de\/wp-json\/wp\/v2\/product"}],"about":[{"href":"https:\/\/phytoiva.eu\/de\/wp-json\/wp\/v2\/types\/product"}],"replies":[{"embeddable":true,"href":"https:\/\/phytoiva.eu\/de\/wp-json\/wp\/v2\/comments?post=3775"}],"version-history":[{"count":3,"href":"https:\/\/phytoiva.eu\/de\/wp-json\/wp\/v2\/product\/3775\/revisions"}],"predecessor-version":[{"id":3810,"href":"https:\/\/phytoiva.eu\/de\/wp-json\/wp\/v2\/product\/3775\/revisions\/3810"}],"wp:featuredmedia":[{"embeddable":true,"href":"https:\/\/phytoiva.eu\/de\/wp-json\/wp\/v2\/media\/3777"}],"wp:attachment":[{"href":"https:\/\/phytoiva.eu\/de\/wp-json\/wp\/v2\/media?parent=3775"}],"wp:term":[{"taxonomy":"product_brand","embeddable":true,"href":"https:\/\/phytoiva.eu\/de\/wp-json\/wp\/v2\/product_brand?post=3775"},{"taxonomy":"product_cat","embeddable":true,"href":"https:\/\/phytoiva.eu\/de\/wp-json\/wp\/v2\/product_cat?post=3775"},{"taxonomy":"product_tag","embeddable":true,"href":"https:\/\/phytoiva.eu\/de\/wp-json\/wp\/v2\/product_tag?post=3775"}],"curies":[{"name":"wp","href":"https:\/\/api.w.org\/{rel}","templated":true}]}}