{"id":3766,"date":"2025-09-24T07:44:34","date_gmt":"2025-09-24T05:44:34","guid":{"rendered":"https:\/\/phytoiva.eu\/?post_type=product&#038;p=3766"},"modified":"2025-09-26T16:54:08","modified_gmt":"2025-09-26T14:54:08","slug":"maca-shilajit-leistungssteigerung","status":"publish","type":"product","link":"https:\/\/phytoiva.eu\/de\/produkt\/maca-shilajit-leistungssteigerung\/","title":{"rendered":"Maca &amp; Shilajit | Leistung &amp; Erholung"},"content":{"rendered":"<h3 data-start=\"248\" data-end=\"297\"><span style=\"color: #0a3b27;\"><strong data-start=\"251\" data-end=\"295\">Maca &amp; Shilajit (Leistung &amp; Erholung)<\/strong><\/span><\/h3>\n<p data-start=\"299\" data-end=\"585\">Erschlie\u00dfen Sie die Kraft der Natur mit Phytoiva's <strong data-start=\"342\" data-end=\"389\">Maca &amp; Shilajit Leistungs- und Erholungspaket<\/strong>eine erstklassige Kombination zur Unterst\u00fctzung von Ausdauer, Ausgeglichenheit und allgemeiner Vitalit\u00e4t. Dieses Duo auf pflanzlicher Basis wurde f\u00fcr einen aktiven Lebensstil entwickelt und bietet eine saubere und nat\u00fcrliche Unterst\u00fctzung f\u00fcr Ihren K\u00f6rper und Geist.<\/p>\n<h5 data-start=\"587\" data-end=\"610\"><span style=\"color: #0a3b27;\">Die Kraft der Maca<\/span><\/h5>\n<p data-start=\"611\" data-end=\"984\"><span style=\"color: #0a3b27;\"><a style=\"color: #0a3b27;\" href=\"https:\/\/phytoiva.eu\/de\/maca-enthullt-das-uralte-geheimnis-der-natur-fur-vitalitat-energie-und-wohlbefinden\/\"><u>Maca-Wurzel<\/u><\/a><\/span>Maca, auch bekannt als peruanischer Ginseng, wird traditionell seit Jahrhunderten verwendet, um Ausdauer und Vitalit\u00e4t zu erhalten. Jede Kapsel ist vollgepackt mit hochwertigem BIO Maca-Extrakt, standardisiert f\u00fcr Konsistenz und Reinheit. Mit 30.000 mg pro Flasche (500 mg pro Kapsel) bietet Maca von Phytoiva eine bequeme M\u00f6glichkeit, diese altehrw\u00fcrdige Pflanze in Ihre t\u00e4gliche Routine aufzunehmen.<\/p>\n<ul data-start=\"986\" data-end=\"1322\">\n<li data-start=\"986\" data-end=\"1045\">\n<p data-start=\"988\" data-end=\"1045\">30.000 mg BIO Maca-Wurzel pro Flasche (500 mg pro Kapsel)<\/p>\n<\/li>\n<li data-start=\"1046\" data-end=\"1085\">\n<p data-start=\"1048\" data-end=\"1085\">Unterst\u00fctzt die nat\u00fcrliche Energie und das Gleichgewicht<\/p>\n<\/li>\n<li data-start=\"1086\" data-end=\"1118\">\n<p data-start=\"1088\" data-end=\"1118\">60 vegane Kapseln pro Flasche<\/p>\n<\/li>\n<li data-start=\"1119\" data-end=\"1176\">\n<p data-start=\"1121\" data-end=\"1176\">Nicht gentechnisch ver\u00e4ndert und frei von k\u00fcnstlichen Aromen oder Chemikalien<\/p>\n<\/li>\n<li data-start=\"1177\" data-end=\"1217\">\n<p data-start=\"1179\" data-end=\"1217\">Produziert in GMP-konformen Einrichtungen<\/p>\n<\/li>\n<li data-start=\"1218\" data-end=\"1322\">\n<p data-start=\"1220\" data-end=\"1322\"><strong data-start=\"1220\" data-end=\"1236\">Zutaten:<\/strong> Maca\/Peruanische Brunnenkresse (Lepidium meyenii) Wurzelextrakt 10:1, vegane Kapsel (HPMC)<\/p>\n<\/li>\n<\/ul>\n<h5 data-start=\"1324\" data-end=\"1354\"><span style=\"color: #0a3b27;\">Die Kraft von Shilajit<\/span><\/h5>\n<p data-start=\"1355\" data-end=\"1698\"><span style=\"color: #0a3b27;\"><a style=\"color: #0a3b27;\" href=\"https:\/\/phytoiva.eu\/de\/der-ultimative-leitfaden-fur-shilajit-kapseln-fur-mehr-gesundheit-und-wohlbefinden\/\"><u>Shilajit<\/u><\/a> <\/span>ist ein nat\u00fcrliches mineralhaltiges Harz, das in der ayurvedischen Tradition f\u00fcr seine energetisierenden und verj\u00fcngenden Eigenschaften gesch\u00e4tzt wird. Die Kapseln von Phytoiva enthalten 500 mg gereinigten Shilajit-Extrakt pro Portion, der auf Qualit\u00e4t und Authentizit\u00e4t gepr\u00fcft wurde. Dieses uralte Supernahrungsmittel wird sorgf\u00e4ltig in HACCP-zertifizierten Einrichtungen verarbeitet, um Reinheit und Sicherheit zu gew\u00e4hrleisten.<\/p>\n<ul data-start=\"1700\" data-end=\"1979\">\n<li data-start=\"1700\" data-end=\"1748\">\n<p data-start=\"1702\" data-end=\"1748\">500 mg gereinigter Shilajit-Extrakt pro Kapsel<\/p>\n<\/li>\n<li data-start=\"1749\" data-end=\"1805\">\n<p data-start=\"1751\" data-end=\"1805\">Traditionell gesch\u00e4tzt zur Unterst\u00fctzung von Energie und Erholung<\/p>\n<\/li>\n<li data-start=\"1806\" data-end=\"1838\">\n<p data-start=\"1808\" data-end=\"1838\">60 vegane Kapseln pro Flasche<\/p>\n<\/li>\n<li data-start=\"1839\" data-end=\"1872\">\n<p data-start=\"1841\" data-end=\"1872\">Pflanzlich und frei von Zusatzstoffen<\/p>\n<\/li>\n<li data-start=\"1873\" data-end=\"1911\">\n<p data-start=\"1875\" data-end=\"1911\">Hergestellt in HACCP-zertifizierten Einrichtungen<\/p>\n<\/li>\n<li data-start=\"1912\" data-end=\"1979\">\n<p data-start=\"1914\" data-end=\"1979\"><strong data-start=\"1914\" data-end=\"1930\">Zutaten:<\/strong> Shilajit (Mumio) Extrakt, vegane Kapsel (HPMC)<\/p>\n<\/li>\n<\/ul>\n<h5 data-start=\"1981\" data-end=\"2030\"><span style=\"color: #0a3b27;\">Warum sollten Sie sich f\u00fcr das Performance &amp; Recovery Pack entscheiden?<\/span><\/h5>\n<ul data-start=\"2031\" data-end=\"2371\">\n<li data-start=\"2031\" data-end=\"2116\">\n<p data-start=\"2033\" data-end=\"2116\">Kombiniert die nat\u00fcrlichen Vorteile von <strong data-start=\"2066\" data-end=\"2074\">Maca<\/strong> und <strong data-start=\"2079\" data-end=\"2091\">Shilajit<\/strong> in einer praktischen Packung<\/p>\n<\/li>\n<li data-start=\"2117\" data-end=\"2185\">\n<p data-start=\"2119\" data-end=\"2185\">Entwickelt zur Unterst\u00fctzung <strong data-start=\"2139\" data-end=\"2183\">t\u00e4gliche Leistung, Ausdauer und Erholung<\/strong><\/p>\n<\/li>\n<li data-start=\"2186\" data-end=\"2254\">\n<p data-start=\"2188\" data-end=\"2254\">Eine saubere, pflanzliche Wahl zur Erhaltung von Gleichgewicht und Vitalit\u00e4t<\/p>\n<\/li>\n<li data-start=\"2255\" data-end=\"2324\">\n<p data-start=\"2257\" data-end=\"2324\">Frei von k\u00fcnstlichen Zusatzstoffen, Koffein und synthetischen Chemikalien<\/p>\n<\/li>\n<li data-start=\"2325\" data-end=\"2371\">\n<p data-start=\"2327\" data-end=\"2371\">Laborgepr\u00fcft auf Qualit\u00e4t, Reinheit und Sicherheit<\/p>\n<\/li>\n<\/ul>\n<h5 data-start=\"2373\" data-end=\"2389\"><span style=\"color: #0a3b27;\">Wie zu verwenden<\/span><\/h5>\n<ul data-start=\"2390\" data-end=\"2642\">\n<li data-start=\"2390\" data-end=\"2450\">\n<p data-start=\"2392\" data-end=\"2450\">Nehmen Sie <strong data-start=\"2397\" data-end=\"2421\">1 Maca-Kapsel t\u00e4glich<\/strong> mit einem vollen Glas Wasser<\/p>\n<\/li>\n<li data-start=\"2451\" data-end=\"2515\">\n<p data-start=\"2453\" data-end=\"2515\">Nehmen Sie <strong data-start=\"2458\" data-end=\"2486\">1 Shilajit-Kapsel t\u00e4glich<\/strong> mit einem vollen Glas Wasser<\/p>\n<\/li>\n<li data-start=\"2516\" data-end=\"2642\">\n<p data-start=\"2518\" data-end=\"2642\">Kapselh\u00fcllen werden hergestellt aus <strong data-start=\"2547\" data-end=\"2601\">Zellulose auf pflanzlicher Basis aus franz\u00f6sischen Koniferen<\/strong>und sind frei von Carrageen und PEG<\/p>\n<\/li>\n<\/ul>\n\n    <div class=\"xs_social_share_widget xs_share_url after_content \t\tmain_content  wslu-style-1 wslu-share-box-shaped wslu-fill-colored wslu-none wslu-share-horizontal wslu-theme-font-no wslu-main_content\">\n\n\t\t\n        <ul>\n\t\t\t        <\/ul>\n    <\/div>","protected":false},"excerpt":{"rendered":"<p>Entdecken Sie Phytoiva's <strong data-start=\"303\" data-end=\"350\">Maca &amp; Shilajit Leistungs- und Erholungspaket<\/strong> - ein nat\u00fcrliches Duo zur Unterst\u00fctzung von Ausdauer, Energie und t\u00e4glichem Gleichgewicht. Mit der adaptogenen Kraft von <strong data-start=\"453\" data-end=\"466\">Maca-Wurzel<\/strong> und die alte St\u00e4rke der <strong data-start=\"495\" data-end=\"507\">Shilajit<\/strong>ist diese saubere, pflanzliche Packung perfekt f\u00fcr einen aktiven Lebensstil und das t\u00e4gliche Wohlbefinden.<\/p>\n<h5><span style=\"color: #0a3b27;\">Maca-Kapseln<\/span><\/h5>\n<ul>\n<li aria-level=\"1\">30.000mg BIO Maca-Wurzel pro Flasche (500mg pro Kapsel)<\/li>\n<\/ul>\n<ul>\n<li aria-level=\"1\">Unterst\u00fctzt die nat\u00fcrliche Energie und das Gleichgewicht<\/li>\n<\/ul>\n<ul>\n<li aria-level=\"1\">60 vegane Kapseln pro Flasche<\/li>\n<\/ul>\n<ul>\n<li aria-level=\"1\">Nicht gentechnisch ver\u00e4ndert, frei von k\u00fcnstlichen Aromen oder Chemikalien<\/li>\n<\/ul>\n<ul>\n<li aria-level=\"1\">Produziert unter GMP-konformen Bedingungen<\/li>\n<\/ul>\n<h5><span style=\"color: #0a3b27;\">Shilajit-Kapseln<\/span><\/h5>\n<ul>\n<li data-start=\"982\" data-end=\"1029\">\n<p data-start=\"984\" data-end=\"1029\">500mg gereinigter Shilajit-Extrakt pro Kapsel<\/p>\n<\/li>\n<li data-start=\"1030\" data-end=\"1086\">\n<p data-start=\"1032\" data-end=\"1086\">Traditionell gesch\u00e4tzt zur Unterst\u00fctzung von Energie und Erholung<\/p>\n<\/li>\n<li data-start=\"1087\" data-end=\"1119\">\n<p data-start=\"1089\" data-end=\"1119\">60 vegane Kapseln pro Flasche<\/p>\n<\/li>\n<li data-start=\"1120\" data-end=\"1153\">\n<p data-start=\"1122\" data-end=\"1153\">Ohne Zusatzstoffe und auf pflanzlicher Basis<\/p>\n<\/li>\n<li data-start=\"1154\" data-end=\"1192\">\n<p data-start=\"1156\" data-end=\"1192\">Hergestellt in HACCP-zertifizierten Einrichtungen<\/p>\n<\/li>\n<\/ul>","protected":false},"featured_media":3767,"comment_status":"open","ping_status":"closed","template":"","meta":{"_acf_changed":false,"postBodyCss":"","postBodyMargin":[],"postBodyPadding":[],"postBodyBackground":{"backgroundType":"classic","gradient":""}},"product_brand":[29],"product_cat":[24],"product_tag":[30,28,31],"class_list":{"0":"post-3766","1":"product","2":"type-product","3":"status-publish","4":"has-post-thumbnail","6":"product_brand-phytoiva","7":"product_cat-natural-energy","8":"product_tag-bestsellers","9":"product_tag-gummies","10":"product_tag-stress","12":"first","13":"instock","14":"sale","15":"taxable","16":"shipping-taxable","17":"purchasable","18":"product-type-simple"},"acf":[],"yoast_head":"<!-- This site is optimized with the Yoast SEO Premium plugin v25.4 (Yoast SEO v27.3) - https:\/\/yoast.com\/product\/yoast-seo-premium-wordpress\/ -->\n<title>Maca &amp; Shilajit | Performance &amp; Recovery | Phytoiva<\/title>\n<meta name=\"description\" content=\"Support your energy, stamina, and daily recovery with Phytoiva\u2019s Maca &amp; Spirulina Pack \u2013 a natural combination designed to promote vitality\" \/>\n<meta name=\"robots\" content=\"index, follow, max-snippet:-1, max-image-preview:large, max-video-preview:-1\" \/>\n<link rel=\"canonical\" href=\"https:\/\/phytoiva.eu\/de\/produkt\/maca-shilajit-leistungssteigerung\/\" \/>\n<meta property=\"og:locale\" content=\"de_DE\" \/>\n<meta property=\"og:type\" content=\"article\" \/>\n<meta property=\"og:title\" content=\"Maca &amp; Shilajit | Performance &amp; Recovery\" \/>\n<meta property=\"og:description\" content=\"Support your energy, stamina, and daily recovery with Phytoiva\u2019s Maca &amp; Spirulina Pack \u2013 a natural combination designed to promote vitality\" \/>\n<meta property=\"og:url\" content=\"https:\/\/phytoiva.eu\/de\/produkt\/maca-shilajit-leistungssteigerung\/\" \/>\n<meta property=\"og:site_name\" content=\"Phytoiva\" \/>\n<meta property=\"article:modified_time\" content=\"2025-09-26T14:54:08+00:00\" \/>\n<meta property=\"og:image\" content=\"https:\/\/phytoiva.eu\/wp-content\/uploads\/2025\/09\/Maca-and-Shilajit.png\" \/>\n\t<meta property=\"og:image:width\" content=\"1000\" \/>\n\t<meta property=\"og:image:height\" content=\"1000\" \/>\n\t<meta property=\"og:image:type\" content=\"image\/png\" \/>\n<meta name=\"twitter:card\" content=\"summary_large_image\" \/>\n<meta name=\"twitter:label1\" content=\"Est. reading time\" \/>\n\t<meta name=\"twitter:data1\" content=\"2 minutes\" \/>\n<script type=\"application\/ld+json\" class=\"yoast-schema-graph\">{\"@context\":\"https:\\\/\\\/schema.org\",\"@graph\":[{\"@type\":\"WebPage\",\"@id\":\"https:\\\/\\\/phytoiva.eu\\\/product\\\/maca-shilajit-performance-recovery\\\/\",\"url\":\"https:\\\/\\\/phytoiva.eu\\\/product\\\/maca-shilajit-performance-recovery\\\/\",\"name\":\"Maca & Shilajit | Performance & Recovery | Phytoiva\",\"isPartOf\":{\"@id\":\"https:\\\/\\\/phytoiva.eu\\\/#website\"},\"primaryImageOfPage\":{\"@id\":\"https:\\\/\\\/phytoiva.eu\\\/product\\\/maca-shilajit-performance-recovery\\\/#primaryimage\"},\"image\":{\"@id\":\"https:\\\/\\\/phytoiva.eu\\\/product\\\/maca-shilajit-performance-recovery\\\/#primaryimage\"},\"thumbnailUrl\":\"https:\\\/\\\/phytoiva.eu\\\/wp-content\\\/uploads\\\/2025\\\/09\\\/Maca-and-Shilajit.png\",\"datePublished\":\"2025-09-24T05:44:34+00:00\",\"dateModified\":\"2025-09-26T14:54:08+00:00\",\"description\":\"Support your energy, stamina, and daily recovery with Phytoiva\u2019s Maca & Spirulina Pack \u2013 a natural combination designed to promote vitality\",\"breadcrumb\":{\"@id\":\"https:\\\/\\\/phytoiva.eu\\\/product\\\/maca-shilajit-performance-recovery\\\/#breadcrumb\"},\"inLanguage\":\"de-DE\",\"potentialAction\":[{\"@type\":\"ReadAction\",\"target\":[\"https:\\\/\\\/phytoiva.eu\\\/product\\\/maca-shilajit-performance-recovery\\\/\"]}]},{\"@type\":\"ImageObject\",\"inLanguage\":\"de-DE\",\"@id\":\"https:\\\/\\\/phytoiva.eu\\\/product\\\/maca-shilajit-performance-recovery\\\/#primaryimage\",\"url\":\"https:\\\/\\\/phytoiva.eu\\\/wp-content\\\/uploads\\\/2025\\\/09\\\/Maca-and-Shilajit.png\",\"contentUrl\":\"https:\\\/\\\/phytoiva.eu\\\/wp-content\\\/uploads\\\/2025\\\/09\\\/Maca-and-Shilajit.png\",\"width\":1000,\"height\":1000,\"caption\":\"Maca and Shilajit\"},{\"@type\":\"BreadcrumbList\",\"@id\":\"https:\\\/\\\/phytoiva.eu\\\/product\\\/maca-shilajit-performance-recovery\\\/#breadcrumb\",\"itemListElement\":[{\"@type\":\"ListItem\",\"position\":1,\"name\":\"Home\",\"item\":\"https:\\\/\\\/phytoiva.eu\\\/\"},{\"@type\":\"ListItem\",\"position\":2,\"name\":\"Shop\",\"item\":\"https:\\\/\\\/phytoiva.eu\\\/shop\\\/\"},{\"@type\":\"ListItem\",\"position\":3,\"name\":\"Maca &#038; Shilajit | Performance &#038; Recovery\"}]},{\"@type\":\"WebSite\",\"@id\":\"https:\\\/\\\/phytoiva.eu\\\/#website\",\"url\":\"https:\\\/\\\/phytoiva.eu\\\/\",\"name\":\"phytoiva\",\"description\":\"Plant Based | Vegan | Natural\",\"publisher\":{\"@id\":\"https:\\\/\\\/phytoiva.eu\\\/#organization\"},\"potentialAction\":[{\"@type\":\"SearchAction\",\"target\":{\"@type\":\"EntryPoint\",\"urlTemplate\":\"https:\\\/\\\/phytoiva.eu\\\/?s={search_term_string}\"},\"query-input\":{\"@type\":\"PropertyValueSpecification\",\"valueRequired\":true,\"valueName\":\"search_term_string\"}}],\"inLanguage\":\"de-DE\"},{\"@type\":\"Organization\",\"@id\":\"https:\\\/\\\/phytoiva.eu\\\/#organization\",\"name\":\"phytoiva\",\"alternateName\":\"Vegan, Natural Wellness\",\"url\":\"https:\\\/\\\/phytoiva.eu\\\/\",\"logo\":{\"@type\":\"ImageObject\",\"inLanguage\":\"de-DE\",\"@id\":\"https:\\\/\\\/phytoiva.eu\\\/#\\\/schema\\\/logo\\\/image\\\/\",\"url\":\"https:\\\/\\\/phytoiva.eu\\\/wp-content\\\/uploads\\\/2025\\\/06\\\/cropped-Phytoiva-Icon.jpg\",\"contentUrl\":\"https:\\\/\\\/phytoiva.eu\\\/wp-content\\\/uploads\\\/2025\\\/06\\\/cropped-Phytoiva-Icon.jpg\",\"width\":512,\"height\":512,\"caption\":\"phytoiva\"},\"image\":{\"@id\":\"https:\\\/\\\/phytoiva.eu\\\/#\\\/schema\\\/logo\\\/image\\\/\"},\"description\":\"Enjoyable taste, high bioavailablilty, effective, vegan & natural, this is how our supplements help you changing your life.\"}]}<\/script>\n<!-- \/ Yoast SEO Premium plugin. -->","yoast_head_json":{"title":"Maca &amp; Shilajit | Leistung &amp; Erholung | Phytoiva","description":"Unterst\u00fctzen Sie Ihre Energie, Ihre Ausdauer und Ihre t\u00e4gliche Regeneration mit dem Maca &amp; Spirulina Pack von Phytoiva - eine nat\u00fcrliche Kombination, die Ihre Vitalit\u00e4t f\u00f6rdert","robots":{"index":"index","follow":"follow","max-snippet":"max-snippet:-1","max-image-preview":"max-image-preview:large","max-video-preview":"max-video-preview:-1"},"canonical":"https:\/\/phytoiva.eu\/de\/produkt\/maca-shilajit-leistungssteigerung\/","og_locale":"de_DE","og_type":"article","og_title":"Maca & Shilajit | Performance & Recovery","og_description":"Support your energy, stamina, and daily recovery with Phytoiva\u2019s Maca & Spirulina Pack \u2013 a natural combination designed to promote vitality","og_url":"https:\/\/phytoiva.eu\/de\/produkt\/maca-shilajit-leistungssteigerung\/","og_site_name":"Phytoiva","article_modified_time":"2025-09-26T14:54:08+00:00","og_image":[{"width":1000,"height":1000,"url":"https:\/\/phytoiva.eu\/wp-content\/uploads\/2025\/09\/Maca-and-Shilajit.png","type":"image\/png"}],"twitter_card":"summary_large_image","twitter_misc":{"Est. reading time":"2 minutes"},"schema":{"@context":"https:\/\/schema.org","@graph":[{"@type":"WebPage","@id":"https:\/\/phytoiva.eu\/product\/maca-shilajit-performance-recovery\/","url":"https:\/\/phytoiva.eu\/product\/maca-shilajit-performance-recovery\/","name":"Maca &amp; Shilajit | Leistung &amp; Erholung | Phytoiva","isPartOf":{"@id":"https:\/\/phytoiva.eu\/#website"},"primaryImageOfPage":{"@id":"https:\/\/phytoiva.eu\/product\/maca-shilajit-performance-recovery\/#primaryimage"},"image":{"@id":"https:\/\/phytoiva.eu\/product\/maca-shilajit-performance-recovery\/#primaryimage"},"thumbnailUrl":"https:\/\/phytoiva.eu\/wp-content\/uploads\/2025\/09\/Maca-and-Shilajit.png","datePublished":"2025-09-24T05:44:34+00:00","dateModified":"2025-09-26T14:54:08+00:00","description":"Unterst\u00fctzen Sie Ihre Energie, Ihre Ausdauer und Ihre t\u00e4gliche Regeneration mit dem Maca &amp; Spirulina Pack von Phytoiva - eine nat\u00fcrliche Kombination, die Ihre Vitalit\u00e4t f\u00f6rdert","breadcrumb":{"@id":"https:\/\/phytoiva.eu\/product\/maca-shilajit-performance-recovery\/#breadcrumb"},"inLanguage":"de-DE","potentialAction":[{"@type":"ReadAction","target":["https:\/\/phytoiva.eu\/product\/maca-shilajit-performance-recovery\/"]}]},{"@type":"ImageObject","inLanguage":"de-DE","@id":"https:\/\/phytoiva.eu\/product\/maca-shilajit-performance-recovery\/#primaryimage","url":"https:\/\/phytoiva.eu\/wp-content\/uploads\/2025\/09\/Maca-and-Shilajit.png","contentUrl":"https:\/\/phytoiva.eu\/wp-content\/uploads\/2025\/09\/Maca-and-Shilajit.png","width":1000,"height":1000,"caption":"Maca and Shilajit"},{"@type":"BreadcrumbList","@id":"https:\/\/phytoiva.eu\/product\/maca-shilajit-performance-recovery\/#breadcrumb","itemListElement":[{"@type":"ListItem","position":1,"name":"Home","item":"https:\/\/phytoiva.eu\/"},{"@type":"ListItem","position":2,"name":"Shop","item":"https:\/\/phytoiva.eu\/shop\/"},{"@type":"ListItem","position":3,"name":"Maca &#038; Shilajit | Performance &#038; Recovery"}]},{"@type":"WebSite","@id":"https:\/\/phytoiva.eu\/#website","url":"https:\/\/phytoiva.eu\/","name":"phytoiva","description":"Pflanzenbasiert | Vegan | Nat\u00fcrlich","publisher":{"@id":"https:\/\/phytoiva.eu\/#organization"},"potentialAction":[{"@type":"SearchAction","target":{"@type":"EntryPoint","urlTemplate":"https:\/\/phytoiva.eu\/?s={search_term_string}"},"query-input":{"@type":"PropertyValueSpecification","valueRequired":true,"valueName":"search_term_string"}}],"inLanguage":"de-DE"},{"@type":"Organization","@id":"https:\/\/phytoiva.eu\/#organization","name":"phytoiva","alternateName":"Vegan, Natural Wellness","url":"https:\/\/phytoiva.eu\/","logo":{"@type":"ImageObject","inLanguage":"de-DE","@id":"https:\/\/phytoiva.eu\/#\/schema\/logo\/image\/","url":"https:\/\/phytoiva.eu\/wp-content\/uploads\/2025\/06\/cropped-Phytoiva-Icon.jpg","contentUrl":"https:\/\/phytoiva.eu\/wp-content\/uploads\/2025\/06\/cropped-Phytoiva-Icon.jpg","width":512,"height":512,"caption":"phytoiva"},"image":{"@id":"https:\/\/phytoiva.eu\/#\/schema\/logo\/image\/"},"description":"Angenehmer Geschmack, hohe Bioverf\u00fcgbarkeit, effektiv, vegan und nat\u00fcrlich, so helfen unsere Nahrungserg\u00e4nzungsmittel Ihnen, Ihr Leben zu ver\u00e4ndern."}]}},"_links":{"self":[{"href":"https:\/\/phytoiva.eu\/de\/wp-json\/wp\/v2\/product\/3766","targetHints":{"allow":["GET"]}}],"collection":[{"href":"https:\/\/phytoiva.eu\/de\/wp-json\/wp\/v2\/product"}],"about":[{"href":"https:\/\/phytoiva.eu\/de\/wp-json\/wp\/v2\/types\/product"}],"replies":[{"embeddable":true,"href":"https:\/\/phytoiva.eu\/de\/wp-json\/wp\/v2\/comments?post=3766"}],"version-history":[{"count":7,"href":"https:\/\/phytoiva.eu\/de\/wp-json\/wp\/v2\/product\/3766\/revisions"}],"predecessor-version":[{"id":3806,"href":"https:\/\/phytoiva.eu\/de\/wp-json\/wp\/v2\/product\/3766\/revisions\/3806"}],"wp:featuredmedia":[{"embeddable":true,"href":"https:\/\/phytoiva.eu\/de\/wp-json\/wp\/v2\/media\/3767"}],"wp:attachment":[{"href":"https:\/\/phytoiva.eu\/de\/wp-json\/wp\/v2\/media?parent=3766"}],"wp:term":[{"taxonomy":"product_brand","embeddable":true,"href":"https:\/\/phytoiva.eu\/de\/wp-json\/wp\/v2\/product_brand?post=3766"},{"taxonomy":"product_cat","embeddable":true,"href":"https:\/\/phytoiva.eu\/de\/wp-json\/wp\/v2\/product_cat?post=3766"},{"taxonomy":"product_tag","embeddable":true,"href":"https:\/\/phytoiva.eu\/de\/wp-json\/wp\/v2\/product_tag?post=3766"}],"curies":[{"name":"wp","href":"https:\/\/api.w.org\/{rel}","templated":true}]}}