{"id":3745,"date":"2025-09-23T14:37:07","date_gmt":"2025-09-23T12:37:07","guid":{"rendered":"https:\/\/phytoiva.eu\/?post_type=product&#038;p=3745"},"modified":"2025-09-26T16:54:25","modified_gmt":"2025-09-26T14:54:25","slug":"maca-spirulina-erholungspaket","status":"publish","type":"product","link":"https:\/\/phytoiva.eu\/de\/produkt\/maca-spirulina-erholungspaket\/","title":{"rendered":"Maca &amp; Spirulina | Erholungspaket"},"content":{"rendered":"<p>Unterst\u00fctzen Sie Ihre Energie, Ausdauer und t\u00e4gliche Erholung mit Phytoiva's <span style=\"color: #0a3b27;\"><a style=\"color: #0a3b27;\" href=\"https:\/\/phytoiva.eu\/de\/maca-enthullt-das-uralte-geheimnis-der-natur-fur-vitalitat-energie-und-wohlbefinden\/\"><u>Maca<\/u><\/a> <\/span>&amp;<span style=\"color: #0a3b27;\"><a style=\"color: #0a3b27;\" href=\"https:\/\/phytoiva.eu\/de\/was-ist-spirulina-und-warum-sie-es-in-ihrer-ernahrung-brauchen\/\"> <u>Spirulina<\/u><\/a><\/span> Pack - eine nat\u00fcrliche Kombination zur F\u00f6rderung der Vitalit\u00e4t und des allgemeinen Wohlbefindens.<\/p>\n<h5><span style=\"color: #0a3b27;\">Maca-Kapseln<\/span><\/h5>\n<ul>\n<li aria-level=\"1\">30.000mg BIO Maca-Wurzel pro Flasche (500mg pro Kapsel)<\/li>\n<\/ul>\n<ul>\n<li aria-level=\"1\">Unterst\u00fctzt die nat\u00fcrliche Energie und das Gleichgewicht<\/li>\n<\/ul>\n<ul>\n<li aria-level=\"1\">60 vegane Kapseln pro Flasche<\/li>\n<\/ul>\n<ul>\n<li aria-level=\"1\">Nicht gentechnisch ver\u00e4ndert, frei von k\u00fcnstlichen Aromen oder Chemikalien<\/li>\n<\/ul>\n<ul>\n<li aria-level=\"1\">Produziert unter GMP-konformen Bedingungen<\/li>\n<\/ul>\n<h5><span style=\"color: #0a3b27;\">Spirulina-Kapseln<\/span><\/h5>\n<ul>\n<li aria-level=\"1\">500mg Bio-Spirulina pro Kapsel<\/li>\n<\/ul>\n<ul>\n<li aria-level=\"1\">N\u00e4hrstoffreiches Superfood, das das t\u00e4gliche Wohlbefinden f\u00f6rdert<\/li>\n<\/ul>\n<ul>\n<li aria-level=\"1\">60 vegane Kapseln pro Flasche<\/li>\n<\/ul>\n<ul>\n<li aria-level=\"1\">Kein Koffein, keine synthetischen Zusatzstoffe<\/li>\n<\/ul>\n<ul>\n<li aria-level=\"1\">Laborgepr\u00fcft auf Reinheit und 100% organisch<\/li>\n<\/ul>\n\n    <div class=\"xs_social_share_widget xs_share_url after_content \t\tmain_content  wslu-style-1 wslu-share-box-shaped wslu-fill-colored wslu-none wslu-share-horizontal wslu-theme-font-no wslu-main_content\">\n\n\t\t\n        <ul>\n\t\t\t        <\/ul>\n    <\/div>","protected":false},"excerpt":{"rendered":"<p>Unterst\u00fctzen Sie Ihre Energie, Ausdauer und t\u00e4gliche Erholung mit Phytoiva's <span style=\"color: #0a3b27;\"><a style=\"color: #0a3b27;\" href=\"https:\/\/phytoiva.eu\/de\/maca-enthullt-das-uralte-geheimnis-der-natur-fur-vitalitat-energie-und-wohlbefinden\/\"><u>Maca<\/u><\/a><\/span> &amp; <span style=\"color: #0a3b27;\"><a style=\"color: #0a3b27;\" href=\"https:\/\/phytoiva.eu\/de\/was-ist-spirulina-und-warum-sie-es-in-ihrer-ernahrung-brauchen\/\"><u>Spirulina<\/u><\/a><\/span> Pack - eine nat\u00fcrliche Kombination zur F\u00f6rderung der Vitalit\u00e4t und des allgemeinen Wohlbefindens.<\/p>\n<h5><span style=\"color: #0a3b27;\">Maca-Kapseln<\/span><\/h5>\n<ul>\n<li aria-level=\"1\">30.000mg BIO Maca-Wurzel pro Flasche (500mg pro Kapsel)<\/li>\n<\/ul>\n<ul>\n<li aria-level=\"1\">Unterst\u00fctzt die nat\u00fcrliche Energie und das Gleichgewicht<\/li>\n<\/ul>\n<ul>\n<li aria-level=\"1\">60 vegane Kapseln pro Flasche<\/li>\n<\/ul>\n<ul>\n<li aria-level=\"1\">Nicht gentechnisch ver\u00e4ndert, frei von k\u00fcnstlichen Aromen oder Chemikalien<\/li>\n<\/ul>\n<ul>\n<li aria-level=\"1\">Produziert unter GMP-konformen Bedingungen<\/li>\n<\/ul>\n<h5><span style=\"color: #0a3b27;\">Spirulina-Kapseln<\/span><\/h5>\n<ul>\n<li aria-level=\"1\">500mg Bio-Spirulina pro Kapsel<\/li>\n<\/ul>\n<ul>\n<li aria-level=\"1\">N\u00e4hrstoffreiches Superfood, das das t\u00e4gliche Wohlbefinden f\u00f6rdert<\/li>\n<\/ul>\n<ul>\n<li aria-level=\"1\">60 vegane Kapseln pro Flasche<\/li>\n<\/ul>\n<ul>\n<li aria-level=\"1\">Kein Koffein, keine synthetischen Zusatzstoffe<\/li>\n<\/ul>\n<ul>\n<li aria-level=\"1\">Laborgepr\u00fcft auf Reinheit und 100% organisch<\/li>\n<\/ul>","protected":false},"featured_media":3746,"comment_status":"open","ping_status":"closed","template":"","meta":{"_acf_changed":false,"postBodyCss":"","postBodyMargin":[],"postBodyPadding":[],"postBodyBackground":{"backgroundType":"classic","gradient":""}},"product_brand":[29],"product_cat":[24],"product_tag":[30,28,31],"class_list":{"0":"post-3745","1":"product","2":"type-product","3":"status-publish","4":"has-post-thumbnail","6":"product_brand-phytoiva","7":"product_cat-natural-energy","8":"product_tag-bestsellers","9":"product_tag-gummies","10":"product_tag-stress","12":"first","13":"instock","14":"sale","15":"taxable","16":"shipping-taxable","17":"purchasable","18":"product-type-simple"},"acf":[],"yoast_head":"<!-- This site is optimized with the Yoast SEO Premium plugin v25.4 (Yoast SEO v27.3) - https:\/\/yoast.com\/product\/yoast-seo-premium-wordpress\/ -->\n<title>Maca &amp; Spirulina | Recovery Pack | Phytoiva<\/title>\n<meta name=\"description\" content=\"Support your energy, stamina, and daily recovery with Phytoiva\u2019s Maca &amp; Spirulina Pack \u2013 a natural combination designed to promote vitality\" \/>\n<meta name=\"robots\" content=\"index, follow, max-snippet:-1, max-image-preview:large, max-video-preview:-1\" \/>\n<link rel=\"canonical\" href=\"https:\/\/phytoiva.eu\/de\/produkt\/maca-spirulina-erholungspaket\/\" \/>\n<meta property=\"og:locale\" content=\"de_DE\" \/>\n<meta property=\"og:type\" content=\"article\" \/>\n<meta property=\"og:title\" content=\"Maca &amp; Spirulina | Recovery Pack\" \/>\n<meta property=\"og:description\" content=\"Support your energy, stamina, and daily recovery with Phytoiva\u2019s Maca &amp; Spirulina Pack \u2013 a natural combination designed to promote vitality\" \/>\n<meta property=\"og:url\" content=\"https:\/\/phytoiva.eu\/de\/produkt\/maca-spirulina-erholungspaket\/\" \/>\n<meta property=\"og:site_name\" content=\"Phytoiva\" \/>\n<meta property=\"article:modified_time\" content=\"2025-09-26T14:54:25+00:00\" \/>\n<meta property=\"og:image\" content=\"https:\/\/phytoiva.eu\/wp-content\/uploads\/2025\/09\/Maca-And-Spirulina.png\" \/>\n\t<meta property=\"og:image:width\" content=\"1000\" \/>\n\t<meta property=\"og:image:height\" content=\"1000\" \/>\n\t<meta property=\"og:image:type\" content=\"image\/png\" \/>\n<meta name=\"twitter:card\" content=\"summary_large_image\" \/>\n<meta name=\"twitter:label1\" content=\"Est. reading time\" \/>\n\t<meta name=\"twitter:data1\" content=\"1 minute\" \/>\n<script type=\"application\/ld+json\" class=\"yoast-schema-graph\">{\"@context\":\"https:\\\/\\\/schema.org\",\"@graph\":[{\"@type\":\"WebPage\",\"@id\":\"https:\\\/\\\/phytoiva.eu\\\/product\\\/maca-spirulina-recovery-pack\\\/\",\"url\":\"https:\\\/\\\/phytoiva.eu\\\/product\\\/maca-spirulina-recovery-pack\\\/\",\"name\":\"Maca & Spirulina | Recovery Pack | Phytoiva\",\"isPartOf\":{\"@id\":\"https:\\\/\\\/phytoiva.eu\\\/#website\"},\"primaryImageOfPage\":{\"@id\":\"https:\\\/\\\/phytoiva.eu\\\/product\\\/maca-spirulina-recovery-pack\\\/#primaryimage\"},\"image\":{\"@id\":\"https:\\\/\\\/phytoiva.eu\\\/product\\\/maca-spirulina-recovery-pack\\\/#primaryimage\"},\"thumbnailUrl\":\"https:\\\/\\\/phytoiva.eu\\\/wp-content\\\/uploads\\\/2025\\\/09\\\/Maca-And-Spirulina.png\",\"datePublished\":\"2025-09-23T12:37:07+00:00\",\"dateModified\":\"2025-09-26T14:54:25+00:00\",\"description\":\"Support your energy, stamina, and daily recovery with Phytoiva\u2019s Maca & Spirulina Pack \u2013 a natural combination designed to promote vitality\",\"breadcrumb\":{\"@id\":\"https:\\\/\\\/phytoiva.eu\\\/product\\\/maca-spirulina-recovery-pack\\\/#breadcrumb\"},\"inLanguage\":\"de-DE\",\"potentialAction\":[{\"@type\":\"ReadAction\",\"target\":[\"https:\\\/\\\/phytoiva.eu\\\/product\\\/maca-spirulina-recovery-pack\\\/\"]}]},{\"@type\":\"ImageObject\",\"inLanguage\":\"de-DE\",\"@id\":\"https:\\\/\\\/phytoiva.eu\\\/product\\\/maca-spirulina-recovery-pack\\\/#primaryimage\",\"url\":\"https:\\\/\\\/phytoiva.eu\\\/wp-content\\\/uploads\\\/2025\\\/09\\\/Maca-And-Spirulina.png\",\"contentUrl\":\"https:\\\/\\\/phytoiva.eu\\\/wp-content\\\/uploads\\\/2025\\\/09\\\/Maca-And-Spirulina.png\",\"width\":1000,\"height\":1000,\"caption\":\"Maca & Spirulina (Recovery Pack)\"},{\"@type\":\"BreadcrumbList\",\"@id\":\"https:\\\/\\\/phytoiva.eu\\\/product\\\/maca-spirulina-recovery-pack\\\/#breadcrumb\",\"itemListElement\":[{\"@type\":\"ListItem\",\"position\":1,\"name\":\"Home\",\"item\":\"https:\\\/\\\/phytoiva.eu\\\/\"},{\"@type\":\"ListItem\",\"position\":2,\"name\":\"Shop\",\"item\":\"https:\\\/\\\/phytoiva.eu\\\/shop\\\/\"},{\"@type\":\"ListItem\",\"position\":3,\"name\":\"Maca &#038; Spirulina | Recovery Pack\"}]},{\"@type\":\"WebSite\",\"@id\":\"https:\\\/\\\/phytoiva.eu\\\/#website\",\"url\":\"https:\\\/\\\/phytoiva.eu\\\/\",\"name\":\"phytoiva\",\"description\":\"Plant Based | Vegan | Natural\",\"publisher\":{\"@id\":\"https:\\\/\\\/phytoiva.eu\\\/#organization\"},\"potentialAction\":[{\"@type\":\"SearchAction\",\"target\":{\"@type\":\"EntryPoint\",\"urlTemplate\":\"https:\\\/\\\/phytoiva.eu\\\/?s={search_term_string}\"},\"query-input\":{\"@type\":\"PropertyValueSpecification\",\"valueRequired\":true,\"valueName\":\"search_term_string\"}}],\"inLanguage\":\"de-DE\"},{\"@type\":\"Organization\",\"@id\":\"https:\\\/\\\/phytoiva.eu\\\/#organization\",\"name\":\"phytoiva\",\"alternateName\":\"Vegan, Natural Wellness\",\"url\":\"https:\\\/\\\/phytoiva.eu\\\/\",\"logo\":{\"@type\":\"ImageObject\",\"inLanguage\":\"de-DE\",\"@id\":\"https:\\\/\\\/phytoiva.eu\\\/#\\\/schema\\\/logo\\\/image\\\/\",\"url\":\"https:\\\/\\\/phytoiva.eu\\\/wp-content\\\/uploads\\\/2025\\\/06\\\/cropped-Phytoiva-Icon.jpg\",\"contentUrl\":\"https:\\\/\\\/phytoiva.eu\\\/wp-content\\\/uploads\\\/2025\\\/06\\\/cropped-Phytoiva-Icon.jpg\",\"width\":512,\"height\":512,\"caption\":\"phytoiva\"},\"image\":{\"@id\":\"https:\\\/\\\/phytoiva.eu\\\/#\\\/schema\\\/logo\\\/image\\\/\"},\"description\":\"Enjoyable taste, high bioavailablilty, effective, vegan & natural, this is how our supplements help you changing your life.\"}]}<\/script>\n<!-- \/ Yoast SEO Premium plugin. -->","yoast_head_json":{"title":"Maca &amp; Spirulina | Erholungspaket | Phytoiva","description":"Unterst\u00fctzen Sie Ihre Energie, Ihre Ausdauer und Ihre t\u00e4gliche Regeneration mit dem Maca &amp; Spirulina Pack von Phytoiva - eine nat\u00fcrliche Kombination, die Ihre Vitalit\u00e4t f\u00f6rdert","robots":{"index":"index","follow":"follow","max-snippet":"max-snippet:-1","max-image-preview":"max-image-preview:large","max-video-preview":"max-video-preview:-1"},"canonical":"https:\/\/phytoiva.eu\/de\/produkt\/maca-spirulina-erholungspaket\/","og_locale":"de_DE","og_type":"article","og_title":"Maca & Spirulina | Recovery Pack","og_description":"Support your energy, stamina, and daily recovery with Phytoiva\u2019s Maca & Spirulina Pack \u2013 a natural combination designed to promote vitality","og_url":"https:\/\/phytoiva.eu\/de\/produkt\/maca-spirulina-erholungspaket\/","og_site_name":"Phytoiva","article_modified_time":"2025-09-26T14:54:25+00:00","og_image":[{"width":1000,"height":1000,"url":"https:\/\/phytoiva.eu\/wp-content\/uploads\/2025\/09\/Maca-And-Spirulina.png","type":"image\/png"}],"twitter_card":"summary_large_image","twitter_misc":{"Est. reading time":"1 minute"},"schema":{"@context":"https:\/\/schema.org","@graph":[{"@type":"WebPage","@id":"https:\/\/phytoiva.eu\/product\/maca-spirulina-recovery-pack\/","url":"https:\/\/phytoiva.eu\/product\/maca-spirulina-recovery-pack\/","name":"Maca &amp; Spirulina | Erholungspaket | Phytoiva","isPartOf":{"@id":"https:\/\/phytoiva.eu\/#website"},"primaryImageOfPage":{"@id":"https:\/\/phytoiva.eu\/product\/maca-spirulina-recovery-pack\/#primaryimage"},"image":{"@id":"https:\/\/phytoiva.eu\/product\/maca-spirulina-recovery-pack\/#primaryimage"},"thumbnailUrl":"https:\/\/phytoiva.eu\/wp-content\/uploads\/2025\/09\/Maca-And-Spirulina.png","datePublished":"2025-09-23T12:37:07+00:00","dateModified":"2025-09-26T14:54:25+00:00","description":"Unterst\u00fctzen Sie Ihre Energie, Ihre Ausdauer und Ihre t\u00e4gliche Regeneration mit dem Maca &amp; Spirulina Pack von Phytoiva - eine nat\u00fcrliche Kombination, die Ihre Vitalit\u00e4t f\u00f6rdert","breadcrumb":{"@id":"https:\/\/phytoiva.eu\/product\/maca-spirulina-recovery-pack\/#breadcrumb"},"inLanguage":"de-DE","potentialAction":[{"@type":"ReadAction","target":["https:\/\/phytoiva.eu\/product\/maca-spirulina-recovery-pack\/"]}]},{"@type":"ImageObject","inLanguage":"de-DE","@id":"https:\/\/phytoiva.eu\/product\/maca-spirulina-recovery-pack\/#primaryimage","url":"https:\/\/phytoiva.eu\/wp-content\/uploads\/2025\/09\/Maca-And-Spirulina.png","contentUrl":"https:\/\/phytoiva.eu\/wp-content\/uploads\/2025\/09\/Maca-And-Spirulina.png","width":1000,"height":1000,"caption":"Maca & Spirulina (Recovery Pack)"},{"@type":"BreadcrumbList","@id":"https:\/\/phytoiva.eu\/product\/maca-spirulina-recovery-pack\/#breadcrumb","itemListElement":[{"@type":"ListItem","position":1,"name":"Home","item":"https:\/\/phytoiva.eu\/"},{"@type":"ListItem","position":2,"name":"Shop","item":"https:\/\/phytoiva.eu\/shop\/"},{"@type":"ListItem","position":3,"name":"Maca &#038; Spirulina | Recovery Pack"}]},{"@type":"WebSite","@id":"https:\/\/phytoiva.eu\/#website","url":"https:\/\/phytoiva.eu\/","name":"phytoiva","description":"Pflanzenbasiert | Vegan | Nat\u00fcrlich","publisher":{"@id":"https:\/\/phytoiva.eu\/#organization"},"potentialAction":[{"@type":"SearchAction","target":{"@type":"EntryPoint","urlTemplate":"https:\/\/phytoiva.eu\/?s={search_term_string}"},"query-input":{"@type":"PropertyValueSpecification","valueRequired":true,"valueName":"search_term_string"}}],"inLanguage":"de-DE"},{"@type":"Organization","@id":"https:\/\/phytoiva.eu\/#organization","name":"phytoiva","alternateName":"Vegan, Natural Wellness","url":"https:\/\/phytoiva.eu\/","logo":{"@type":"ImageObject","inLanguage":"de-DE","@id":"https:\/\/phytoiva.eu\/#\/schema\/logo\/image\/","url":"https:\/\/phytoiva.eu\/wp-content\/uploads\/2025\/06\/cropped-Phytoiva-Icon.jpg","contentUrl":"https:\/\/phytoiva.eu\/wp-content\/uploads\/2025\/06\/cropped-Phytoiva-Icon.jpg","width":512,"height":512,"caption":"phytoiva"},"image":{"@id":"https:\/\/phytoiva.eu\/#\/schema\/logo\/image\/"},"description":"Angenehmer Geschmack, hohe Bioverf\u00fcgbarkeit, effektiv, vegan und nat\u00fcrlich, so helfen unsere Nahrungserg\u00e4nzungsmittel Ihnen, Ihr Leben zu ver\u00e4ndern."}]}},"_links":{"self":[{"href":"https:\/\/phytoiva.eu\/de\/wp-json\/wp\/v2\/product\/3745","targetHints":{"allow":["GET"]}}],"collection":[{"href":"https:\/\/phytoiva.eu\/de\/wp-json\/wp\/v2\/product"}],"about":[{"href":"https:\/\/phytoiva.eu\/de\/wp-json\/wp\/v2\/types\/product"}],"replies":[{"embeddable":true,"href":"https:\/\/phytoiva.eu\/de\/wp-json\/wp\/v2\/comments?post=3745"}],"version-history":[{"count":9,"href":"https:\/\/phytoiva.eu\/de\/wp-json\/wp\/v2\/product\/3745\/revisions"}],"predecessor-version":[{"id":3803,"href":"https:\/\/phytoiva.eu\/de\/wp-json\/wp\/v2\/product\/3745\/revisions\/3803"}],"wp:featuredmedia":[{"embeddable":true,"href":"https:\/\/phytoiva.eu\/de\/wp-json\/wp\/v2\/media\/3746"}],"wp:attachment":[{"href":"https:\/\/phytoiva.eu\/de\/wp-json\/wp\/v2\/media?parent=3745"}],"wp:term":[{"taxonomy":"product_brand","embeddable":true,"href":"https:\/\/phytoiva.eu\/de\/wp-json\/wp\/v2\/product_brand?post=3745"},{"taxonomy":"product_cat","embeddable":true,"href":"https:\/\/phytoiva.eu\/de\/wp-json\/wp\/v2\/product_cat?post=3745"},{"taxonomy":"product_tag","embeddable":true,"href":"https:\/\/phytoiva.eu\/de\/wp-json\/wp\/v2\/product_tag?post=3745"}],"curies":[{"name":"wp","href":"https:\/\/api.w.org\/{rel}","templated":true}]}}