{"id":1325,"date":"2025-06-20T12:14:32","date_gmt":"2025-06-20T12:14:32","guid":{"rendered":"https:\/\/phytoiva.eu\/?page_id=1325"},"modified":"2025-08-13T10:11:31","modified_gmt":"2025-08-13T10:11:31","slug":"bedingungen-und-konditionen","status":"publish","type":"page","link":"https:\/\/phytoiva.eu\/de\/bedingungen-und-konditionen\/","title":{"rendered":"Bedingungen und Konditionen"},"content":{"rendered":"<div data-elementor-type=\"wp-page\" data-elementor-id=\"1325\" class=\"elementor elementor-1325\" data-elementor-post-type=\"page\">\n\t\t\t\t<div class=\"elementor-element elementor-element-ccfffa3 e-flex e-con-boxed e-con e-parent\" data-id=\"ccfffa3\" data-element_type=\"container\" data-e-type=\"container\">\n\t\t\t\t\t<div class=\"e-con-inner\">\n\t\t\t\t<div class=\"elementor-element elementor-element-190735f elementor-widget elementor-widget-heading\" data-id=\"190735f\" data-element_type=\"widget\" data-e-type=\"widget\" data-widget_type=\"heading.default\">\n\t\t\t\t\t<h1 class=\"elementor-heading-title elementor-size-default\">Bedingungen und Konditionen <\/h1>\t\t\t\t<\/div>\n\t\t\t\t<div class=\"elementor-element elementor-element-0c99c67 elementor-widget elementor-widget-text-editor\" data-id=\"0c99c67\" data-element_type=\"widget\" data-e-type=\"widget\" data-widget_type=\"text-editor.default\">\n\t\t\t\t\t\t\t\t\t<p data-start=\"2295\" data-end=\"2326\"><strong data-start=\"2295\" data-end=\"2326\">Zuletzt aktualisiert: 10. Juni 2025<\/strong><\/p><p data-start=\"2328\" data-end=\"2413\">Durch die Nutzung dieser Website (phytoiva.eu) erkl\u00e4ren Sie sich mit den folgenden Bedingungen einverstanden.<\/p><h3 data-start=\"2415\" data-end=\"2440\">1. Nutzung der Website<\/h3><p data-start=\"2441\" data-end=\"2526\">Sie verpflichten sich, unsere Website nicht in einer Weise zu missbrauchen, die der Website, dem Unternehmen oder anderen schadet.<\/p><h3 data-start=\"2528\" data-end=\"2553\">2. Bestellung und Bezahlung<\/h3><ul data-start=\"2554\" data-end=\"2731\"><li data-start=\"2554\" data-end=\"2616\"><p data-start=\"2556\" data-end=\"2616\">Die Preise sind in Euro (\u20ac) angegeben, einschlie\u00dflich Mehrwertsteuer, falls zutreffend.<\/p><\/li><li data-start=\"2617\" data-end=\"2675\"><p data-start=\"2619\" data-end=\"2675\">Bestellungen werden nach erfolgreicher Zahlung per E-Mail best\u00e4tigt.<\/p><\/li><li data-start=\"2676\" data-end=\"2731\"><p data-start=\"2678\" data-end=\"2731\">Wir behalten uns das Recht vor, jede verd\u00e4chtige Bestellung zu stornieren.<\/p><\/li><\/ul><h3 data-start=\"2733\" data-end=\"2748\">3. Versand<\/h3><ul data-start=\"2749\" data-end=\"2889\"><li data-start=\"2749\" data-end=\"2819\"><p data-start=\"2751\" data-end=\"2819\">Wir liefern in die meisten EU-L\u00e4nder, darunter auch in die Niederlande und nach Belgien.<\/p><\/li><li data-start=\"2820\" data-end=\"2889\"><p data-start=\"2822\" data-end=\"2889\">Die Versandzeiten k\u00f6nnen je nach Standort und Verf\u00fcgbarkeit des Kurierdienstes variieren.<\/p><\/li><\/ul><h3 data-start=\"2891\" data-end=\"2920\">4. R\u00fcckgabe- und Erstattungsrichtlinie<\/h3><ul data-start=\"2921\" data-end=\"3188\"><li data-start=\"2921\" data-end=\"2987\"><p data-start=\"2923\" data-end=\"2987\">Sie k\u00f6nnen zur\u00fcckkehren <strong data-start=\"2938\" data-end=\"2974\">unge\u00f6ffnete Produkte innerhalb von 14 Tagen<\/strong> der Lieferung.<\/p><\/li><li data-start=\"2988\" data-end=\"3061\"><p data-start=\"2990\" data-end=\"3061\">Wenn Sie nicht zufrieden sind, <strong data-start=\"3008\" data-end=\"3037\">Kontaktieren Sie uns innerhalb von 30 Tagen<\/strong> f\u00fcr Aufl\u00f6sungsoptionen.<\/p><\/li><li data-start=\"3062\" data-end=\"3113\"><p data-start=\"3064\" data-end=\"3113\">R\u00fccksendungen m\u00fcssen unbenutzt und in der Originalverpackung sein.<\/p><\/li><li data-start=\"3114\" data-end=\"3188\"><p data-start=\"3116\" data-end=\"3188\">Die Kosten f\u00fcr die R\u00fccksendung tr\u00e4gt der Kunde, es sei denn, das Produkt ist defekt.<\/p><\/li><\/ul><h3 data-start=\"3190\" data-end=\"3215\">5. Produkt-Haftungsausschluss<\/h3><ul data-start=\"3216\" data-end=\"3465\"><li data-start=\"3216\" data-end=\"3293\"><p data-start=\"3218\" data-end=\"3293\">Die Produkte sind <strong data-start=\"3231\" data-end=\"3292\">nicht dazu bestimmt sind, Krankheiten zu diagnostizieren, zu behandeln, zu heilen oder zu verhindern<\/strong>.<\/p><\/li><li data-start=\"3294\" data-end=\"3402\"><p data-start=\"3296\" data-end=\"3402\">Nicht geeignet f\u00fcr schwangere oder stillende Personen, es sei denn, ein Arzt r\u00e4t dazu.<\/p><\/li><li data-start=\"3403\" data-end=\"3465\"><p data-start=\"3405\" data-end=\"3465\">Konsultieren Sie Ihren Arzt, bevor Sie es mit anderen Medikamenten kombinieren.<\/p><\/li><\/ul><h3 data-start=\"3467\" data-end=\"3495\">6. Geistiges Eigentum<\/h3><p data-start=\"3496\" data-end=\"3625\">Alle Inhalte, Logos, Bilder und Texte der Website sind geistiges Eigentum von Phytoiva und d\u00fcrfen ohne Genehmigung nicht vervielf\u00e4ltigt werden.<\/p><h3 data-start=\"3627\" data-end=\"3657\">7. Begrenzung der Haftung<\/h3><p data-start=\"3658\" data-end=\"3739\">Wir haften nicht f\u00fcr indirekte Sch\u00e4den, einschlie\u00dflich des Verlusts von Daten, Gewinn oder Nutzung.<\/p><h3 data-start=\"3741\" data-end=\"3761\">8. Geltendes Recht<\/h3><p data-start=\"3762\" data-end=\"3837\">Diese Bedingungen unterliegen dem niederl\u00e4ndischen Recht und den EU-Verordnungen.<\/p><h3 data-start=\"3839\" data-end=\"3856\">9. Kontakt<\/h3><p data-start=\"3857\" data-end=\"4004\">Wenn Sie Fragen oder Bedenken haben, wenden Sie sich bitte an uns:<br data-start=\"3914\" data-end=\"3917\" \/>\ud83d\udce7 <strong data-start=\"3920\" data-end=\"3943\"><a class=\"cursor-pointer\" rel=\"noopener\" data-start=\"3922\" data-end=\"3941\">contact@phytoiva.eu<\/a><\/strong><br data-start=\"3943\" data-end=\"3946\" \/>\ud83d\udccd Phytoiva, Overvliet 57, 3545 NG Utrecht, Die Niederlande.<\/p>\t\t\t\t\t\t\t\t<\/div>\n\t\t\t\t\t<\/div>\n\t\t\t\t<\/div>\n\t\t\t\t<\/div>\n\t\t\n    <div class=\"xs_social_share_widget xs_share_url after_content \t\tmain_content  wslu-style-1 wslu-share-box-shaped wslu-fill-colored wslu-none wslu-share-horizontal wslu-theme-font-no wslu-main_content\">\n\n\t\t\n        <ul>\n\t\t\t        <\/ul>\n    <\/div>","protected":false},"excerpt":{"rendered":"<p>Terms &amp; Conditions Last updated: 10 June 2025 By using this website (phytoiva.eu), you agree to the following terms and conditions. 1. Use of the Website You agree not to misuse our website in a way that harms the site, company, or others. 2. Orders and Payment Prices are listed in Euros (\u20ac), including VAT [&hellip;]<\/p>\n","protected":false},"author":1,"featured_media":0,"parent":0,"menu_order":0,"comment_status":"closed","ping_status":"closed","template":"elementor_header_footer","meta":{"_acf_changed":false,"postBodyCss":"","postBodyMargin":[],"postBodyPadding":[],"postBodyBackground":{"backgroundType":"classic","gradient":""},"footnotes":""},"class_list":["post-1325","page","type-page","status-publish","hentry"],"acf":[],"yoast_head":"<!-- This site is optimized with the Yoast SEO Premium plugin v25.4 (Yoast SEO v27.3) - https:\/\/yoast.com\/product\/yoast-seo-premium-wordpress\/ -->\n<title>Terms and Conditions | Phytoiva<\/title>\n<meta name=\"description\" content=\"Explore Phytoiva\u2019s Terms and Conditions\u2014covering orders, payments, shipping, returns, privacy, and liability. Transparent policies for your protection and peace of mind.\" \/>\n<meta name=\"robots\" content=\"index, follow, max-snippet:-1, max-image-preview:large, max-video-preview:-1\" \/>\n<link rel=\"canonical\" href=\"https:\/\/phytoiva.eu\/de\/bedingungen-und-konditionen\/\" \/>\n<meta property=\"og:locale\" content=\"de_DE\" \/>\n<meta property=\"og:type\" content=\"article\" \/>\n<meta property=\"og:title\" content=\"Terms and Conditions\" \/>\n<meta property=\"og:description\" content=\"Explore Phytoiva\u2019s Terms and Conditions\u2014covering orders, payments, shipping, returns, privacy, and liability. Transparent policies for your protection and peace of mind.\" \/>\n<meta property=\"og:url\" content=\"https:\/\/phytoiva.eu\/de\/bedingungen-und-konditionen\/\" \/>\n<meta property=\"og:site_name\" content=\"Phytoiva\" \/>\n<meta property=\"article:modified_time\" content=\"2025-08-13T10:11:31+00:00\" \/>\n<meta name=\"twitter:card\" content=\"summary_large_image\" \/>\n<meta name=\"twitter:label1\" content=\"Est. reading time\" \/>\n\t<meta name=\"twitter:data1\" content=\"2 minutes\" \/>\n<script type=\"application\/ld+json\" class=\"yoast-schema-graph\">{\"@context\":\"https:\\\/\\\/schema.org\",\"@graph\":[{\"@type\":\"WebPage\",\"@id\":\"https:\\\/\\\/phytoiva.eu\\\/en\\\/terms-and-conditions\\\/\",\"url\":\"https:\\\/\\\/phytoiva.eu\\\/en\\\/terms-and-conditions\\\/\",\"name\":\"Terms and Conditions | Phytoiva\",\"isPartOf\":{\"@id\":\"https:\\\/\\\/phytoiva.eu\\\/#website\"},\"datePublished\":\"2025-06-20T12:14:32+00:00\",\"dateModified\":\"2025-08-13T10:11:31+00:00\",\"description\":\"Explore Phytoiva\u2019s Terms and Conditions\u2014covering orders, payments, shipping, returns, privacy, and liability. Transparent policies for your protection and peace of mind.\",\"breadcrumb\":{\"@id\":\"https:\\\/\\\/phytoiva.eu\\\/en\\\/terms-and-conditions\\\/#breadcrumb\"},\"inLanguage\":\"de-DE\",\"potentialAction\":[{\"@type\":\"ReadAction\",\"target\":[\"https:\\\/\\\/phytoiva.eu\\\/en\\\/terms-and-conditions\\\/\"]}]},{\"@type\":\"BreadcrumbList\",\"@id\":\"https:\\\/\\\/phytoiva.eu\\\/en\\\/terms-and-conditions\\\/#breadcrumb\",\"itemListElement\":[{\"@type\":\"ListItem\",\"position\":1,\"name\":\"Home\",\"item\":\"https:\\\/\\\/phytoiva.eu\\\/\"},{\"@type\":\"ListItem\",\"position\":2,\"name\":\"Terms and Conditions\"}]},{\"@type\":\"WebSite\",\"@id\":\"https:\\\/\\\/phytoiva.eu\\\/#website\",\"url\":\"https:\\\/\\\/phytoiva.eu\\\/\",\"name\":\"phytoiva\",\"description\":\"Plant Based | Vegan | Natural\",\"publisher\":{\"@id\":\"https:\\\/\\\/phytoiva.eu\\\/#organization\"},\"potentialAction\":[{\"@type\":\"SearchAction\",\"target\":{\"@type\":\"EntryPoint\",\"urlTemplate\":\"https:\\\/\\\/phytoiva.eu\\\/?s={search_term_string}\"},\"query-input\":{\"@type\":\"PropertyValueSpecification\",\"valueRequired\":true,\"valueName\":\"search_term_string\"}}],\"inLanguage\":\"de-DE\"},{\"@type\":\"Organization\",\"@id\":\"https:\\\/\\\/phytoiva.eu\\\/#organization\",\"name\":\"phytoiva\",\"alternateName\":\"Vegan, Natural Wellness\",\"url\":\"https:\\\/\\\/phytoiva.eu\\\/\",\"logo\":{\"@type\":\"ImageObject\",\"inLanguage\":\"de-DE\",\"@id\":\"https:\\\/\\\/phytoiva.eu\\\/#\\\/schema\\\/logo\\\/image\\\/\",\"url\":\"https:\\\/\\\/phytoiva.eu\\\/wp-content\\\/uploads\\\/2025\\\/06\\\/cropped-Phytoiva-Icon.jpg\",\"contentUrl\":\"https:\\\/\\\/phytoiva.eu\\\/wp-content\\\/uploads\\\/2025\\\/06\\\/cropped-Phytoiva-Icon.jpg\",\"width\":512,\"height\":512,\"caption\":\"phytoiva\"},\"image\":{\"@id\":\"https:\\\/\\\/phytoiva.eu\\\/#\\\/schema\\\/logo\\\/image\\\/\"},\"description\":\"Enjoyable taste, high bioavailablilty, effective, vegan & natural, this is how our supplements help you changing your life.\"}]}<\/script>\n<!-- \/ Yoast SEO Premium plugin. -->","yoast_head_json":{"title":"Bedingungen und Konditionen | Phytoiva","description":"Informieren Sie sich \u00fcber die Allgemeinen Gesch\u00e4ftsbedingungen von Phytoiva, die Bestellungen, Zahlungen, Versand, R\u00fccksendungen, Datenschutz und Haftung abdecken. Transparente Richtlinien f\u00fcr Ihren Schutz und Ihren Seelenfrieden.","robots":{"index":"index","follow":"follow","max-snippet":"max-snippet:-1","max-image-preview":"max-image-preview:large","max-video-preview":"max-video-preview:-1"},"canonical":"https:\/\/phytoiva.eu\/de\/bedingungen-und-konditionen\/","og_locale":"de_DE","og_type":"article","og_title":"Terms and Conditions","og_description":"Explore Phytoiva\u2019s Terms and Conditions\u2014covering orders, payments, shipping, returns, privacy, and liability. Transparent policies for your protection and peace of mind.","og_url":"https:\/\/phytoiva.eu\/de\/bedingungen-und-konditionen\/","og_site_name":"Phytoiva","article_modified_time":"2025-08-13T10:11:31+00:00","twitter_card":"summary_large_image","twitter_misc":{"Est. reading time":"2 minutes"},"schema":{"@context":"https:\/\/schema.org","@graph":[{"@type":"WebPage","@id":"https:\/\/phytoiva.eu\/en\/terms-and-conditions\/","url":"https:\/\/phytoiva.eu\/en\/terms-and-conditions\/","name":"Bedingungen und Konditionen | Phytoiva","isPartOf":{"@id":"https:\/\/phytoiva.eu\/#website"},"datePublished":"2025-06-20T12:14:32+00:00","dateModified":"2025-08-13T10:11:31+00:00","description":"Informieren Sie sich \u00fcber die Allgemeinen Gesch\u00e4ftsbedingungen von Phytoiva, die Bestellungen, Zahlungen, Versand, R\u00fccksendungen, Datenschutz und Haftung abdecken. Transparente Richtlinien f\u00fcr Ihren Schutz und Ihren Seelenfrieden.","breadcrumb":{"@id":"https:\/\/phytoiva.eu\/en\/terms-and-conditions\/#breadcrumb"},"inLanguage":"de-DE","potentialAction":[{"@type":"ReadAction","target":["https:\/\/phytoiva.eu\/en\/terms-and-conditions\/"]}]},{"@type":"BreadcrumbList","@id":"https:\/\/phytoiva.eu\/en\/terms-and-conditions\/#breadcrumb","itemListElement":[{"@type":"ListItem","position":1,"name":"Home","item":"https:\/\/phytoiva.eu\/"},{"@type":"ListItem","position":2,"name":"Terms and Conditions"}]},{"@type":"WebSite","@id":"https:\/\/phytoiva.eu\/#website","url":"https:\/\/phytoiva.eu\/","name":"phytoiva","description":"Pflanzenbasiert | Vegan | Nat\u00fcrlich","publisher":{"@id":"https:\/\/phytoiva.eu\/#organization"},"potentialAction":[{"@type":"SearchAction","target":{"@type":"EntryPoint","urlTemplate":"https:\/\/phytoiva.eu\/?s={search_term_string}"},"query-input":{"@type":"PropertyValueSpecification","valueRequired":true,"valueName":"search_term_string"}}],"inLanguage":"de-DE"},{"@type":"Organization","@id":"https:\/\/phytoiva.eu\/#organization","name":"phytoiva","alternateName":"Vegan, Natural Wellness","url":"https:\/\/phytoiva.eu\/","logo":{"@type":"ImageObject","inLanguage":"de-DE","@id":"https:\/\/phytoiva.eu\/#\/schema\/logo\/image\/","url":"https:\/\/phytoiva.eu\/wp-content\/uploads\/2025\/06\/cropped-Phytoiva-Icon.jpg","contentUrl":"https:\/\/phytoiva.eu\/wp-content\/uploads\/2025\/06\/cropped-Phytoiva-Icon.jpg","width":512,"height":512,"caption":"phytoiva"},"image":{"@id":"https:\/\/phytoiva.eu\/#\/schema\/logo\/image\/"},"description":"Angenehmer Geschmack, hohe Bioverf\u00fcgbarkeit, effektiv, vegan und nat\u00fcrlich, so helfen unsere Nahrungserg\u00e4nzungsmittel Ihnen, Ihr Leben zu ver\u00e4ndern."}]}},"_links":{"self":[{"href":"https:\/\/phytoiva.eu\/de\/wp-json\/wp\/v2\/pages\/1325","targetHints":{"allow":["GET"]}}],"collection":[{"href":"https:\/\/phytoiva.eu\/de\/wp-json\/wp\/v2\/pages"}],"about":[{"href":"https:\/\/phytoiva.eu\/de\/wp-json\/wp\/v2\/types\/page"}],"author":[{"embeddable":true,"href":"https:\/\/phytoiva.eu\/de\/wp-json\/wp\/v2\/users\/1"}],"replies":[{"embeddable":true,"href":"https:\/\/phytoiva.eu\/de\/wp-json\/wp\/v2\/comments?post=1325"}],"version-history":[{"count":11,"href":"https:\/\/phytoiva.eu\/de\/wp-json\/wp\/v2\/pages\/1325\/revisions"}],"predecessor-version":[{"id":2202,"href":"https:\/\/phytoiva.eu\/de\/wp-json\/wp\/v2\/pages\/1325\/revisions\/2202"}],"wp:attachment":[{"href":"https:\/\/phytoiva.eu\/de\/wp-json\/wp\/v2\/media?parent=1325"}],"curies":[{"name":"wp","href":"https:\/\/api.w.org\/{rel}","templated":true}]}}