{"id":10,"date":"2025-06-13T05:38:46","date_gmt":"2025-06-13T05:38:46","guid":{"rendered":"https:\/\/phytoiva.eu\/my-account\/"},"modified":"2025-07-14T06:38:27","modified_gmt":"2025-07-14T06:38:27","slug":"mein-konto","status":"publish","type":"page","link":"https:\/\/phytoiva.eu\/de\/mein-konto\/","title":{"rendered":"Mein Konto"},"content":{"rendered":"<div data-elementor-type=\"wp-page\" data-elementor-id=\"10\" class=\"elementor elementor-10\" data-elementor-post-type=\"page\">\n\t\t\t\t<div class=\"elementor-element elementor-element-27df37d e-flex e-con-boxed e-con e-parent\" data-id=\"27df37d\" data-element_type=\"container\" data-e-type=\"container\">\n\t\t\t\t\t<div class=\"e-con-inner\">\n\t\t\t\t<div class=\"elementor-element elementor-element-476400f elementor-widget elementor-widget-heading\" data-id=\"476400f\" data-element_type=\"widget\" data-e-type=\"widget\" data-widget_type=\"heading.default\">\n\t\t\t\t\t<h1 class=\"elementor-heading-title elementor-size-default\">Mein Konto<\/h1>\t\t\t\t<\/div>\n\t\t\t\t<div class=\"elementor-element elementor-element-d536996 elementor-widget elementor-widget-text-editor\" data-id=\"d536996\" data-element_type=\"widget\" data-e-type=\"widget\" data-widget_type=\"text-editor.default\">\n\t\t\t\t\t\t\t\t\t<p data-start=\"1201\" data-end=\"1352\">Willkommen in Ihrem pers\u00f6nlichen Phytoiva-Konto. In diesem sicheren Bereich k\u00f6nnen Sie alle Ihre Aktivit\u00e4ten auf unserer Website verwalten. Von Ihrem Dashboard aus k\u00f6nnen Sie einfach:<\/p>\t\t\t\t\t\t\t\t<\/div>\n\t\t\t\t<div class=\"elementor-element elementor-element-34f2274 e-my-account-tabs-vertical elementor-widget elementor-widget-woocommerce-my-account\" data-id=\"34f2274\" data-element_type=\"widget\" data-e-type=\"widget\" data-settings=\"{&quot;customize_dashboard_check&quot;:&quot;yes&quot;}\" data-widget_type=\"woocommerce-my-account.default\">\n\t\t\t\t\t<div class=\"e-my-account-tab e-my-account-tab__\">\t\t\t<div class=\"woocommerce\"><\/div>\t\t<\/div>\n\t\t\t\t\t\t<\/div>\n\t\t\t\t<div class=\"elementor-element elementor-element-326611a elementor-widget elementor-widget-text-editor\" data-id=\"326611a\" data-element_type=\"widget\" data-e-type=\"widget\" data-widget_type=\"text-editor.default\">\n\t\t\t\t\t\t\t\t\t<p data-start=\"1545\" data-end=\"1797\">Unser Ziel ist es, Ihnen ein reibungsloses, bequemes und pers\u00f6nliches Erlebnis zu bieten. Indem Sie Ihre Daten auf dem neuesten Stand halten, tragen Sie dazu bei, die Bearbeitung und Lieferung Ihrer Bestellung zu beschleunigen. Wenn Sie Fragen haben, k\u00f6nnen Sie unser <strong data-start=\"1748\" data-end=\"1773\">Kundenbetreuungsteam<\/strong> ist immer f\u00fcr Sie da.<\/p><p data-start=\"1799\" data-end=\"1863\">Vielen Dank f\u00fcr Ihr Vertrauen in Phytoiva - Ihren nat\u00fcrlichen Wellness-Partner.<\/p>\t\t\t\t\t\t\t\t<\/div>\n\t\t\t\t\t<\/div>\n\t\t\t\t<\/div>\n\t\t\t\t<\/div>\n\t\t\n    <div class=\"xs_social_share_widget xs_share_url after_content \t\tmain_content  wslu-style-1 wslu-share-box-shaped wslu-fill-colored wslu-none wslu-share-horizontal wslu-theme-font-no wslu-main_content\">\n\n\t\t\n        <ul>\n\t\t\t        <\/ul>\n    <\/div>","protected":false},"excerpt":{"rendered":"<p>My Account Welcome to your personal Phytoiva account. This secure space allows you to manage all your activities on our site. From your dashboard, you can easily: Dashboard Orders Downloads Addresses Account Details Logout Hello contact@phytoiva.eu (not contact@phytoiva.eu? Log out) From your account dashboard you can view your recent orders, manage your shipping and billing [&hellip;]<\/p>\n","protected":false},"author":1,"featured_media":0,"parent":0,"menu_order":0,"comment_status":"closed","ping_status":"closed","template":"elementor_header_footer","meta":{"_acf_changed":false,"postBodyCss":"","postBodyMargin":[],"postBodyPadding":[],"postBodyBackground":{"backgroundType":"classic","gradient":""},"footnotes":""},"class_list":["post-10","page","type-page","status-publish","hentry"],"acf":[],"yoast_head":"<!-- This site is optimized with the Yoast SEO Premium plugin v25.4 (Yoast SEO v27.3) - https:\/\/yoast.com\/product\/yoast-seo-premium-wordpress\/ -->\n<title>My account | Phytoiva<\/title>\n<meta name=\"robots\" content=\"index, follow, max-snippet:-1, max-image-preview:large, max-video-preview:-1\" \/>\n<link rel=\"canonical\" href=\"https:\/\/phytoiva.eu\/de\/mein-konto\/\" \/>\n<meta property=\"og:locale\" content=\"de_DE\" \/>\n<meta property=\"og:type\" content=\"article\" \/>\n<meta property=\"og:title\" content=\"My account\" \/>\n<meta property=\"og:description\" content=\"My Account Welcome to your personal Phytoiva account. This secure space allows you to manage all your activities on our site. From your dashboard, you can easily: Dashboard Orders Downloads Addresses Account Details Logout Hello contact@phytoiva.eu (not contact@phytoiva.eu? Log out) From your account dashboard you can view your recent orders, manage your shipping and billing [&hellip;]\" \/>\n<meta property=\"og:url\" content=\"https:\/\/phytoiva.eu\/de\/mein-konto\/\" \/>\n<meta property=\"og:site_name\" content=\"Phytoiva\" \/>\n<meta property=\"article:modified_time\" content=\"2025-07-14T06:38:27+00:00\" \/>\n<meta name=\"twitter:card\" content=\"summary_large_image\" \/>\n<meta name=\"twitter:label1\" content=\"Est. reading time\" \/>\n\t<meta name=\"twitter:data1\" content=\"1 minute\" \/>\n<script type=\"application\/ld+json\" class=\"yoast-schema-graph\">{\"@context\":\"https:\\\/\\\/schema.org\",\"@graph\":[{\"@type\":\"WebPage\",\"@id\":\"https:\\\/\\\/phytoiva.eu\\\/en\\\/my-account\\\/\",\"url\":\"https:\\\/\\\/phytoiva.eu\\\/en\\\/my-account\\\/\",\"name\":\"My account | Phytoiva\",\"isPartOf\":{\"@id\":\"https:\\\/\\\/phytoiva.eu\\\/#website\"},\"datePublished\":\"2025-06-13T05:38:46+00:00\",\"dateModified\":\"2025-07-14T06:38:27+00:00\",\"breadcrumb\":{\"@id\":\"https:\\\/\\\/phytoiva.eu\\\/en\\\/my-account\\\/#breadcrumb\"},\"inLanguage\":\"de-DE\",\"potentialAction\":[{\"@type\":\"ReadAction\",\"target\":[\"https:\\\/\\\/phytoiva.eu\\\/en\\\/my-account\\\/\"]}]},{\"@type\":\"BreadcrumbList\",\"@id\":\"https:\\\/\\\/phytoiva.eu\\\/en\\\/my-account\\\/#breadcrumb\",\"itemListElement\":[{\"@type\":\"ListItem\",\"position\":1,\"name\":\"Home\",\"item\":\"https:\\\/\\\/phytoiva.eu\\\/\"},{\"@type\":\"ListItem\",\"position\":2,\"name\":\"My account\"}]},{\"@type\":\"WebSite\",\"@id\":\"https:\\\/\\\/phytoiva.eu\\\/#website\",\"url\":\"https:\\\/\\\/phytoiva.eu\\\/\",\"name\":\"phytoiva\",\"description\":\"Plant Based | Vegan | Natural\",\"publisher\":{\"@id\":\"https:\\\/\\\/phytoiva.eu\\\/#organization\"},\"potentialAction\":[{\"@type\":\"SearchAction\",\"target\":{\"@type\":\"EntryPoint\",\"urlTemplate\":\"https:\\\/\\\/phytoiva.eu\\\/?s={search_term_string}\"},\"query-input\":{\"@type\":\"PropertyValueSpecification\",\"valueRequired\":true,\"valueName\":\"search_term_string\"}}],\"inLanguage\":\"de-DE\"},{\"@type\":\"Organization\",\"@id\":\"https:\\\/\\\/phytoiva.eu\\\/#organization\",\"name\":\"phytoiva\",\"alternateName\":\"Vegan, Natural Wellness\",\"url\":\"https:\\\/\\\/phytoiva.eu\\\/\",\"logo\":{\"@type\":\"ImageObject\",\"inLanguage\":\"de-DE\",\"@id\":\"https:\\\/\\\/phytoiva.eu\\\/#\\\/schema\\\/logo\\\/image\\\/\",\"url\":\"https:\\\/\\\/phytoiva.eu\\\/wp-content\\\/uploads\\\/2025\\\/06\\\/cropped-Phytoiva-Icon.jpg\",\"contentUrl\":\"https:\\\/\\\/phytoiva.eu\\\/wp-content\\\/uploads\\\/2025\\\/06\\\/cropped-Phytoiva-Icon.jpg\",\"width\":512,\"height\":512,\"caption\":\"phytoiva\"},\"image\":{\"@id\":\"https:\\\/\\\/phytoiva.eu\\\/#\\\/schema\\\/logo\\\/image\\\/\"},\"description\":\"Enjoyable taste, high bioavailablilty, effective, vegan & natural, this is how our supplements help you changing your life.\"}]}<\/script>\n<!-- \/ Yoast SEO Premium plugin. -->","yoast_head_json":{"title":"Mein Konto | Phytoiva","robots":{"index":"index","follow":"follow","max-snippet":"max-snippet:-1","max-image-preview":"max-image-preview:large","max-video-preview":"max-video-preview:-1"},"canonical":"https:\/\/phytoiva.eu\/de\/mein-konto\/","og_locale":"de_DE","og_type":"article","og_title":"My account","og_description":"My Account Welcome to your personal Phytoiva account. This secure space allows you to manage all your activities on our site. From your dashboard, you can easily: Dashboard Orders Downloads Addresses Account Details Logout Hello contact@phytoiva.eu (not contact@phytoiva.eu? Log out) From your account dashboard you can view your recent orders, manage your shipping and billing [&hellip;]","og_url":"https:\/\/phytoiva.eu\/de\/mein-konto\/","og_site_name":"Phytoiva","article_modified_time":"2025-07-14T06:38:27+00:00","twitter_card":"summary_large_image","twitter_misc":{"Est. reading time":"1 minute"},"schema":{"@context":"https:\/\/schema.org","@graph":[{"@type":"WebPage","@id":"https:\/\/phytoiva.eu\/en\/my-account\/","url":"https:\/\/phytoiva.eu\/en\/my-account\/","name":"Mein Konto | Phytoiva","isPartOf":{"@id":"https:\/\/phytoiva.eu\/#website"},"datePublished":"2025-06-13T05:38:46+00:00","dateModified":"2025-07-14T06:38:27+00:00","breadcrumb":{"@id":"https:\/\/phytoiva.eu\/en\/my-account\/#breadcrumb"},"inLanguage":"de-DE","potentialAction":[{"@type":"ReadAction","target":["https:\/\/phytoiva.eu\/en\/my-account\/"]}]},{"@type":"BreadcrumbList","@id":"https:\/\/phytoiva.eu\/en\/my-account\/#breadcrumb","itemListElement":[{"@type":"ListItem","position":1,"name":"Home","item":"https:\/\/phytoiva.eu\/"},{"@type":"ListItem","position":2,"name":"My account"}]},{"@type":"WebSite","@id":"https:\/\/phytoiva.eu\/#website","url":"https:\/\/phytoiva.eu\/","name":"phytoiva","description":"Pflanzenbasiert | Vegan | Nat\u00fcrlich","publisher":{"@id":"https:\/\/phytoiva.eu\/#organization"},"potentialAction":[{"@type":"SearchAction","target":{"@type":"EntryPoint","urlTemplate":"https:\/\/phytoiva.eu\/?s={search_term_string}"},"query-input":{"@type":"PropertyValueSpecification","valueRequired":true,"valueName":"search_term_string"}}],"inLanguage":"de-DE"},{"@type":"Organization","@id":"https:\/\/phytoiva.eu\/#organization","name":"phytoiva","alternateName":"Vegan, Natural Wellness","url":"https:\/\/phytoiva.eu\/","logo":{"@type":"ImageObject","inLanguage":"de-DE","@id":"https:\/\/phytoiva.eu\/#\/schema\/logo\/image\/","url":"https:\/\/phytoiva.eu\/wp-content\/uploads\/2025\/06\/cropped-Phytoiva-Icon.jpg","contentUrl":"https:\/\/phytoiva.eu\/wp-content\/uploads\/2025\/06\/cropped-Phytoiva-Icon.jpg","width":512,"height":512,"caption":"phytoiva"},"image":{"@id":"https:\/\/phytoiva.eu\/#\/schema\/logo\/image\/"},"description":"Angenehmer Geschmack, hohe Bioverf\u00fcgbarkeit, effektiv, vegan und nat\u00fcrlich, so helfen unsere Nahrungserg\u00e4nzungsmittel Ihnen, Ihr Leben zu ver\u00e4ndern."}]}},"_links":{"self":[{"href":"https:\/\/phytoiva.eu\/de\/wp-json\/wp\/v2\/pages\/10","targetHints":{"allow":["GET"]}}],"collection":[{"href":"https:\/\/phytoiva.eu\/de\/wp-json\/wp\/v2\/pages"}],"about":[{"href":"https:\/\/phytoiva.eu\/de\/wp-json\/wp\/v2\/types\/page"}],"author":[{"embeddable":true,"href":"https:\/\/phytoiva.eu\/de\/wp-json\/wp\/v2\/users\/1"}],"replies":[{"embeddable":true,"href":"https:\/\/phytoiva.eu\/de\/wp-json\/wp\/v2\/comments?post=10"}],"version-history":[{"count":9,"href":"https:\/\/phytoiva.eu\/de\/wp-json\/wp\/v2\/pages\/10\/revisions"}],"predecessor-version":[{"id":1668,"href":"https:\/\/phytoiva.eu\/de\/wp-json\/wp\/v2\/pages\/10\/revisions\/1668"}],"wp:attachment":[{"href":"https:\/\/phytoiva.eu\/de\/wp-json\/wp\/v2\/media?parent=10"}],"curies":[{"name":"wp","href":"https:\/\/api.w.org\/{rel}","templated":true}]}}